{"id":567,"date":"2007-02-05T00:00:00","date_gmt":"2007-02-04T23:00:00","guid":{"rendered":"http:\/\/www.grappa.no\/albums\/uncategorized\/blue-rain-live\/"},"modified":"2018-01-23T10:32:35","modified_gmt":"2018-01-23T09:32:35","slug":"blue-rain-live","status":"publish","type":"product","link":"https:\/\/grappa.no\/no\/albums\/blue-mood-records\/blue-rain-live\/","title":{"rendered":"BLUE RAIN: LIVE"},"content":{"rendered":"<p><\/p>\n<p>Eric Andersens f\u00f8rste liveinnspilling!<\/p>\n<p>Dette er utrolig nok Eric Andersens f\u00f8rste liveplate noensinne! Plassert i skj\u00e6ringspunktet mellom folk, rock og blues fremf\u00f8rer den legendariske artisten her noen av sine aller beste l\u00e5ter, hentet fra en lang og innholdsrik karriere. P\u00e5 1960-tallet bodde Andersen i Greenwich Village, New York. Der fikk han oppleve legendariske bluesmusikere som Son House og Albert King opptre live. Blue Rain: Live er en hyllest og takk til disse artistene som ble avgj\u00f8rende for Andersens musikalske utvikling og eventyrlige karriere. Konserten fant sted og ble spilt inn p\u00e5 John Dee i Oslo, juni 2006. Med p\u00e5 laget hadde Andersen en rekke anerkjente musikere, blant dem deler av det norske bandet Spoonful of Blues. Dessuten bidrar gitarvirtuos Vidar Busk p\u00e5 Charles E. Calhouns intense og dirrende l\u00e5t \u201dLosing Hand\u201d.<\/p>\n<p><!--more--><\/p>\n<p>Livet begynner ved seksti. Eller der omkring.<\/p>\n<h4>Singer\/songwriter Eric Andersen<\/h4>\n<p>Dersom en s\u00f8ker fakta om Eric Andersen i ulike oppslagsverk vil Andersen i de fleste tilfeller fremstilles som en briljant og lysende representant for sekstitallsgenerasjonen av singer\/songwriters. Selvsagt ikke helt uten grunn. Noen konkluderer s\u00e5gar med at Andersen er selve personifiseringen av det samme begrepet. Eric Andersen var ogs\u00e5 aktuell med Danko, Fjeld, Andersen p\u00e5 1990-tallet, med kritikerroste og Spellemannaktuelle utgivelser.<\/p>\n<h4>F\u00f8rste liveinnspilling<\/h4>\n<p>Neste planlagte utgivelse Blue Rain kommer p\u00e5 Blue Mood Records i februar 2007 og er en ren liveinnspilling \u2013 faktisk Andersens f\u00f8rste noensinne! Konserten fant sted p\u00e5 Osloklubben John Dee, i juni 2006, med deler av det anerkjente norske bandet Spoonful of Blues i ryggen. Gitarvirtuosen Vidar Busk bidrar ogs\u00e5 p\u00e5 et kutt.<\/p>\n<h4><\/h4>\n<\/p>\n<p><\/p>","protected":false},"excerpt":{"rendered":"<p>\u2013 Her er live-skiva du ikke burde g\u00e5 glipp av. [Arild R\u00f8nsen \/ puls.no]<\/p>\n","protected":false},"featured_media":26874,"comment_status":"closed","ping_status":"open","template":"","meta":[],"product_brand":[],"product_cat":[51],"product_tag":[],"class_list":{"0":"post-567","1":"product","2":"type-product","3":"status-publish","4":"has-post-thumbnail","6":"product_cat-blue-mood-records","7":"product_shipping_class-cddvd-shipping","8":"uni_artist_tag-charles-e-calhoun","9":"uni_artist_tag-eric-andersen","10":"uni_artist_tag-eric-malling","11":"uni_artist_tag-eskil-aasland","12":"uni_artist_tag-fred-neill","13":"uni_artist_tag-jens-haugland","14":"uni_artist_tag-jimmy-reed","15":"uni_artist_tag-lisa-stewart","16":"uni_artist_tag-lou-reed","17":"uni_artist_tag-morten-omlid","18":"uni_artist_tag-vidar-busk","19":"uni_main_artist_tag-eric-andersen","20":"uni_artist_genre-blues","21":"uni_artist_genre-rock","23":"first","24":"outofstock","25":"taxable","26":"shipping-taxable","27":"product-type-simple"},"_links":{"self":[{"href":"https:\/\/grappa.no\/no\/wp-json\/wp\/v2\/product\/567","targetHints":{"allow":["GET"]}}],"collection":[{"href":"https:\/\/grappa.no\/no\/wp-json\/wp\/v2\/product"}],"about":[{"href":"https:\/\/grappa.no\/no\/wp-json\/wp\/v2\/types\/product"}],"replies":[{"embeddable":true,"href":"https:\/\/grappa.no\/no\/wp-json\/wp\/v2\/comments?post=567"}],"wp:featuredmedia":[{"embeddable":true,"href":"https:\/\/grappa.no\/no\/wp-json\/wp\/v2\/media\/26874"}],"wp:attachment":[{"href":"https:\/\/grappa.no\/no\/wp-json\/wp\/v2\/media?parent=567"}],"wp:term":[{"taxonomy":"product_brand","embeddable":true,"href":"https:\/\/grappa.no\/no\/wp-json\/wp\/v2\/product_brand?post=567"},{"taxonomy":"product_cat","embeddable":true,"href":"https:\/\/grappa.no\/no\/wp-json\/wp\/v2\/product_cat?post=567"},{"taxonomy":"product_tag","embeddable":true,"href":"https:\/\/grappa.no\/no\/wp-json\/wp\/v2\/product_tag?post=567"}],"curies":[{"name":"wp","href":"https:\/\/api.w.org\/{rel}","templated":true}]}}