{"id":566,"date":"2007-01-22T00:00:00","date_gmt":"2007-01-21T23:00:00","guid":{"rendered":"http:\/\/www.grappa.no\/albums\/uncategorized\/im-the-antipop\/"},"modified":"2016-12-15T10:18:08","modified_gmt":"2016-12-15T09:18:08","slug":"im-the-antipop","status":"publish","type":"product","link":"https:\/\/grappa.no\/no\/albums\/blue-mood-records\/im-the-antipop\/","title":{"rendered":"I&#8217;M THE ANTIPOP"},"content":{"rendered":"<p><\/p>\n<p>Bj\u00f8rn Berges favoritter<\/p>\n<p>I\u00b4m the Antipop er Bj\u00f8rn Berges \u00e5ttende album og bobler av den egenartede energien som har kjennetegnet hele hans karriere. Med musikalsk dyktighet og s\u00e6regen spillestil setter Berge sitt eget preg p\u00e5 disse coverl\u00e5tene og tilf\u00f8rer dem nye uttrykk. I\u00b4m the Antipop er Bj\u00f8rn Berges egne versjoner av sine rockefavoritter, spilt p\u00e5 sedvanlig Berge-vis, med fullt tr\u00f8kk og seg selv som backing-band. Coverl\u00e5tene er alle favoritter plukket ut av Berge selv. Her finner vi blant annet \u201dTestify\u201d av Rage Against The Machine, \u201dHeartbreaker\u201d av Led Zeppelin, \u201dSuck My Kiss\u201d av Red Hot Chili Peppers, \u201dBuena\u201d av Morphine, og \u201dN.I.B.\u201d av Black Sabbath. I\u2019m the Antipop er en akustisk plate som understreker den kombinasjonen av r\u00e5 kraft og fintf\u00f8lende teknikk som kjennetegner Berge som artist. De siste \u00e5rene har Berge fokusert p\u00e5 Europa og suser opp som en stor klubb- og festivalfavortitt, samtidig som han siste album har f\u00e5tt str\u00e5lende mottagelser og oppn\u00e5dd gode salgstall.<\/p>\n<p><!--more--><\/p>\n<p>Bj\u00f8rn Berge fremf\u00f8rer favoritter fra rockens verden.<\/p>\n<h4>Artist i verdensklasse<\/h4>\n<p>Som vanlig leverer Berge varene med akkurat s\u00e5 mye patos og ekvilibristiske krumspring som det er langt mellom, uansett verdensdel. Ironisk nok har det siden Berges gjennombruddsalbum p\u00e5 Blue Mood\/Warner-Rolling Gambler blitt s\u00e5 allment akseptert at mannen er et fyrverkeri av en artist og et mirakel av en gitarist, at man har en tendens til \u00e5 ta litt lett p\u00e5 hans bravader. Berges to Spellemanns-priser har nok litt av skylda for det, samtidig som 100 spillejobber i \u00e5ret gjennom 10 \u00e5r nok har d\u00f8yvet det verste sjokket for oss her hjemme &#8211; selv om vi vet det godt alle sammen, at Bj\u00f8rn Berge er en artist i verdensklasse.<\/p>\n<h4>Berges Europa-tokt<\/h4>\n<p>Endelig ser det ut til at resten av verden er i ferd med \u00e5 se det samme, og det hersker tilstander rundt om i Europa som er minst like ville som da Berge veltet over Norge i 1998, 1999, 2000, 2001, ogs\u00e5 videre. Status per i dag er at Berge har store festivaljobber i Frankrike, Italia, Tyskland, Danmark osv, med Roskilde og Arezzo Wave Love Festival i Italia foran 25 000 tilskuere som noen av h\u00f8ydepunktene. Et utall tv og radiojobber, helsides oppslag i riksdekkende aviser rundt i Europa, fanklubber og omreisende gitarfriker er en del av hverdagen for Berge p\u00e5 hans Europa-tokt, som i fjor bestod av over 90 spillejobber p\u00e5 Europas viktigste rockeklubber og festivaler.<\/p>\n<h4>Suksess p\u00e5 egenh\u00e5nd<\/h4>\n<p>Her til lands har vi en s\u00e5pass optimistisk og st\u00f8ttende innstilling til nordmenn som bor i bandbuss langs reperbahn og spiller for pils p\u00e5 slitne rockeklubber at vi sender NRK og riksaviser med p\u00e5 lasset for \u00e5 f\u00f8lge med. Det er snart p\u00e5 tide at noen heiser blikket litt, og f\u00e5r med seg at Bj\u00f8rn Berge faktisk aldri har trengt det.<\/p>\n<p><\/p>","protected":false},"excerpt":{"rendered":"<p>\u2013 Mannen er en sjanger i seg selv. [5\/6 Halvor Titlestad \/ Sarpsborg Arbeiderblad]<\/p>\n","protected":false},"featured_media":26873,"comment_status":"closed","ping_status":"open","template":"","meta":[],"product_brand":[],"product_cat":[51],"product_tag":[],"class_list":{"0":"post-566","1":"product","2":"type-product","3":"status-publish","4":"has-post-thumbnail","6":"product_cat-blue-mood-records","7":"product_shipping_class-cddvd-shipping","8":"uni_artist_tag-anthony-kiedis","9":"uni_artist_tag-bill-ward","10":"uni_artist_tag-bjorn-berge","11":"uni_artist_tag-brad-wilk","12":"uni_artist_tag-chad-smith","13":"uni_artist_tag-chris-cornell","14":"uni_artist_tag-dennis-walker","15":"uni_artist_tag-geezer-butler","16":"uni_artist_tag-harald-levang","17":"uni_artist_tag-jay-lane","18":"uni_artist_tag-jimmy-page","19":"uni_artist_tag-john-bonham","20":"uni_artist_tag-john-campbell","21":"uni_artist_tag-john-frusciante","22":"uni_artist_tag-john-paul-jones","23":"uni_artist_tag-kjetil-ulland","24":"uni_artist_tag-larry-lalonde","25":"uni_artist_tag-les-claypool","26":"uni_artist_tag-mark-sandman","27":"uni_artist_tag-michael-p-flea-balzary","28":"uni_artist_tag-ozzy-osbourne","29":"uni_artist_tag-paul-siebel","30":"uni_artist_tag-robert-plant","31":"uni_artist_tag-tim-commerford","32":"uni_artist_tag-tom-morello","33":"uni_artist_tag-tony-iommi","34":"uni_artist_tag-zach-de-la-rocha","35":"uni_main_artist_tag-bjorn-berge","36":"uni_artist_genre-blues","37":"uni_artist_genre-rock","39":"first","40":"instock","41":"taxable","42":"shipping-taxable","43":"purchasable","44":"product-type-simple"},"_links":{"self":[{"href":"https:\/\/grappa.no\/no\/wp-json\/wp\/v2\/product\/566","targetHints":{"allow":["GET"]}}],"collection":[{"href":"https:\/\/grappa.no\/no\/wp-json\/wp\/v2\/product"}],"about":[{"href":"https:\/\/grappa.no\/no\/wp-json\/wp\/v2\/types\/product"}],"replies":[{"embeddable":true,"href":"https:\/\/grappa.no\/no\/wp-json\/wp\/v2\/comments?post=566"}],"wp:featuredmedia":[{"embeddable":true,"href":"https:\/\/grappa.no\/no\/wp-json\/wp\/v2\/media\/26873"}],"wp:attachment":[{"href":"https:\/\/grappa.no\/no\/wp-json\/wp\/v2\/media?parent=566"}],"wp:term":[{"taxonomy":"product_brand","embeddable":true,"href":"https:\/\/grappa.no\/no\/wp-json\/wp\/v2\/product_brand?post=566"},{"taxonomy":"product_cat","embeddable":true,"href":"https:\/\/grappa.no\/no\/wp-json\/wp\/v2\/product_cat?post=566"},{"taxonomy":"product_tag","embeddable":true,"href":"https:\/\/grappa.no\/no\/wp-json\/wp\/v2\/product_tag?post=566"}],"curies":[{"name":"wp","href":"https:\/\/api.w.org\/{rel}","templated":true}]}}