{"id":564,"date":"2006-11-20T00:00:00","date_gmt":"2006-11-19T23:00:00","guid":{"rendered":"http:\/\/www.grappa.no\/albums\/uncategorized\/aria\/"},"modified":"2016-11-18T16:21:56","modified_gmt":"2016-11-18T15:21:56","slug":"aria","status":"publish","type":"product","link":"https:\/\/grappa.no\/no\/albums\/grappa\/aria\/","title":{"rendered":"Aria"},"content":{"rendered":"<p><\/p>\n<p>Arve Tellefsen og Nidarosdomens Guttekor i skj\u00f8nn forening<\/p>\n<p>Arve Tellefsens forf\u00f8rende fiolinspill og guttekorets prestasjoner, under st\u00f8 ledelse av dirigent Bj\u00f8rn Moe, er himmelsk \u00e5 h\u00f8re p\u00e5. I tillegg bidrar musikere fra Trondheim Symfoniorkester til en vital og harmoniske utgivelse. Repertoaret p\u00e5 Aria varierer fra det hellige til det verdslige, fra opera til musikaler og fra julesanger til folketoner. Her finnes etablerte verker som Schuberts \u201dAve Maria\u201d, folkelige klassikere som \u201dGreensleeves\u201d og skandinavisk kirkemusikk. Utgivelsen avslutter sterkt med Rodgers og Hammersteins \u201dYou\u2019ll Never Walk Alone\u201d, hentet fra musikalen Carousel, men kanskje best kjent som fotballklubben Liverpools supporterhymne. Aria ka nok sees som en juleplate, selv om bare to av sangene er julesanger. Utgivelsen overg\u00e5r forventningene som ofte er knyttet til julemusikk-sjangeren, selv om man her finner den ettertanken og roen om h\u00f8rer julen til.<\/p>\n<p><!--more--><\/p>\n<p>Arve Tellefsen og Nidarosdomens Guttekor i skj\u00f8nn forening p\u00e5 utgivelsen Aria.<\/p>\n<h4>Spennende repertoar<\/h4>\n<p>Den musikalske reisen p\u00e5 Aria starter med Schuberts \u201cAve Maria\u201d, sunget av Nidarosdomens Guttekor, etterfulgt av \u201dLascia Ch\u2019io Pianga\u201d fra H\u00e4ndel\u2019s Rinaldo. Vi beveger oss innom skandinavisk kirkemusikk, representert ved \u201cN\u00e5 gjester himlen jorden\u201d av Carl-Andreas N\u00e6ss og \u201cEt lite barn av Davids hus\u201d av Egil Hovland, og videre mot etablerte perler som \u201dIntermezzo\u201d fra Cavalleria Rusticana og \u201dLacrimosa\u201d fra Mozarts Requiem. Arve Tellefsen serverer ogs\u00e5 delikate versjoner av folkelige klassikere som \u201dGreensleeves\u201d og \u201cEl Cant dels Ocells (Folklore Catalan)\u201d. Melodier knyttet til juleh\u00f8ytiden er det ogs\u00e5 funnet plass til: \u201cN\u00e4r juldagsmorgon glimmar\u201c og \u201cJulefl\u00f8yten\u201c. Reisen rundes av med en vakker versjon av popul\u00e6re  \u201cWiegenlied\u201d av Brahms, og den gripende \u201cYou\u2019ll Never Walk Alone\u201d skrevet av Rodgers og Hammerstein, hentet fra musikalen Carousel.<\/p>\n<h4>Nidarosdomens Guttekor<\/h4>\n<p>Nidarosdomens Guttekor, med base i Trondheim, er et av Europas ypperste guttekor. Bj\u00f8rn Moe har dirigert koret siden 1973. Koret videref\u00f8rer en nesten 900 \u00e5r gammel tradisjon og har et bredt repertoar som omfatter musikk helt fra middelalderen og frem til i dag. Dette er deres tredje plateutgivelse sammen med Arve Tellefsen. Aria understreker det vellykkede samarbeidet, og musikken avsl\u00f8rer ut\u00f8vernes h\u00f8ye musikalske niv\u00e5.<\/p>\n<h4>Arve Tellefsen<\/h4>\n<p>Arve Tellefsen, f\u00f8dt i Trondheim, har i over 50 \u00e5r beriket norsk- og utenlandsk musikkliv med teknisk briljans, en unik og varm tone og lidenskapelig intensitet. Han har mottatt en rekke priser, og har turnert verden over med internasjonale ledende orkestre og dirigenter. En rekke prosjekter og plateutgivelser har solgt til gull og platina. Arve Tellefsen har gjort en solid innsats for nyere norsk musikk med en rekke f\u00f8rstegangsoppf\u00f8relser, og han er ogs\u00e5 godt kjent for sitt arbeid med \u00e5 vise betydningen av arven etter Ole Bull, blant annet med sin CD-utgivelse Ole Bull \u2013 en norsk pion\u00e9r. Solister og musikere fra Trondheim Symfoniorkester deltar ogs\u00e5 Aria.<\/p>\n<p><\/p>","protected":false},"excerpt":{"rendered":"<p>\u2013 Klassisk godlyd fra Arve Tellefsen og Nidarosdomens Guttekor. [Varden]<\/p>\n","protected":false},"featured_media":27006,"comment_status":"closed","ping_status":"open","template":"","meta":[],"product_brand":[],"product_cat":[6],"product_tag":[],"class_list":{"0":"post-564","1":"product","2":"type-product","3":"status-publish","4":"has-post-thumbnail","6":"product_cat-grappa","7":"product_shipping_class-cddvd-shipping","8":"uni_artist_tag-adrian-skaar-hestnes","9":"uni_artist_tag-arnulf-johansen","10":"uni_artist_tag-arve-tellefsen","11":"uni_artist_tag-bjorn-moe","12":"uni_artist_tag-carl-andreas-naess","13":"uni_artist_tag-charles-h-h-parry","14":"uni_artist_tag-dag-rune-lovberg","15":"uni_artist_tag-egil-hovland","16":"uni_artist_tag-franz-schubert","17":"uni_artist_tag-frode-hoff","18":"uni_artist_tag-georg-friedrich-handel","19":"uni_artist_tag-johannes-brahms","20":"uni_artist_tag-johannes-wik","21":"uni_artist_tag-john-rutter","22":"uni_artist_tag-kari-frisvold","23":"uni_artist_tag-kjetil-bjerkestrand","24":"uni_artist_tag-knut-anders-vestad","25":"uni_artist_tag-knut-nystedt","26":"uni_artist_tag-per-fridtjov-bonsaksen","27":"uni_artist_tag-pietro-mascagni","28":"uni_artist_tag-ralph-vaughan-williams","29":"uni_artist_tag-richard-rodgers","30":"uni_artist_tag-the-nidaros-catherdral-boys-choir","31":"uni_artist_tag-tom-garretson","32":"uni_artist_tag-tore-vidar-odnes","33":"uni_artist_tag-trad","34":"uni_artist_tag-trondheim-symphony-orchestra","35":"uni_artist_tag-william-kristoffersen","36":"uni_artist_tag-wolfgang-amadeus-mozart","37":"uni_main_artist_tag-arve-tellefsen","38":"uni_artist_genre-art-music","39":"uni_artist_genre-christmas-music","40":"uni_artist_genre-classical","42":"first","43":"instock","44":"taxable","45":"shipping-taxable","46":"purchasable","47":"product-type-simple"},"_links":{"self":[{"href":"https:\/\/grappa.no\/no\/wp-json\/wp\/v2\/product\/564","targetHints":{"allow":["GET"]}}],"collection":[{"href":"https:\/\/grappa.no\/no\/wp-json\/wp\/v2\/product"}],"about":[{"href":"https:\/\/grappa.no\/no\/wp-json\/wp\/v2\/types\/product"}],"replies":[{"embeddable":true,"href":"https:\/\/grappa.no\/no\/wp-json\/wp\/v2\/comments?post=564"}],"wp:featuredmedia":[{"embeddable":true,"href":"https:\/\/grappa.no\/no\/wp-json\/wp\/v2\/media\/27006"}],"wp:attachment":[{"href":"https:\/\/grappa.no\/no\/wp-json\/wp\/v2\/media?parent=564"}],"wp:term":[{"taxonomy":"product_brand","embeddable":true,"href":"https:\/\/grappa.no\/no\/wp-json\/wp\/v2\/product_brand?post=564"},{"taxonomy":"product_cat","embeddable":true,"href":"https:\/\/grappa.no\/no\/wp-json\/wp\/v2\/product_cat?post=564"},{"taxonomy":"product_tag","embeddable":true,"href":"https:\/\/grappa.no\/no\/wp-json\/wp\/v2\/product_tag?post=564"}],"curies":[{"name":"wp","href":"https:\/\/api.w.org\/{rel}","templated":true}]}}