{"id":562,"date":"2006-08-14T00:00:00","date_gmt":"2006-08-13T23:00:00","guid":{"rendered":"http:\/\/www.grappa.no\/albums\/uncategorized\/together-again\/"},"modified":"2016-11-18T16:21:55","modified_gmt":"2016-11-18T15:21:55","slug":"together-again","status":"publish","type":"product","link":"https:\/\/grappa.no\/no\/albums\/grappa\/together-again\/","title":{"rendered":"TOGETHER AGAIN"},"content":{"rendered":"<p><\/p>\n<p>Krog og Kuhn sammen igjen<\/p>\n<p>Karin Krog m\u00f8tte den amerikanske pianisten Steve Kuhn for f\u00f8rste gang p\u00e5 slutten av 1960-tallet. Det musikalske samarbeidet kom i gang noen \u00e5r senere og resulterte i innspillingen We Could be Flying fra 1974. I 2003 kom deres andre utgivelse Where You At? Over 30 \u00e5r etter deres f\u00f8rste innspilling, kommer deres tredje utgivelse: Together Again. B\u00e5de Krog og Kuhn har lang fartstid som musikere og de etablerte artistene oser profesjonaliet og kvalitet, men uten at dette st\u00e5r i veien for en leken og nysgjerrig tiln\u00e6rming til l\u00e5tutvalget. Sammen har Krog og Kuhn satt sammen et repertoar av nydelige og til dels overraskende l\u00e5ter som Ray Charles\u00b4 \u201dDon\u2019t Let the Sun Catch You Crying\u201d, Bert Bacharachs \u201cAlfie\u201d og Big Joe Turners \u201cWee Baby Blues\u201d, alle i nydelige og fantasifulle arrangementer. Krogs stemme dialogiserer p\u00e5 en betagende m\u00e5te med Kuhns lyriske pianotoner og samspillet dem imellom gj\u00f8r Together Again til et fengslende, stemningsfullt og ettertenksomt album.<\/p>\n<p><!--more--><\/p>\n<p>Vakker musikk: Krog og Kuhn sammen igjen<\/p>\n<h4>Karin Krog<\/h4>\n<p>F\u00f8rstedamen i norsk jazz kan skrive intet mindre enn snart 50 album i eget navn, og har v\u00e6rt medmusiker p\u00e5 over 30. De f\u00f8rste single-platene kom i 1963, og i 1964 spilte Karin Krog inn sin egen LP; By Myself. Karin Krog nyter stor internasjonal anseelse, og har jobbet med navn som Dexter Gordon, Don Ellis, John Surman, Archie Shepp, Palle Mikkelborg, Matthew Herbert \u2013 og norske Arild Andersen, Bjarne Nerem, Jacob Young, Egil Kapstad og Jon Christensen \u2013 for \u00e5 nevne noen. Karin er gjennom en enest\u00e5ende, 50 \u00e5r lang karriere, blitt st\u00e5ende som en sv\u00e6rt viktig innovat\u00f8r og ambassad\u00f8r for jazzmusikken, b\u00e5de nasjonalt og internasjonalt.<\/p>\n<h4>Steve Kuhn<\/h4>\n<p>Steve Kuhn, f\u00f8dt i Brooklyn, ble tidlig fascinert av jazz, og i begynnelsen av ten\u00e5rene gikk han i l\u00e6re hos legendariske Margaret Chaloff. Hennes s\u00f8nn, den ber\u00f8mte barytonsaxofonisten Serge Chaloff, tok inn Steve i gruppen sin allerede da han var 13 \u00e5r gammel. I \u00e5rene som fulgte fortsatte Steve Kuhn \u00e5 spille p\u00e5 jazzklubbene i Boston, gjerne sammen med ber\u00f8mtheter som Coleman Hawkins, Chet Baker og Vic Dickenson. Da han var uteksaminert fra Harvard College, fikk han som f\u00f8rste pianist tilbud om \u00e5 bli med i John Coltranes nylig sammensatte kvartett. Deretter ble Steve Kuhn med i Stan Getzs band, og videre begynte han snart \u00e5 forme egen trio, samt innlede sitt lange samarbeid med prestisjefylte ECM. Gjennom hele 80- og 90-tallet spilte Steve Kuhn inn plater (hos blant andre nevnte ECM, Venus, Reservoir og Sunnyside), og turnerte verden over med Steve Kuhn Trio og mange andre av verdens store profiler innen jazzmusikken.<\/p>\n<h4>Together Again<\/h4>\n<p>I oktober 2005 gjestet Karin Krog og Steve Kuhn Rainbow Studio i Oslo, og resultatet ble Together Again. Det er som et eventyr n\u00e5r disse to jazzgigantene nok en gang m\u00f8tes og avleverer vakker musikk. To solide musikalske uttrykk smelter sammen til et sky-lett og fengslende bilde, med et anstr\u00f8k av historiske overtoner. Det virker helt naturlig at Karin Krog, sammen med Steve Kuhn Trio og legendariske Toots Thielemans, inntar scenen i Oslo Konserthus under \u00e5pningskonserten for \u00e5rets Oslo Jazzfestival, som ogs\u00e5 feirer 20 \u00e5rs-jubileum.<\/p>\n<p><\/p>","protected":false},"excerpt":{"rendered":"<p>\u2013 Hun er og blir Karin Krog, og takk for det. [Terje Mosnes \/ Dagbladet]<\/p>\n","protected":false},"featured_media":27002,"comment_status":"closed","ping_status":"open","template":"","meta":[],"product_brand":[],"product_cat":[6],"product_tag":[],"class_list":{"0":"post-562","1":"product","2":"type-product","3":"status-publish","4":"has-post-thumbnail","6":"product_cat-grappa","7":"product_shipping_class-cddvd-shipping","8":"uni_artist_tag-adolphe-green","9":"uni_artist_tag-betty-comden","10":"uni_artist_tag-burt-bacharach","11":"uni_artist_tag-caesar-petrillo","12":"uni_artist_tag-carl-fischer","13":"uni_artist_tag-frankie-laine","14":"uni_artist_tag-hal-david","15":"uni_artist_tag-jan-erik-kongshaug","16":"uni_artist_tag-jerome-moross","17":"uni_artist_tag-jimmy-van-heusen","18":"uni_artist_tag-joe-greene","19":"uni_artist_tag-joe-turner","20":"uni_artist_tag-john-latouche","21":"uni_artist_tag-johnny-mercer","22":"uni_artist_tag-jule-styne","23":"uni_artist_tag-karin-krog","24":"uni_artist_tag-mack-gordon","25":"uni_artist_tag-milton-samuels","26":"uni_artist_tag-nelson-shawn","27":"uni_artist_tag-pete-johnsen","28":"uni_artist_tag-steve-kuhn","29":"uni_artist_tag-vincent-youmans","30":"uni_main_artist_tag-karin-krog","31":"uni_artist_genre-jazz","33":"first","34":"instock","35":"taxable","36":"shipping-taxable","37":"purchasable","38":"product-type-simple"},"_links":{"self":[{"href":"https:\/\/grappa.no\/no\/wp-json\/wp\/v2\/product\/562","targetHints":{"allow":["GET"]}}],"collection":[{"href":"https:\/\/grappa.no\/no\/wp-json\/wp\/v2\/product"}],"about":[{"href":"https:\/\/grappa.no\/no\/wp-json\/wp\/v2\/types\/product"}],"replies":[{"embeddable":true,"href":"https:\/\/grappa.no\/no\/wp-json\/wp\/v2\/comments?post=562"}],"wp:featuredmedia":[{"embeddable":true,"href":"https:\/\/grappa.no\/no\/wp-json\/wp\/v2\/media\/27002"}],"wp:attachment":[{"href":"https:\/\/grappa.no\/no\/wp-json\/wp\/v2\/media?parent=562"}],"wp:term":[{"taxonomy":"product_brand","embeddable":true,"href":"https:\/\/grappa.no\/no\/wp-json\/wp\/v2\/product_brand?post=562"},{"taxonomy":"product_cat","embeddable":true,"href":"https:\/\/grappa.no\/no\/wp-json\/wp\/v2\/product_cat?post=562"},{"taxonomy":"product_tag","embeddable":true,"href":"https:\/\/grappa.no\/no\/wp-json\/wp\/v2\/product_tag?post=562"}],"curies":[{"name":"wp","href":"https:\/\/api.w.org\/{rel}","templated":true}]}}