{"id":558,"date":"2005-06-06T00:00:00","date_gmt":"2005-06-05T23:00:00","guid":{"rendered":"http:\/\/www.grappa.no\/albums\/uncategorized\/3030-2-cd\/"},"modified":"2016-11-18T16:21:53","modified_gmt":"2016-11-18T15:21:53","slug":"3030-2-cd","status":"publish","type":"product","link":"https:\/\/grappa.no\/no\/albums\/grappa\/3030-2-cd\/","title":{"rendered":"30\/30 [2 CD]"},"content":{"rendered":"<p><\/p>\n<p>De f\u00f8rste 30 \u00e5r!<\/p>\n<p>30\/30 er en verdig oppsummering av de f\u00f8rste 30 \u00e5rene i Jan Eggums lange karriere. Her er samlet 30 sanger fra 30 \u00e5r, komponert eller spilt inn i hvert av \u00e5rene siden debuten som soloartist i 1975 frem til 2005. Platen vitner om Eggums unike bidrag til norsk musikk og ikke minst den allsidigheten som preger produksjonen hans. Her f\u00e5r vi oppleve hans alvor, hans lekenhet og humor, hans mesterlige ordkunst, hans samfunnskritiske blikk, hans innsiktsfulle \u00e6rlighet og hans skarpe observasjonsevne. Platen best\u00e5r av en rekke h\u00e5ndplukkede klassikere. Det hele begynner med \u201dDe skulle begrave en konge stor\u201d fra 1975 og avsluttes med \u201dDet f\u00f8les bra\u201d fra 2005. I mellom finnes velkjente perler som \u201dDu kjenner ikkje meg\u201d, \u201dRyktet forteller\u201d, \u201dP\u00e5 \u00b4an igjen\u201d, \u201dMor, jeg vil tilbake\u201d og \u201dS\u00e5 mange kvinner\u201d. I tillegg er flere ikke tidligere utgitte sanger og liveopptak inkludert.<\/p>\n<p><!--more--><\/p>\n<p>30\/30 \u2013 Jan Eggum markerer sine f\u00f8rste 30 \u00e5r som plateartist.<\/p>\n<h4>Underveis<\/h4>\n<p>Det er ofte sagt (blant annet av Eggum selv) at veien til m\u00e5let er langt viktigere enn m\u00e5let selv. I s\u00e5 m\u00e5te har Eggum gjort det til sin leveregel \u00e5 v\u00e6re konstant underveis. Han er den rastl\u00f8se vandreren med sig\u00f8ynerblod i \u00e5rene, og en dyp respekt for kunsten. Det er som han ikke \u00f8nsker \u00e5 komme frem til m\u00e5let. Han nyter f\u00f8lelsen av \u00e5 hele tiden v\u00e6re underveis mot ukjent sted. Det er nettopp denne trangen til \u00e5 v\u00e6re underveis som gj\u00f8r at Eggum alltid har klart \u00e5 gi av sitt beste, og v\u00e6re s\u00e5 uforskammet produktiv.<\/p>\n<h4>30 \u00e5r, 30 spor<\/h4>\n<p>Jan Eggum feirer sine f\u00f8rste 30 \u00e5r som plateartist med nettopp 30 sanger fra 30 \u00e5r \u2013 en fra hvert \u00e5r.Noen spilt inn i det aktuelle \u00e5ret og noen komponert. Her en en flunkende ny versjon av \u201dEt kort sekund\u201d som ble skrevet i 2000, innspilt p\u00e5 Rockefeller live i april 2005. Likes\u00e5 fersk er samlingens siste sang \u201dDet f\u00f8les bra\u201d \u2013 skrevet i 1994 og innspilt i mai 2005. Dette er selvsagt bare for en forrett \u00e5 regne. Hovedretten best\u00e5r av 300 sanger. Og flere kommer det. Jan Eggum er underveis.<\/p>\n<h4><\/h4>\n<\/p>\n<p><\/p>","protected":false},"excerpt":{"rendered":"<p>\u2013 Alles bergenser! [Aftenposten]<\/p>\n","protected":false},"featured_media":27000,"comment_status":"closed","ping_status":"open","template":"","meta":[],"product_brand":[],"product_cat":[6],"product_tag":[],"class_list":{"0":"post-558","1":"product","2":"type-product","3":"status-publish","4":"has-post-thumbnail","6":"product_cat-grappa","7":"product_shipping_class-cddvd-shipping","8":"uni_artist_tag-alf-emil-eik","9":"uni_artist_tag-anders-engen","10":"uni_artist_tag-arne-moe-vindedal","11":"uni_artist_tag-arne-monn-iversen","12":"uni_artist_tag-asmund-reistad","13":"uni_artist_tag-audun-erlien","14":"uni_artist_tag-audun-kleive","15":"uni_artist_tag-beate-kvalsvik","16":"uni_artist_tag-bendik-hofseth","17":"uni_artist_tag-bengt-hallberg","18":"uni_artist_tag-bergen-string-quartet","19":"uni_artist_tag-bergmund-w-skaslien","20":"uni_artist_tag-bjorn-holum","21":"uni_artist_tag-bjorn-kjellemyr","22":"uni_artist_tag-bo-ericsson","23":"uni_artist_tag-bugge-wesseltoft","24":"uni_artist_tag-cikada","25":"uni_artist_tag-cutting-edge","26":"uni_artist_tag-dora-bjorgvinsdottir","27":"uni_artist_tag-edvard-askeland","28":"uni_artist_tag-egil-johansen","29":"uni_artist_tag-eivind-aarset","30":"uni_artist_tag-eivind-vatsaas","31":"uni_artist_tag-ephemera","32":"uni_artist_tag-erik-hillestad","33":"uni_artist_tag-erling-lund","34":"uni_artist_tag-frank-hammersland","35":"uni_artist_tag-frank-jacobsen","36":"uni_artist_tag-frode-alnaes","37":"uni_artist_tag-frode-berg","38":"uni_artist_tag-frode-berntzen","39":"uni_artist_tag-gary-burns","40":"uni_artist_tag-geir-luedy","41":"uni_artist_tag-geir-rogno","42":"uni_artist_tag-geir-tore-larsen","43":"uni_artist_tag-georg-riedel","44":"uni_artist_tag-georg-wadenius","45":"uni_artist_tag-grethe-berntzen","46":"uni_artist_tag-gro-havik","47":"uni_artist_tag-hakon-iversen","48":"uni_artist_tag-halvdan-sivertsen","49":"uni_artist_tag-hans-jorgen-stop","50":"uni_artist_tag-helge-lilletvedt","51":"uni_artist_tag-inger-udheim","52":"uni_artist_tag-jan-eggum","53":"uni_artist_tag-jan-gunnar-hoff","54":"uni_artist_tag-jan-kare-hystad","55":"uni_artist_tag-jean-torud","56":"uni_artist_tag-jens-wendelboe","57":"uni_artist_tag-johan-sebastian-blum","58":"uni_artist_tag-johnnie-harper","59":"uni_artist_tag-johnny-sareussen","60":"uni_artist_tag-jon-myklebust","61":"uni_artist_tag-judith-starr","62":"uni_artist_tag-kaia-huuse","63":"uni_artist_tag-kare-kalvenes","64":"uni_artist_tag-kare-sandvik","65":"uni_artist_tag-kare-vestrheim","66":"uni_artist_tag-kenneth-sivertsen","67":"uni_artist_tag-kjetil-skaslien","68":"uni_artist_tag-knut-riisnaes","69":"uni_artist_tag-knut-vaernes","70":"uni_artist_tag-kristian-lindeman","71":"uni_artist_tag-kristin-berglund","72":"uni_artist_tag-kristine-helbekkmo","73":"uni_artist_tag-kyrre-fritzner","74":"uni_artist_tag-leif-johansen","75":"uni_artist_tag-lillebjorn-nilsen","76":"uni_artist_tag-lise-sorensen","77":"uni_artist_tag-lynni-treekrem","78":"uni_artist_tag-magnar-torstad","79":"uni_artist_tag-mats-egil-gronner","80":"uni_artist_tag-merete-brandal-godo","81":"uni_artist_tag-mette-nome-lepsoe","82":"uni_artist_tag-mi-young-kim","83":"uni_artist_tag-morten-faerestrand","84":"uni_artist_tag-morten-halle","85":"uni_artist_tag-nils-petter-molvaer","86":"uni_artist_tag-nina-askeland","87":"uni_artist_tag-nina-g-flyer","88":"uni_artist_tag-odd-hannisdal","89":"uni_artist_tag-oddvar-mordal","90":"uni_artist_tag-olav-bjorgaas","91":"uni_artist_tag-ottar-hauge","92":"uni_artist_tag-oystein-sunde","93":"uni_artist_tag-oyvind-westby","94":"uni_artist_tag-paolo-vinaccia","95":"uni_artist_tag-per-gunnar-heltne","96":"uni_artist_tag-per-oystein-sorensen","97":"uni_artist_tag-pete-abbott","98":"uni_artist_tag-reidar-skar","99":"uni_artist_tag-rolf-sandvik","100":"uni_artist_tag-ronny-skaar","101":"uni_artist_tag-rune-arnesen","102":"uni_artist_tag-rune-gustafsson","103":"uni_artist_tag-rune-klakegg","104":"uni_artist_tag-sidsel-endresen","105":"uni_artist_tag-sigmund-groven","106":"uni_artist_tag-sonja-wold","107":"uni_artist_tag-steinar-hannevold","108":"uni_artist_tag-steinar-ofsdal","109":"uni_artist_tag-stephen-penny","110":"uni_artist_tag-svein-erik-amas","111":"uni_artist_tag-svein-gjermundrod","112":"uni_artist_tag-sveinung-hovensjo","113":"uni_artist_tag-sverre-erik-henriksen","114":"uni_artist_tag-terje-nordbeck-johannessen","115":"uni_artist_tag-the-brazz-brothers","116":"uni_artist_tag-thomas-knutsen","117":"uni_artist_tag-thomas-tofte","118":"uni_artist_tag-tina-brandal-mork","119":"uni_artist_tag-tom-harry-halvorsen","120":"uni_artist_tag-tone-merete-vollen","121":"uni_artist_tag-tor-jaran-apold","122":"uni_artist_tag-torbjorn-sunde","123":"uni_artist_tag-trond-augland","124":"uni_artist_tag-trygve-thue","125":"uni_artist_tag-yngve-leidulv-saetre","126":"uni_artist_tag-yngve-moe","127":"uni_main_artist_tag-jan-eggum","128":"uni_artist_genre-norwegian","129":"uni_artist_genre-pop","130":"uni_artist_genre-rock","131":"uni_artist_genre-singersongwriter","133":"first","134":"instock","135":"taxable","136":"shipping-taxable","137":"purchasable","138":"product-type-simple"},"_links":{"self":[{"href":"https:\/\/grappa.no\/no\/wp-json\/wp\/v2\/product\/558","targetHints":{"allow":["GET"]}}],"collection":[{"href":"https:\/\/grappa.no\/no\/wp-json\/wp\/v2\/product"}],"about":[{"href":"https:\/\/grappa.no\/no\/wp-json\/wp\/v2\/types\/product"}],"replies":[{"embeddable":true,"href":"https:\/\/grappa.no\/no\/wp-json\/wp\/v2\/comments?post=558"}],"wp:featuredmedia":[{"embeddable":true,"href":"https:\/\/grappa.no\/no\/wp-json\/wp\/v2\/media\/27000"}],"wp:attachment":[{"href":"https:\/\/grappa.no\/no\/wp-json\/wp\/v2\/media?parent=558"}],"wp:term":[{"taxonomy":"product_brand","embeddable":true,"href":"https:\/\/grappa.no\/no\/wp-json\/wp\/v2\/product_brand?post=558"},{"taxonomy":"product_cat","embeddable":true,"href":"https:\/\/grappa.no\/no\/wp-json\/wp\/v2\/product_cat?post=558"},{"taxonomy":"product_tag","embeddable":true,"href":"https:\/\/grappa.no\/no\/wp-json\/wp\/v2\/product_tag?post=558"}],"curies":[{"name":"wp","href":"https:\/\/api.w.org\/{rel}","templated":true}]}}