{"id":557,"date":"2005-05-01T00:00:00","date_gmt":"2005-04-30T23:00:00","guid":{"rendered":"http:\/\/www.grappa.no\/albums\/uncategorized\/den-rode-gitar-arbeidersanger-i-ny-drakt\/"},"modified":"2016-11-18T16:21:53","modified_gmt":"2016-11-18T15:21:53","slug":"den-rode-gitar-arbeidersanger-i-ny-drakt","status":"publish","type":"product","link":"https:\/\/grappa.no\/no\/albums\/grappa\/den-rode-gitar-arbeidersanger-i-ny-drakt\/","title":{"rendered":"DEN R\u00d8DE GITAR &#8211; ARBEIDERSANGER I NY DRAKT"},"content":{"rendered":"<p><\/p>\n<p>Den r\u00f8de gitar \u2013 Arbeidersanger i ny drakt!<\/p>\n<p>Arbeidersangene er et skattkammer av gamle, tradisjonsrike, og ogs\u00e5 nyere sanger; bygget p\u00e5 meningsfulle tekster. Mange av sangene er ukjente for folk flest, og med denne utgivelsen \u00f8nsker man \u00e5 tilf\u00f8re denne rike katalogen nye versjoner av endel av klassikerne. Vi syntes det var p\u00e5 sin plass \u00e5 fornye en del av dem, gi dem et nytt uttrykk, og derfor gj\u00f8re dem tilgjengelige for et bredere publikum.<\/p>\n<p>Trygve Aakervik er mannen som har gitt opphav til tittelen. Aakervik har siden 1949 aktivt fremmet arbeiderkultur, og spesielt arbeidersangene. Dikteren Arne Paasche Aasen skrev i sin tid en sang med tittelen Mannen med den r\u00f8de gitar. Sangen var tilegnet Trygve Aakervik.<\/p>\n<p><!--more--><\/p>\n<p>Den r\u00f8de gitar \u2013 Arbeidersanger i ny drakt!<\/p>\n<h4>Arbeidertradisjon<\/h4>\n<p>Arbeidersangene er et skattkammer av gamle, tradisjonsrike, og ogs\u00e5 nyere sanger; bygget p\u00e5 meningsfulle tekster. Mange av sangene er ukjente for folk flest, og med denne utgivelsen \u00f8nsker man \u00e5 tilf\u00f8re denne rike katalogen nye versjoner av endel av klassikerne. Vi syntes det var p\u00e5 sin plass \u00e5 fornye en del av dem, gi dem et nytt uttrykk, og derfor gj\u00f8re dem tilgjengelige for et bredere publikum.<\/p>\n<p>Trygve Aakervik er mannen som har gitt opphav til tittelen. Aakervik har siden 1949 aktivt fremmet arbeiderkultur, og spesielt arbeidersangene. Dikteren Arne Paasche Aasen skrev i sin tid en sang med tittelen Mannen med den r\u00f8de gitar. Sangen var tilegnet Trygve Aakervik.<\/p>\n<h4>Bidragsytere<\/h4>\n<p>P\u00e5 denne nye CD-platen kan vi blant annet h\u00f8re Kirsten Br\u00e5ten Berg synge De Unge Slekter, Veslem\u00f8y Solberg  Din Tanke Er Fri, Lars Klevstrand J\u00f8rgen Hattemaker og Terje Tysland som fremf\u00f8rer Samholdssangen. Lista er lang! Artistene har deltatt med \u00f8nske om \u00e5 bringe ny giv til en god katalog med sanger, beregnet p\u00e5 et nytt publikum. Flere av disse sangene har ikke v\u00e6rt tilgjengelige p\u00e5 mange \u00e5r. Videre finner man sprelske bidrag med nye versjoner av Gutta p\u00e5 golvet, og \u00c5ge Aleksandersens Dekksguten. Ronni Le Tekr\u00f8 gj\u00f8r en versjon av Rudolf Nilsen\/ Lillebj\u00f8rn Nilsen\u2019s Gategutt som vil vekke oppmerksomhet! Andre bidragsytere er Amund Enger som gj\u00f8r en versjon av Halvdan Sivertsens Frihet, og Jannicke Kruse som synger Til Ungdommen.<\/p>\n<h4><\/h4>\n<\/p>\n<p><\/p>","protected":false},"excerpt":{"rendered":"<p>P\u00e5 denne nye CD-platen kan vi blant annet h\u00f8re Kirsten Br\u00e5ten Berg synge De Unge Slekter, Veslem\u00f8y Solberg  Din Tanke Er Fri, Lars Klevstrand J\u00f8rgen Hattemaker og Terje Tysland som fremf\u00f8rer Samholdssangen. Lista er lang! Artistene har deltatt med \u00f8nske om \u00e5 bringe ny giv til en god katalog med sanger, beregnet p\u00e5 et nytt publikum.<\/p>\n","protected":false},"featured_media":26997,"comment_status":"closed","ping_status":"open","template":"","meta":[],"product_brand":[],"product_cat":[6],"product_tag":[],"class_list":{"0":"post-557","1":"product","2":"type-product","3":"status-publish","4":"has-post-thumbnail","6":"product_cat-grappa","7":"product_shipping_class-cddvd-shipping","8":"uni_artist_tag-age-aleksandersen","9":"uni_artist_tag-bjarne-amdahl","10":"uni_artist_tag-dagfinn-rimestad","11":"uni_artist_tag-frank-kjosas","12":"uni_artist_tag-halvdan-sivertsen","13":"uni_artist_tag-jannike-kruse","14":"uni_artist_tag-jolly-kramer-johansen","15":"uni_artist_tag-joseph-haydn","16":"uni_artist_tag-kirsten-braten-berg","17":"uni_artist_tag-lars-klevstrand","18":"uni_artist_tag-lillebjorn-nilsen","19":"uni_artist_tag-morten-lorentzen","20":"uni_artist_tag-otto-mortensen","21":"uni_artist_tag-peer-gynt","22":"uni_artist_tag-reidar-brendeland","23":"uni_artist_tag-ronni-le-tekro","24":"uni_artist_tag-terje-tysland","25":"uni_artist_tag-toril-brekke","26":"uni_artist_tag-veslemoy-solberg","27":"uni_artist_tag-vestlandsfanden","28":"uni_main_artist_tag-kirsten-braten-berg","30":"first","31":"instock","32":"taxable","33":"shipping-taxable","34":"purchasable","35":"product-type-simple"},"_links":{"self":[{"href":"https:\/\/grappa.no\/no\/wp-json\/wp\/v2\/product\/557","targetHints":{"allow":["GET"]}}],"collection":[{"href":"https:\/\/grappa.no\/no\/wp-json\/wp\/v2\/product"}],"about":[{"href":"https:\/\/grappa.no\/no\/wp-json\/wp\/v2\/types\/product"}],"replies":[{"embeddable":true,"href":"https:\/\/grappa.no\/no\/wp-json\/wp\/v2\/comments?post=557"}],"wp:featuredmedia":[{"embeddable":true,"href":"https:\/\/grappa.no\/no\/wp-json\/wp\/v2\/media\/26997"}],"wp:attachment":[{"href":"https:\/\/grappa.no\/no\/wp-json\/wp\/v2\/media?parent=557"}],"wp:term":[{"taxonomy":"product_brand","embeddable":true,"href":"https:\/\/grappa.no\/no\/wp-json\/wp\/v2\/product_brand?post=557"},{"taxonomy":"product_cat","embeddable":true,"href":"https:\/\/grappa.no\/no\/wp-json\/wp\/v2\/product_cat?post=557"},{"taxonomy":"product_tag","embeddable":true,"href":"https:\/\/grappa.no\/no\/wp-json\/wp\/v2\/product_tag?post=557"}],"curies":[{"name":"wp","href":"https:\/\/api.w.org\/{rel}","templated":true}]}}