{"id":556,"date":"2005-02-21T00:00:00","date_gmt":"2005-02-20T23:00:00","guid":{"rendered":"http:\/\/www.grappa.no\/albums\/uncategorized\/seagull\/"},"modified":"2016-11-18T16:21:53","modified_gmt":"2016-11-18T15:21:53","slug":"seagull","status":"publish","type":"product","link":"https:\/\/grappa.no\/no\/albums\/grappa\/seagull\/","title":{"rendered":"SEAGULL"},"content":{"rendered":"<p><\/p>\n<p>Stilsikkert fra Krog, Surman og Bergen Big Band<\/p>\n<p>Med utgivelsen av albumet Seagull videref\u00f8rte Karin Krog sitt samarbeid med den verdenskjente engelske komponisten og saksofonisten John Surman. Begge ble invitert til CD-prosjektet av det anerkjente Bergen Big Band som best\u00e5r av musikere fra vidt forskjellige musikkmilj\u00f8er. Resultatet var sv\u00e6rt vellykket og samarbeidsutgivelsen fikk str\u00e5lende kritikker b\u00e5de i norsk og internasjonal presse. Utvalget av sanger p\u00e5 Seagull er forfriskende variert. Her er en fin sammenblanding av kjente og ukjente perler der flere er Krogs og Surmans egne komposisjoner. Rytmer med inspirasjon fra jazz og samba bidrar til at den energiske storbandsmusikken l\u00f8ftes enda et niv\u00e5 og skaper overraskende vekslinger i musikken. Det sprudlende og stilsikre bidraget fra de inspirerte musikerne i Bergen Big Band harmoniserer perfekt med Surmans solistbidrag p\u00e5 saksofon og Krogs avslappede, kontrollerte og perfekt timede vokal som skifter mellom varm n\u00e6rhet og kj\u00f8lig eleganse.<\/p>\n<p><!--more--><\/p>\n<p>F\u00f8rstedamen i norsk jazz med ny plate i samarbeid med Bergen Big Band og John Surman!<\/p>\n<h4>Et liv med jazz<\/h4>\n<p>Hun blir kalt dronningen av jazz, og er en av norges fremste jazzsangere samtidig som hun nyter stor internasjonal anseelse. Det hele startet da hun allerede i 1955 begynte \u00e5 synge jazz, og vakte oppsikt under jamsessions i Oslo. De p\u00e5f\u00f8lgende \u00e5r var Krog en banebrytende skikkelse: hun opptr\u00e5dte p\u00e5 den f\u00f8rste Moldejazz-festivalen i 1961 og i 1964 gjorde hun, som f\u00f8rste jazzmusiker i Norge, sin egen LP. (By myself). Bel\u00f8nningen kom allerede i 1965 da Krog mottok norsk jazzlivs h\u00f8yeste utmerkelse: Buddy-prisen. Samtidig var Krog med p\u00e5 \u00e5 danne Norsk Jazzforum og ble forumets f\u00f8rste leder (1965\u201366). I \u00e5rene som fulgte etablerte Krog seg for alvor i utlandet, og innledet samarbeid med en rekke etablerte musikere som for eksempel Egil Kapstad, Don Ellis, Red Mitchell og Bengt Hallberg. Store deler av 70-tallet hadde hun faste band med norske musikere, men siden midten av samme ti\u00e5r arbeidet hun ofte i mindre formater, f\u00f8rst og fremst i duo med John Surman, der hun videreutviklet bruken av elektroniske vokalteknikker, dokumentert p\u00e5 flere plater, hvorav Bluesand (1999), innbrakte henes andre Spellemannpris.<\/p>\n<h4>BBB \u2013 Bergen Big Band<\/h4>\n<p>Det unike med BBB er at musikere fra vidt forskjellige musikkmilj\u00f8er er samlet. BBB har jobbet sammen i n\u00e5v\u00e6rende besetning siden 1993, med Olav Dale som kunstnerisk leder, og har i denne perioden gjort en rekke konserter og festivalprosjekter b\u00e5de i inn- og utland. Musikere fra BBB har ogs\u00e5 gjort konserter og ulike prosjekter med blant andre Erlend Skomsvoll, Phil Woods, Paquito D\u2019 Rivera, Joe Henderson, Maria Schneider, Diana Krall, Andy Sheppard, Martial Solal, Mathias R\u00fcegg, Gianluigi Trovesi og Ole Kock Hansen.<\/p>\n<h4>Gledelig samarbeid<\/h4>\n<p>John Surman bidrar b\u00e5de som solist, musikalsk leder og produsent p\u00e5 prosjektet. Her er hans kommentar til opplevelsen: &quot;I was really excited to be involved in the project. To be honest, it\u2019s not very often these days that I get to record with a professional big band and I was only too happy to get involved.&quot;<\/p>\n<p><\/p>","protected":false},"excerpt":{"rendered":"<p>\u2013 T\u00f8ft og poetisk fra norsk jazzdronning. [Fredrik Wandrup \/ Dagbladet]<\/p>\n","protected":false},"featured_media":26990,"comment_status":"closed","ping_status":"open","template":"","meta":[],"product_brand":[],"product_cat":[6],"product_tag":[],"class_list":{"0":"post-556","1":"product","2":"type-product","3":"status-publish","4":"has-post-thumbnail","6":"product_cat-grappa","7":"product_shipping_class-cddvd-shipping","8":"uni_artist_tag-are-ovesen","9":"uni_artist_tag-bergen-big-band","10":"uni_artist_tag-dag-arnesen","11":"uni_artist_tag-hugh-martin","12":"uni_artist_tag-ivar-kolve","13":"uni_artist_tag-john-surman","14":"uni_artist_tag-karin-krog","15":"uni_artist_tag-martin-winter","16":"uni_artist_tag-olav-dale","17":"uni_artist_tag-ole-jakob-hystad","18":"uni_artist_tag-ole-thomsen","19":"uni_artist_tag-sindre-dalhaug","20":"uni_artist_tag-zoltan-vincze","21":"uni_main_artist_tag-karin-krog","22":"uni_artist_genre-brass","23":"uni_artist_genre-jazz","25":"first","26":"instock","27":"taxable","28":"shipping-taxable","29":"purchasable","30":"product-type-simple"},"_links":{"self":[{"href":"https:\/\/grappa.no\/no\/wp-json\/wp\/v2\/product\/556","targetHints":{"allow":["GET"]}}],"collection":[{"href":"https:\/\/grappa.no\/no\/wp-json\/wp\/v2\/product"}],"about":[{"href":"https:\/\/grappa.no\/no\/wp-json\/wp\/v2\/types\/product"}],"replies":[{"embeddable":true,"href":"https:\/\/grappa.no\/no\/wp-json\/wp\/v2\/comments?post=556"}],"wp:featuredmedia":[{"embeddable":true,"href":"https:\/\/grappa.no\/no\/wp-json\/wp\/v2\/media\/26990"}],"wp:attachment":[{"href":"https:\/\/grappa.no\/no\/wp-json\/wp\/v2\/media?parent=556"}],"wp:term":[{"taxonomy":"product_brand","embeddable":true,"href":"https:\/\/grappa.no\/no\/wp-json\/wp\/v2\/product_brand?post=556"},{"taxonomy":"product_cat","embeddable":true,"href":"https:\/\/grappa.no\/no\/wp-json\/wp\/v2\/product_cat?post=556"},{"taxonomy":"product_tag","embeddable":true,"href":"https:\/\/grappa.no\/no\/wp-json\/wp\/v2\/product_tag?post=556"}],"curies":[{"name":"wp","href":"https:\/\/api.w.org\/{rel}","templated":true}]}}