{"id":555,"date":"2005-03-21T00:00:00","date_gmt":"2005-03-20T23:00:00","guid":{"rendered":"http:\/\/www.grappa.no\/albums\/uncategorized\/guitarmageddon\/"},"modified":"2016-11-18T16:21:52","modified_gmt":"2016-11-18T15:21:52","slug":"guitarmageddon","status":"publish","type":"product","link":"https:\/\/grappa.no\/no\/albums\/grappa\/guitarmageddon\/","title":{"rendered":"GUITARMAGEDDON"},"content":{"rendered":"<p><\/p>\n<p>Ny retning i blues-verdenen<\/p>\n<p>Guitarmageddon ble til etter at Chris Andersen la frem id\u00e9en til Junior Watson og Vidar Busk. Den gjensidige respekten og beundringen Andersen og Watson hadde for musikken til Vidar Busk var n\u00f8kkelen til \u00e5 kunne starte et slikt prosjekt sammen. I motsetning til mange andre album man h\u00f8rer i dag, befant alle seg i det samme rommet og spilte live, med en levende og Old School stemning over det hele. Guitararmageddon representerer en ny retning i blues-verdenen.<\/p>\n<p><!--more--><\/p>\n<h4><\/h4>\n<\/p>\n<h4><\/h4>\n<p><h4><\/h4>\n<\/p>\n<p><\/p>","protected":false},"excerpt":{"rendered":"<p>\u2013 en levende og Old School stemning over det hele<\/p>\n","protected":false},"featured_media":26995,"comment_status":"closed","ping_status":"open","template":"","meta":[],"product_brand":[],"product_cat":[6],"product_tag":[],"class_list":{"0":"post-555","1":"product","2":"type-product","3":"status-publish","4":"has-post-thumbnail","6":"product_cat-grappa","7":"product_shipping_class-cddvd-shipping","8":"uni_artist_tag-barry-shulman","9":"uni_artist_tag-christoffer-kid-andersen","10":"uni_artist_tag-danny-kirwan","11":"uni_artist_tag-david-yorke","12":"uni_artist_tag-james-curry-jr","13":"uni_artist_tag-jimmy-mccracklin","14":"uni_artist_tag-june-core","15":"uni_artist_tag-junior-watson","16":"uni_artist_tag-kedar-roy","17":"uni_artist_tag-kid-christoffer-andersen","18":"uni_artist_tag-kurt-slevigen","19":"uni_artist_tag-louis-thomas-watts","20":"uni_artist_tag-robert-bobby-welsh-jr","21":"uni_artist_tag-robert-welsch-jr","22":"uni_artist_tag-rosie-l-tabb","23":"uni_artist_tag-vidar-busk","24":"uni_main_artist_tag-vidar-busk","25":"uni_artist_genre-blues","26":"uni_artist_genre-rock","28":"first","29":"instock","30":"taxable","31":"shipping-taxable","32":"purchasable","33":"product-type-simple"},"_links":{"self":[{"href":"https:\/\/grappa.no\/no\/wp-json\/wp\/v2\/product\/555","targetHints":{"allow":["GET"]}}],"collection":[{"href":"https:\/\/grappa.no\/no\/wp-json\/wp\/v2\/product"}],"about":[{"href":"https:\/\/grappa.no\/no\/wp-json\/wp\/v2\/types\/product"}],"replies":[{"embeddable":true,"href":"https:\/\/grappa.no\/no\/wp-json\/wp\/v2\/comments?post=555"}],"wp:featuredmedia":[{"embeddable":true,"href":"https:\/\/grappa.no\/no\/wp-json\/wp\/v2\/media\/26995"}],"wp:attachment":[{"href":"https:\/\/grappa.no\/no\/wp-json\/wp\/v2\/media?parent=555"}],"wp:term":[{"taxonomy":"product_brand","embeddable":true,"href":"https:\/\/grappa.no\/no\/wp-json\/wp\/v2\/product_brand?post=555"},{"taxonomy":"product_cat","embeddable":true,"href":"https:\/\/grappa.no\/no\/wp-json\/wp\/v2\/product_cat?post=555"},{"taxonomy":"product_tag","embeddable":true,"href":"https:\/\/grappa.no\/no\/wp-json\/wp\/v2\/product_tag?post=555"}],"curies":[{"name":"wp","href":"https:\/\/api.w.org\/{rel}","templated":true}]}}