{"id":552,"date":"2004-12-01T00:00:00","date_gmt":"2004-11-30T23:00:00","guid":{"rendered":"http:\/\/www.grappa.no\/albums\/uncategorized\/mine-salmer\/"},"modified":"2022-02-28T12:21:21","modified_gmt":"2022-02-28T11:21:21","slug":"mine-salmer","status":"publish","type":"product","link":"https:\/\/grappa.no\/no\/albums\/grappa\/mine-salmer\/","title":{"rendered":"MINE SALMER"},"content":{"rendered":"<p><\/p>\n<p>Bj\u00f8ro H\u00e5land synger salmer<\/p>\n<p>Bj\u00f8ro H\u00e5land har tatt skrittet fra countrymusikk til salmesang og viser en annen side av seg selv enn det vi tidligere har sett. Kirkemusikk er imidlertid ikke noe nytt for H\u00e5land: han har hatt en n\u00e6rt forhold til denne musikken gjennom hele livet og har benyttet mye amerikansk gospelsang p\u00e5 tidligere album. Med en helt s\u00e6regen kraft og tilstedev\u00e6relse i fremf\u00f8ringene av disse salmene styrket Bj\u00f8ro H\u00e5land sin posisjon som begavet sanger og som en sv\u00e6rt dyktig tolker av ulikt materiale. Innspilingen fant sted h\u00f8sten 2004 i Grindheim kirke. Albumet ble tilegnet hans mor, Anna H\u00e5land, som lenge hadde \u00f8nsket at han skulle spille inn en CD med norske salmer. De 14 utvalgte salmene har alle spesiell betydning for H\u00e5land. Her finner vi blant annet Per Sivle og Lars S\u00f8r\u00e5s\u00b4 &#8220;Den fyrste song eg h\u00f8yra fekk&#8221;. Mer &#8220;typisk&#8221; H\u00e5landsk blir det i David Sankeys &#8220;Et ungdomsliv&#8221; f\u00f8r han vender tilbake til mer tradisjonelle salmer, slik som Petter Dass\u2019 &#8220;Herre Gud ditt dyre navn og \u00e6re&#8221;.<\/p>\n<p><!--more--><\/p>\n<p>Norges countrykonge synger salmer. Bj\u00f8ro H\u00e5land, en av Norges mest folkekj\u00e6re og bestselgende artister, kommer 1. desember med CDen Mine Salmer, der han synger sine kj\u00e6reste salmer.<\/p>\n<h4>Hjemlengsel og himmellengsel<\/h4>\n<p>Countrymusikken har mye til felles med salmer. S\u00e5 det at Norges countrykonge endelig gir ut et album med salmer, faller meget naturlig.<br \/>\n\u2013 Jeg har mange ganger hatt med en gospelsang p\u00e5 innspillingene mine. Det er et visst slektskap mellom countrysanger og salmer. Mens countrysangene er preget av melankolsk hjemlengsel, er det mer snakk om himmellengt i salmene, og den lengselen som finnes i salmetekstene har ber\u00f8rt meg, sier H\u00e5land.<br \/>\nSalmene er spilt inn h\u00f8sten 2004 i Grindheim kirke, i H\u00e5lands barndoms kirke i Audnedal. CDen er tilegnet hans 90 \u00e5r gamle mamma, Anna, som lenge har \u00f8nsket at han skulle spille inn en norsk salme-CD. Barndomshjemmet hans var fylt av salmer og bedehussanger, og faren Arne sang ofte salmer n\u00e5r unge Bj\u00f8ro var med ham p\u00e5 jobb i lastebilen.<\/p>\n<h4>Ulike stemninger<\/h4>\n<p>De 14 salmene Bj\u00f8ro H\u00e5land har valgt betyr noe helt spesielt for ham, noe som h\u00f8res i fremf\u00f8ringene hans. Salmene har ogs\u00e5 ulike stemninger og musikalske uttrykk. \u2013 &#8220;Den fyrste song eg h\u00f8yra fekk&#8221; var den f\u00f8rste sangen min mor sang til meg, sier H\u00e5land. Med tekst av Per Sivle og musikk av Lars S\u00f8r\u00e5s, minner den om en vakker vise, med H\u00e5lands myke r\u00f8st og Bernt Rune Strays f\u00f8lsomme gitarspill. Bernt Rune Stray og Jon Kleveland har arrangert den norske folketonen &#8220;Eg veit i himmelrik ei borg&#8221; p\u00e5 en v\u00e1r klangbunn av s\u00e5rhet og \u00f8mhet. Og gjenh\u00f8r med gode, velkjente H\u00e5land blir det i David Sankeys &#8220;Et ungdomsliv&#8221; med tekst av Hallvard Gunnleiksen Heggtveit. Salmene &#8220;Blott en dag&#8221; og &#8220;Leid milde ljos&#8221; er stemningsfullt og \u00f8mt fremf\u00f8rt, akkompagnert av Per Kolstad p\u00e5 orgel, Fredrik Sahlander p\u00e5 bass, Bernt Rune Stray p\u00e5 gitar og Karl Oluf Wennerberg p\u00e5 perkusjon. Til slutt m\u00e5 nevnes Petter Dass\u2019 &#8220;Herre Gud ditt dyre navn og \u00e6re&#8221;, en mektig salme hvor Dag Wolf er med og tegner et eventyrlig, men transparent lydbilde som underbygger skildringene i teksten. Mine Salmer er produsert av Jon Kleveland.<\/p>\n<h4><\/h4>\n<p><\/p>","protected":false},"excerpt":{"rendered":"<p>Norges countrykonge synger salmer.<\/p>\n","protected":false},"featured_media":26989,"comment_status":"closed","ping_status":"closed","template":"","meta":[],"product_brand":[],"product_cat":[6],"product_tag":[],"class_list":{"0":"post-552","1":"product","2":"type-product","3":"status-publish","4":"has-post-thumbnail","6":"product_cat-grappa","7":"product_shipping_class-cddvd-shipping","8":"uni_artist_tag-anne-joreid-frigstad","9":"uni_artist_tag-bente-ringoen-hegen","10":"uni_artist_tag-bernt-rune-stray","11":"uni_artist_tag-bjoro-haland","12":"uni_artist_tag-bodil-kvernenes-norsett","13":"uni_artist_tag-charles-henry-purday","14":"uni_artist_tag-christian-heinrich-rinck","15":"uni_artist_tag-dag-wolf","16":"uni_artist_tag-david-sankey","17":"uni_artist_tag-fredrik-sahlander","18":"uni_artist_tag-havard-gryting","19":"uni_artist_tag-hildegunn-s-stromme","20":"uni_artist_tag-john-r-sweney","21":"uni_artist_tag-jon-kleveland","22":"uni_artist_tag-kai-kjall","23":"uni_artist_tag-karl-oluf-wennerberg","24":"uni_artist_tag-kjetil-damsgard","25":"uni_artist_tag-kristian-sodal","26":"uni_artist_tag-kristin-folkvord-pedersen","27":"uni_artist_tag-lars-soraas-d-y","28":"uni_artist_tag-marit-ovensen-frustol","29":"uni_artist_tag-mosie-lister","30":"uni_artist_tag-oscar-ahnfelt","31":"uni_artist_tag-per-kolstad","32":"uni_artist_tag-runar-norsett","33":"uni_artist_tag-signe-anette-sodal","34":"uni_artist_tag-sigurd-lunde","35":"uni_artist_tag-thomas-hasting","36":"uni_artist_tag-tone-marie-s-aasheim","37":"uni_artist_tag-tor-espen-bergan","38":"uni_artist_tag-tore-andersen","39":"uni_artist_tag-torstein-kjall","40":"uni_artist_tag-trad","41":"uni_main_artist_tag-bjoro-haland","42":"uni_artist_genre-norwegian","43":"uni_artist_genre-religious","44":"uni_artist_genre-traditional","46":"first","47":"outofstock","48":"taxable","49":"shipping-taxable","50":"purchasable","51":"product-type-simple"},"_links":{"self":[{"href":"https:\/\/grappa.no\/no\/wp-json\/wp\/v2\/product\/552","targetHints":{"allow":["GET"]}}],"collection":[{"href":"https:\/\/grappa.no\/no\/wp-json\/wp\/v2\/product"}],"about":[{"href":"https:\/\/grappa.no\/no\/wp-json\/wp\/v2\/types\/product"}],"replies":[{"embeddable":true,"href":"https:\/\/grappa.no\/no\/wp-json\/wp\/v2\/comments?post=552"}],"wp:featuredmedia":[{"embeddable":true,"href":"https:\/\/grappa.no\/no\/wp-json\/wp\/v2\/media\/26989"}],"wp:attachment":[{"href":"https:\/\/grappa.no\/no\/wp-json\/wp\/v2\/media?parent=552"}],"wp:term":[{"taxonomy":"product_brand","embeddable":true,"href":"https:\/\/grappa.no\/no\/wp-json\/wp\/v2\/product_brand?post=552"},{"taxonomy":"product_cat","embeddable":true,"href":"https:\/\/grappa.no\/no\/wp-json\/wp\/v2\/product_cat?post=552"},{"taxonomy":"product_tag","embeddable":true,"href":"https:\/\/grappa.no\/no\/wp-json\/wp\/v2\/product_tag?post=552"}],"curies":[{"name":"wp","href":"https:\/\/api.w.org\/{rel}","templated":true}]}}