{"id":551,"date":"2004-11-15T00:00:00","date_gmt":"2004-11-14T23:00:00","guid":{"rendered":"http:\/\/www.grappa.no\/albums\/uncategorized\/dorstokken-heme\/"},"modified":"2016-11-18T16:21:51","modified_gmt":"2016-11-18T15:21:51","slug":"dorstokken-heme","status":"publish","type":"product","link":"https:\/\/grappa.no\/no\/albums\/grappa\/dorstokken-heme\/","title":{"rendered":"D\u00d8RSTOKKEN HEME"},"content":{"rendered":"<p><\/p>\n<p>Klassikere fra Pr\u00f8ysen<\/p>\n<p>D\u00f8rstokken heme puster nytt liv i Alf Pr\u00f8ysens klassikere. Maj Britt Andersen og Geir Holmsen hedrer Pr\u00f8ysen-tradisjonen og evner samtidig \u00e5 fornye dette materialet. Slik har de lykkes i \u00e5 skape en av de beste Pr\u00f8ysen-tolkningene som noensinne er laget. D\u00f8rstokken heme er Andersens andre Alf Pr\u00f8ysen-utgivelse og i likhet med den foreg\u00e5ende, Kj\u00e6rtegn (1992), er albumet blitt m\u00f8tt med lovord og h\u00f8ye terningkast. Mens Kj\u00e6rtegn introduserte oss til en rekke mindre kjente Pr\u00f8ysen-l\u00e5ter, inneholder D\u00f8rstokken heme nytolkninger av de mest kjente og kj\u00e6re klassikerne. Andersen har et n\u00e6rt forhold til Pr\u00f8ysens diktning og hun behandler tekstene med respekt og inng\u00e5ende forst\u00e5else. Geir Holmsens vitale arrangementer gjenspeiler denne tiln\u00e6rmingen og blander tradisjonell visegenre med mer moderne uttrykk.<\/p>\n<p><!--more--><\/p>\n<p>Maj Britt Andersen synger Alf Pr\u00f8ysen. D\u00f8rstokken heme \u2013 en hyllest i jubileums\u00e5ret.<\/p>\n<h4>D\u00f8rstokken heme<\/h4>\n<p>F\u00e5 er mer egnet til \u00e5 formidle Alf Pr\u00f8ysens ord og tanker enn Maj Britt Andersen. Ogs\u00e5 hun er preget av \u00e5 vokse opp ved Mj\u00f8sa, ogs\u00e5 hun rusler \u201dbarbeint\u201d gjennom livet; uten store ord og fakter har hun sunget seg inn i  mange hjerter landet rundt, b\u00e5de hos barn og voksne. \u2013 Dette er mine r\u00f8tter. Jeg har vokst opp med Alf Pr\u00f8ysen. Jeg elsket radiostemmen hans og &quot;Sparegris-visa&quot; var en av favorittene, forteller Maj Britt Andersen og legger til at hun n\u00e5 er blitt s\u00e5 \u201dvoksen\u201d at hun t\u00f8r \u00e5 gi ut denne CDen som hun har fargelagt med sine fargestifter. \u2013 Alf Pr\u00f8ysen er en del av v\u00e5r kulturarv som det er viktig \u00e5 ta vare p\u00e5. Hvis jeg klarer \u00e5 begeistre noen med Alf Pr\u00f8ysens tekster, som har s\u00e5 mye livsvisdom og vakre hverdagsskildringer i seg, tror jeg b\u00e5de barn og voksne f\u00e5r det bedre i sjela si, sier hun. D\u00f8rstokken heme er Maj Britt Andersens hyllest til den folkekj\u00e6re trubaduren i jubileums\u00e5ret. I \u00e5r ville han fylt 90 \u00e5r.<\/p>\n<h4>Dyktige musikere<\/h4>\n<p>Geir Holmsen, Maj Britt Andersens samarbeidspartner gjennom mange \u00e5r, har her, som alltid, en sjelden evne til \u00e5 fange stemninger i tekstene, og med sine nye arrangementer gir han melodiene en ny og spennende drakt. D\u00f8rstokken heme er innspilt i Rainbow studio med tekniker Jan Erik Kongshaug og produsert av Maj Britt Andersen og Geir Holmsen. De har med seg Paolo Vinaccia p\u00e5 trommer og perkusjon, Alfred Janson p\u00e5 trekkspill, Ivar Anton Waagaard p\u00e5 flygel, det unge talentet Gjermund Larsen p\u00e5 fele, Vertavokvartetten, Bj\u00f8rn Charles Dreyer p\u00e5 gitarer, Gjermund Silset  p\u00e5 kontrabass, og Geir Holmsen p\u00e5 elbass.<\/p>\n<h4>Finn et str\u00e5 og tr\u00e6 dom p\u00e5<\/h4>\n<p>N\u00e5 i m\u00f8rketida er D\u00f8rstokken heme kanskje den fineste gaven du kan gi bort. Dette er musikk til \u00f8ret, hjertet og sjelelivet. N\u00e5r Maj Britt Andersen synger Alf Pr\u00f8ysen smaker det som jordb\u00e6r i november.<\/p>\n<p><\/p>","protected":false},"excerpt":{"rendered":"<p>\u2013 Fornyer og bevarer Pr\u00f8ysen p\u00e5 \u00e9n gang. [Asbj\u00f8rn Bakke \/ Aftenposten]<\/p>\n","protected":false},"featured_media":26988,"comment_status":"closed","ping_status":"open","template":"","meta":[],"product_brand":[],"product_cat":[6],"product_tag":[],"class_list":{"0":"post-551","1":"product","2":"type-product","3":"status-publish","4":"has-post-thumbnail","6":"product_cat-grappa","7":"product_shipping_class-cddvd-shipping","8":"uni_artist_tag-alfred-janson","9":"uni_artist_tag-berit-vaernes-cardas","10":"uni_artist_tag-bjarne-amdahl","11":"uni_artist_tag-bjorn-charles-dreyer","12":"uni_artist_tag-egil-monn-iversen","13":"uni_artist_tag-eldar-vagan","14":"uni_artist_tag-emery-cardas","15":"uni_artist_tag-finn-ludt","16":"uni_artist_tag-frode-larsen","17":"uni_artist_tag-geir-holmsen","18":"uni_artist_tag-gjermund-larsen","19":"uni_artist_tag-gjermund-silset","20":"uni_artist_tag-henninge-landaas","21":"uni_artist_tag-ivar-anton-waagaard","22":"uni_artist_tag-maj-britt-andersen","23":"uni_artist_tag-otto-nielsen","24":"uni_artist_tag-paolo-vinaccia","25":"uni_artist_tag-trad","26":"uni_main_artist_tag-maj-britt-andersen","27":"uni_artist_genre-norwegian","28":"uni_artist_genre-singersongwriter","30":"first","31":"instock","32":"taxable","33":"shipping-taxable","34":"purchasable","35":"product-type-simple"},"_links":{"self":[{"href":"https:\/\/grappa.no\/no\/wp-json\/wp\/v2\/product\/551","targetHints":{"allow":["GET"]}}],"collection":[{"href":"https:\/\/grappa.no\/no\/wp-json\/wp\/v2\/product"}],"about":[{"href":"https:\/\/grappa.no\/no\/wp-json\/wp\/v2\/types\/product"}],"replies":[{"embeddable":true,"href":"https:\/\/grappa.no\/no\/wp-json\/wp\/v2\/comments?post=551"}],"wp:featuredmedia":[{"embeddable":true,"href":"https:\/\/grappa.no\/no\/wp-json\/wp\/v2\/media\/26988"}],"wp:attachment":[{"href":"https:\/\/grappa.no\/no\/wp-json\/wp\/v2\/media?parent=551"}],"wp:term":[{"taxonomy":"product_brand","embeddable":true,"href":"https:\/\/grappa.no\/no\/wp-json\/wp\/v2\/product_brand?post=551"},{"taxonomy":"product_cat","embeddable":true,"href":"https:\/\/grappa.no\/no\/wp-json\/wp\/v2\/product_cat?post=551"},{"taxonomy":"product_tag","embeddable":true,"href":"https:\/\/grappa.no\/no\/wp-json\/wp\/v2\/product_tag?post=551"}],"curies":[{"name":"wp","href":"https:\/\/api.w.org\/{rel}","templated":true}]}}