{"id":550,"date":"1988-05-23T00:00:00","date_gmt":"1988-05-22T23:00:00","guid":{"rendered":"http:\/\/www.grappa.no\/albums\/uncategorized\/by-request\/"},"modified":"2016-11-18T16:21:51","modified_gmt":"2016-11-18T15:21:51","slug":"by-request","status":"publish","type":"product","link":"https:\/\/grappa.no\/no\/albums\/grappa\/by-request\/","title":{"rendered":"BY REQUEST"},"content":{"rendered":"<p><\/p>\n<p>Bj\u00f8ros publikumsfavoritter<\/p>\n<p>Endelig er publikumsfavorittene p\u00e5 CD! By request presenterer mange av de l\u00e5tene som har v\u00e6rt etterspurt av publikum p\u00e5 konserter og ulike opptredener, men som aldri tidligere har f\u00e5tt plass p\u00e5 plate. Dette er sanger som Bj\u00f8ro H\u00e5land har fremf\u00f8rt gjennom mange \u00e5r og som har blitt en viktig del av repertoaret hans: \u201dSeven Spanish Angels\u201d, \u201dLong Gone Lonesome Blues\u201d og \u201dSound of the Blues\u201d er noen eksempler. Et h\u00f8ydepunkt p\u00e5 albumet er H\u00e5lands str\u00e5lende medley der han gj\u00f8r tolkninger av blant andre Johnny Cash\u00b4 ber\u00f8mte l\u00e5ter \u201dFolson Prison Blues\u201d og \u201dI Walk the Line\u201d. Albumet inneholder kjente og kj\u00e6re sanger, b\u00e5de for H\u00e5land og for publikum, og det er ingen tvil om at disse l\u00e5tene har spesiell betydning for artisten: Han fremf\u00f8rer dem med varme, innlevelse og imponerer med en formidabel vokalprestasjon.<\/p>\n<p><!--more--><\/p>\n<h4><\/h4>\n<\/p>\n<h4><\/h4>\n<p><h4><\/h4>\n<\/p>\n<p><\/p>","protected":false},"excerpt":{"rendered":"<p>Dette er sanger som Bj\u00f8ro H\u00e5land har fremf\u00f8rt gjennom mange \u00e5r og som har blitt en viktig del av repertoaret hans: \u201dSeven Spanish Angels\u201d, \u201dLong Gone Lonesome Blues\u201d og \u201dSound of the Blues\u201d er noen eksempler.<\/p>\n","protected":false},"featured_media":26908,"comment_status":"closed","ping_status":"open","template":"","meta":[],"product_brand":[],"product_cat":[6],"product_tag":[],"class_list":{"0":"post-550","1":"product","2":"type-product","3":"status-publish","4":"has-post-thumbnail","6":"product_cat-grappa","7":"product_shipping_class-cddvd-shipping","8":"uni_artist_tag-alf-emil-eik","9":"uni_artist_tag-alf-trygve-vinge","10":"uni_artist_tag-arne-vigeland","11":"uni_artist_tag-audie-murphy","12":"uni_artist_tag-audrey-allison","13":"uni_artist_tag-bjoro-haland","14":"uni_artist_tag-dene-oneil","15":"uni_artist_tag-don-gibson","16":"uni_artist_tag-eddie-setson","17":"uni_artist_tag-frankie-brown","18":"uni_artist_tag-hank-williams","19":"uni_artist_tag-j-a-balthrop","20":"uni_artist_tag-james-lunsford","21":"uni_artist_tag-james-thornton","22":"uni_artist_tag-jeff-wassermann","23":"uni_artist_tag-joe-allison","24":"uni_artist_tag-johnny-cash","25":"uni_artist_tag-johnny-russel","26":"uni_artist_tag-per-kjetil-farstad","27":"uni_artist_tag-scott-turner","28":"uni_artist_tag-sonny-curtis","29":"uni_artist_tag-ted-harris","30":"uni_artist_tag-tor-einar-ribe","31":"uni_artist_tag-tore-andersen","32":"uni_artist_tag-troy-seals","33":"uni_artist_tag-vonie-morrison","34":"uni_main_artist_tag-bjoro-haland","35":"uni_artist_genre-country","37":"first","38":"outofstock","39":"taxable","40":"shipping-taxable","41":"purchasable","42":"product-type-simple"},"_links":{"self":[{"href":"https:\/\/grappa.no\/no\/wp-json\/wp\/v2\/product\/550","targetHints":{"allow":["GET"]}}],"collection":[{"href":"https:\/\/grappa.no\/no\/wp-json\/wp\/v2\/product"}],"about":[{"href":"https:\/\/grappa.no\/no\/wp-json\/wp\/v2\/types\/product"}],"replies":[{"embeddable":true,"href":"https:\/\/grappa.no\/no\/wp-json\/wp\/v2\/comments?post=550"}],"wp:featuredmedia":[{"embeddable":true,"href":"https:\/\/grappa.no\/no\/wp-json\/wp\/v2\/media\/26908"}],"wp:attachment":[{"href":"https:\/\/grappa.no\/no\/wp-json\/wp\/v2\/media?parent=550"}],"wp:term":[{"taxonomy":"product_brand","embeddable":true,"href":"https:\/\/grappa.no\/no\/wp-json\/wp\/v2\/product_brand?post=550"},{"taxonomy":"product_cat","embeddable":true,"href":"https:\/\/grappa.no\/no\/wp-json\/wp\/v2\/product_cat?post=550"},{"taxonomy":"product_tag","embeddable":true,"href":"https:\/\/grappa.no\/no\/wp-json\/wp\/v2\/product_tag?post=550"}],"curies":[{"name":"wp","href":"https:\/\/api.w.org\/{rel}","templated":true}]}}