{"id":549,"date":"1984-10-22T00:00:00","date_gmt":"1984-10-21T23:00:00","guid":{"rendered":"http:\/\/www.grappa.no\/albums\/uncategorized\/just-for-you\/"},"modified":"2024-06-04T12:25:17","modified_gmt":"2024-06-04T11:25:17","slug":"just-for-you","status":"publish","type":"product","link":"https:\/\/grappa.no\/no\/albums\/grappa\/just-for-you\/","title":{"rendered":"JUST FOR YOU"},"content":{"rendered":"<p><\/p>\n<p>Bj\u00f8ro H\u00e5land med stjernelag<\/p>\n<p>Just For You er et av flere album som Bj\u00f8ro H\u00e5land har spilt inn i Nashville. P\u00e5 Just For You gj\u00f8r han tolkninger av en rekke kjente klassikere, slik som \u201dWe\u00b4re Making Future Memories\u201d av Wood Newton og \u201dI\u00b4ll Be Faithful to You\u201d av Paul Kennerly. P\u00e5 innspillingen medvirker noen av USAs fremste countrymusikere, deriblant Bill Hullett, Pete Wade, Pete Drake, Lloyd Green og vokalgruppen The Jordanaires. Dessuten bidrar Vern Gosdin som gjestevokalist p\u00e5 den velkjente l\u00e5ten \u201dIf You\u00b4re Gonna Do Me Wrong (Do it Right)\u201d, skrevet av Max D. Barnes og Vern Gosdin. Det er ingen tvil om at H\u00e5land og Nashville er en ypperlig kombinasjon. Som en av sv\u00e6rt f\u00e5 norske countryartister har H\u00e5land mye av \u00e6ren for at den amerikanske countrymusikken er blitt tilgjengelig for et st\u00f8rre norsk publikum. Just For You viser hvor viktig han har v\u00e6rt for at denne sjangeren har f\u00e5tt fotfeste i Norge.<\/p>\n<p><!--more--><\/p>\n<h4><\/h4>\n<\/p>\n<h4><\/h4>\n<p><h4><\/h4>\n<\/p>\n<p><\/p>","protected":false},"excerpt":{"rendered":"<p>Som en av sv\u00e6rt f\u00e5 norske countryartister har H\u00e5land mye av \u00e6ren for at den amerikanske countrymusikken er blitt tilgjengelig for et st\u00f8rre norsk publikum. Just For You viser hvor viktig han har v\u00e6rt for at denne sjangeren har f\u00e5tt fotfeste i Norge.<\/p>\n","protected":false},"featured_media":26907,"comment_status":"closed","ping_status":"closed","template":"","meta":[],"product_brand":[],"product_cat":[6],"product_tag":[],"class_list":{"0":"post-549","1":"product","2":"type-product","3":"status-publish","4":"has-post-thumbnail","6":"product_cat-grappa","7":"product_shipping_class-cddvd-shipping","8":"uni_artist_tag-bill-hullet","9":"uni_artist_tag-bjoro-haland","10":"uni_artist_tag-bob-montgomery","11":"uni_artist_tag-brian-rawlings","12":"uni_artist_tag-buddy-spicher","13":"uni_artist_tag-carl-jackson","14":"uni_artist_tag-dean-marvel","15":"uni_artist_tag-hargus-robbins","16":"uni_artist_tag-jack-salomons","17":"uni_artist_tag-jerry-carrigan","18":"uni_artist_tag-jim-reeves","19":"uni_artist_tag-john-hatchcock","20":"uni_artist_tag-larry-kingston","21":"uni_artist_tag-lathan-hudson","22":"uni_artist_tag-lloyd-green","23":"uni_artist_tag-max-d-barnes","24":"uni_artist_tag-max-troy-barnes","25":"uni_artist_tag-paul-kennerly","26":"uni_artist_tag-pete-drake","27":"uni_artist_tag-pete-wade","28":"uni_artist_tag-phil-earhart","29":"uni_artist_tag-randy-best","30":"uni_artist_tag-randy-owen","31":"uni_artist_tag-ray-winckler","32":"uni_artist_tag-svenn-erik-fjeldberg","33":"uni_artist_tag-terry-mcmillan","34":"uni_artist_tag-the-jordanaires","35":"uni_artist_tag-vern-gosdin","36":"uni_artist_tag-wood-newton","37":"uni_main_artist_tag-bjoro-haland","38":"uni_artist_genre-country","40":"first","41":"outofstock","42":"taxable","43":"shipping-taxable","44":"purchasable","45":"product-type-simple"},"_links":{"self":[{"href":"https:\/\/grappa.no\/no\/wp-json\/wp\/v2\/product\/549","targetHints":{"allow":["GET"]}}],"collection":[{"href":"https:\/\/grappa.no\/no\/wp-json\/wp\/v2\/product"}],"about":[{"href":"https:\/\/grappa.no\/no\/wp-json\/wp\/v2\/types\/product"}],"replies":[{"embeddable":true,"href":"https:\/\/grappa.no\/no\/wp-json\/wp\/v2\/comments?post=549"}],"wp:featuredmedia":[{"embeddable":true,"href":"https:\/\/grappa.no\/no\/wp-json\/wp\/v2\/media\/26907"}],"wp:attachment":[{"href":"https:\/\/grappa.no\/no\/wp-json\/wp\/v2\/media?parent=549"}],"wp:term":[{"taxonomy":"product_brand","embeddable":true,"href":"https:\/\/grappa.no\/no\/wp-json\/wp\/v2\/product_brand?post=549"},{"taxonomy":"product_cat","embeddable":true,"href":"https:\/\/grappa.no\/no\/wp-json\/wp\/v2\/product_cat?post=549"},{"taxonomy":"product_tag","embeddable":true,"href":"https:\/\/grappa.no\/no\/wp-json\/wp\/v2\/product_tag?post=549"}],"curies":[{"name":"wp","href":"https:\/\/api.w.org\/{rel}","templated":true}]}}