{"id":548,"date":"2004-11-01T00:00:00","date_gmt":"2004-10-31T23:00:00","guid":{"rendered":"http:\/\/www.grappa.no\/albums\/uncategorized\/here-there-and-everywhere\/"},"modified":"2016-11-18T16:21:50","modified_gmt":"2016-11-18T15:21:50","slug":"here-there-and-everywhere","status":"publish","type":"product","link":"https:\/\/grappa.no\/no\/albums\/grappa\/here-there-and-everywhere\/","title":{"rendered":"HERE, THERE AND EVERYWHERE"},"content":{"rendered":"<p><\/p>\n<p>Musikk fra Sigmund Groven og Sir George Martin<\/p>\n<p>Sigmund Groven har denne gang samarbeidet med anerkjente Sir George Martin, tidligere produsent for The Beatles. Sir Martin er ivrig Groven-tilhenger og p\u00e5 Here, there and everywhere har han arrangert en rekke Beatles-l\u00e5ter for Groven. I tillegg til Beatles-klassikerne har Groven inkludert russiske folketoner, filmmusikk fra Hollywood samt egne komposisjoner. Her finner vi musikk fra popens verden, men ogs\u00e5 samtidsmusikk og mer tradisjonelle melodier. Groven mestrer alle sjangrene, suverent akkompagnert av Kringkastingsorkesteret under ledelse av John Wilson. Her er ogs\u00e5 verk av Sir Martin som Groven har f\u00e5tt \u00e6ren av \u00e5 spille inn for aller f\u00f8rste gang. Sir Martins spennende komposisjon er perfekt for Grovens virtuose spill og tekniske ferdighet. Here, There and Everywhere er et vakkert og stemningsfullt album og Groven viser seg igjen som en av verdens beste munnspillut\u00f8vere.<\/p>\n<p><!--more--><\/p>\n<p>Urinnspillinger av Beatlesprodusenten George Martin p\u00e5 Sigmund Grovens nye CD.<\/p>\n<h4>Fra Erik Bye til Fl\u00e5klypa<\/h4>\n<p>Sigmund Groven er ikke bare munnspillets fremste ambassad\u00f8r, men ogs\u00e5 Norgesambassad\u00f8r av rang. Konsertrepertoaret har alltid spent fra folkemusikk via Bach, til egne komposisjoner og norsk samtidsmusikk. I sistnevnte b\u00e5s finner \u201dV\u00e5rs\u00f8g\u201d av Henning Sommerro, kjenningsmelodi gjennom 20 \u00e5r til NRKs Natt\u00f8nsket. I tillegg har han satt sitt munnspill-stempel p\u00e5 nasjonalskatter som Svalbardtemaet fra filmen Orions belte og Reodors ballade fra Fl\u00e5klypa Grand Prix. Han har ogs\u00e5 satt melodi til Erik Byes \u201dS\u00e5 spiller vi harmonica\u201d, TV-serien Vi p\u00e5 Langedrag, Arve Tellefsens \u201dMusikken inni oss\u201d, Ole Edvard Antonsens \u201dSiesta\u201d \u2013 for \u00e5 nevne noe. Groven har turnert p\u00e5 alle verdens kontinenter, til panegyriske kritikker, og har f\u00e5tt en rekke verk spesialkomponert til seg. I Norge har han to ganger blitt tildelt prisen \u00c5rets verk av NOPA, popul\u00e6rkomponistenes forening.<\/p>\n<h4>Urinnspillinger av Sir George Martin<\/h4>\n<p>I tillegg til Beatles-klassikere som \u201dMichelle\u201d, \u201dEleanore Rigby\u201d, \u201dNorwegian Wood\u201d og \u201dYesterday\u201d har Groven inkludert russiske folketoner, filmmusikk fra Hollywood og egne komposisjoner. Her finnes musikk fra popens verden, men albumet presenterer ogs\u00e5 samtidsmusikk og mer tradisjonelle melodier. Groven mestrer alle disse sjangrene og leverer en rekke nydelige fremf\u00f8ringer, suverent akkompagnert av Kringkastingsorkesteret under ledelse av John Wilson. Her finner vi ogs\u00e5 innspillinger av Sir George Martin som Groven har f\u00e5tt \u00e6ren av \u00e5 spille inn for aller f\u00f8rste gang. Sir Martin overbeviser som komponist p\u00e5 \u201dThree American Sketches for Harmonica and Strings\u201d som i l\u00f8pet av 14 minutter svinger fra det muntre og melodi\u00f8se, via det lyriske og lengtende til det dramatiske. Sir Martins spennende komposisjon er perfekt for Grovens virtuose spill og tekniske ferdighet. Sir Martin var en god venn av Tommy Reilly, Grovens l\u00e6remester, og b\u00e5de komponerte og arrangerte for ham. Senere er han blitt en ivrig Groven-tilhenger.<\/p>\n<h4>Munnspillut\u00f8ver i verdensklasse<\/h4>\n<p>Here, There and Everywhere er et vakkert og stemningsfullt album og Groven viser igjen at han er en av verdens beste munnspillut\u00f8vere. Hans sans for musikalske variasjoner og hans finstemte teknikk gj\u00f8r han til en sv\u00e6rt popul\u00e6r musiker, b\u00e5de hos publikum og kritikere. Ikke minst har publikum i Asia f\u00e5tt \u00f8ynene opp for Grovens musikk der Here, There and Everywhere ble en enorm salgssuksess.<br \/>\n\u2013 I de rette hender kan det beskjedne munnspillet v\u00e6re et avansert instrument av stor skj\u00f8nnhet.  Sigmund Groven, liksom Tommy Reilly og Larry Adler f\u00f8r ham, utnytter til fulle munnspillets store spennvidde og klanglige muligheter. Han er en str\u00e5lende musiker, og framst\u00e5r i dag uten tvil som en av de fineste munnspillut\u00f8verne i verden, sier en imponert Sir George Martin.<\/p>\n<p><\/p>","protected":false},"excerpt":{"rendered":"<p>\u2013 Dette er vakkert fra ende til annen. Sigmund Groven er en harmonica-spiller av verdensformat. [Trond Erikson \/ Smaalenenes Avis]<\/p>\n","protected":false},"featured_media":26984,"comment_status":"closed","ping_status":"open","template":"","meta":[],"product_brand":[],"product_cat":[6],"product_tag":[],"class_list":{"0":"post-548","1":"product","2":"type-product","3":"status-publish","4":"has-post-thumbnail","6":"product_cat-grappa","7":"product_shipping_class-cddvd-shipping","8":"uni_artist_tag-dimitri-tiomkin","9":"uni_artist_tag-harald-aadland","10":"uni_artist_tag-john-lennon","11":"uni_artist_tag-john-wilson","12":"uni_artist_tag-paul-mccartney","13":"uni_artist_tag-pete-knutsen","14":"uni_artist_tag-rewas-lagidze","15":"uni_artist_tag-sigmund-groven","16":"uni_artist_tag-sir-george-martin","17":"uni_artist_tag-the-norwegian-radio-orchestra","18":"uni_artist_tag-v-solowiow-siedoj","19":"uni_main_artist_tag-sigmund-groven","20":"uni_artist_genre-instrumental","21":"uni_artist_genre-pop","22":"uni_artist_genre-rock","24":"first","25":"instock","26":"taxable","27":"shipping-taxable","28":"purchasable","29":"product-type-simple"},"_links":{"self":[{"href":"https:\/\/grappa.no\/no\/wp-json\/wp\/v2\/product\/548","targetHints":{"allow":["GET"]}}],"collection":[{"href":"https:\/\/grappa.no\/no\/wp-json\/wp\/v2\/product"}],"about":[{"href":"https:\/\/grappa.no\/no\/wp-json\/wp\/v2\/types\/product"}],"replies":[{"embeddable":true,"href":"https:\/\/grappa.no\/no\/wp-json\/wp\/v2\/comments?post=548"}],"wp:featuredmedia":[{"embeddable":true,"href":"https:\/\/grappa.no\/no\/wp-json\/wp\/v2\/media\/26984"}],"wp:attachment":[{"href":"https:\/\/grappa.no\/no\/wp-json\/wp\/v2\/media?parent=548"}],"wp:term":[{"taxonomy":"product_brand","embeddable":true,"href":"https:\/\/grappa.no\/no\/wp-json\/wp\/v2\/product_brand?post=548"},{"taxonomy":"product_cat","embeddable":true,"href":"https:\/\/grappa.no\/no\/wp-json\/wp\/v2\/product_cat?post=548"},{"taxonomy":"product_tag","embeddable":true,"href":"https:\/\/grappa.no\/no\/wp-json\/wp\/v2\/product_tag?post=548"}],"curies":[{"name":"wp","href":"https:\/\/api.w.org\/{rel}","templated":true}]}}