{"id":545,"date":"2004-04-19T00:00:00","date_gmt":"2004-04-18T23:00:00","guid":{"rendered":"http:\/\/www.grappa.no\/albums\/uncategorized\/mellom-fjord-og-fjell\/"},"modified":"2016-11-18T16:21:48","modified_gmt":"2016-11-18T15:21:48","slug":"mellom-fjord-og-fjell","status":"publish","type":"product","link":"https:\/\/grappa.no\/no\/albums\/grappa\/mellom-fjord-og-fjell\/","title":{"rendered":"MELLOM FJORD OG FJELL"},"content":{"rendered":"<p><\/p>\n<p>Mellom fjord og fjell<\/p>\n<p>Dette er en solid, norskspr\u00e5klig rap-plate som garantert vil vekke oppsikt i det norske musikkmilj\u00f8et. Skuespiller Eivind Sander er kjent fra TVNorges kultserie Nissene p\u00e5 l\u00e5ven og filmsuksessen &#8216;Buddy&#8217;. Han har ogs\u00e5 v\u00e6rt tilknyttet flere av de st\u00f8rre teatrene, og har hatt hovedroller blant annet ved Oslo Nye Teater. P\u00e5 sin debut-CD beviser Sander at han ogs\u00e5 som rapartist er en tekstformidler av h\u00f8y klasse. Tekstene hans beveger seg elegant mellom politikk, eksistensielle temaer og hverdagslige situasjoner, og budskapet formidles usminket og eksplisitt.  Enkelte steder kan han nok framst\u00e5 som desilusjonert og n\u00e6rmest aggressiv, men ved n\u00e6rmere lytting finner man ogs\u00e5 varme, optimisme og ikke minst humor i tekstene hans. Produsent og medkomponist Jacob Young har v\u00e6rt med p\u00e5 \u00e5 gi Mellom fjord og fjell et interessant og dynamisk lydbilde i grenselandet mellom rap, jazz og visepop. Rytmikken og grunnelementene i musikken ligger for det meste innenfor rap-genren, men bruken av instrumenter som akkustisk gitar og trompet tilf\u00f8rer l\u00e5tene andre stemninger. Kjente musikere som Nils Petter Molv\u00e6r og Karin Krog medvirker ogs\u00e5 p\u00e5 albumet.<\/p>\n<p><!--more--><\/p>\n<h4><\/h4>\n<\/p>\n<h4><\/h4>\n<p><h4><\/h4>\n<\/p>\n<p><\/p>","protected":false},"excerpt":{"rendered":"<p>P\u00e5 sin debut-CD beviser Sander at han ogs\u00e5 som rapartist er en tekstformidler av h\u00f8y klasse.<\/p>\n","protected":false},"featured_media":26980,"comment_status":"closed","ping_status":"open","template":"","meta":[],"product_brand":[],"product_cat":[6],"product_tag":[],"class_list":{"0":"post-545","1":"product","2":"type-product","3":"status-publish","4":"has-post-thumbnail","6":"product_cat-grappa","7":"product_shipping_class-cddvd-shipping","8":"uni_artist_tag-anders-engen","9":"uni_artist_tag-audun-erlien","10":"uni_artist_tag-cathrine-borkenhagen","11":"uni_artist_tag-david-rothenberg","12":"uni_artist_tag-dj-strangefruit","13":"uni_artist_tag-eivind-sander","14":"uni_artist_tag-giert-clausen","15":"uni_artist_tag-hakon-hustad","16":"uni_artist_tag-jacob-young","17":"uni_artist_tag-jakob-sander","18":"uni_artist_tag-janne-formoe","19":"uni_artist_tag-jannike-kruse","20":"uni_artist_tag-karin-krog","21":"uni_artist_tag-lasse-weeden","22":"uni_artist_tag-margrethe-forre","23":"uni_artist_tag-mats-eilertsen","24":"uni_artist_tag-mojo","25":"uni_artist_tag-nils-petter-molvaer","26":"uni_artist_tag-nina-andreassen","27":"uni_artist_tag-olav-slettahjel","28":"uni_artist_tag-oyvind-braekke","29":"uni_artist_tag-petter-wettre","30":"uni_artist_tag-rebo-lee","31":"uni_artist_tag-reidar-skar","32":"uni_artist_tag-rein-anders-baasmo-christiansen","33":"uni_artist_tag-reza-aghamir","34":"uni_artist_tag-sander-eivind-sander","35":"uni_artist_tag-torbjorn-harr","36":"uni_main_artist_tag-eivind-sander","37":"uni_artist_genre-hip-hop","38":"uni_artist_genre-norwegian","39":"uni_artist_genre-pop","41":"first","42":"instock","43":"taxable","44":"shipping-taxable","45":"purchasable","46":"product-type-simple"},"_links":{"self":[{"href":"https:\/\/grappa.no\/no\/wp-json\/wp\/v2\/product\/545","targetHints":{"allow":["GET"]}}],"collection":[{"href":"https:\/\/grappa.no\/no\/wp-json\/wp\/v2\/product"}],"about":[{"href":"https:\/\/grappa.no\/no\/wp-json\/wp\/v2\/types\/product"}],"replies":[{"embeddable":true,"href":"https:\/\/grappa.no\/no\/wp-json\/wp\/v2\/comments?post=545"}],"wp:featuredmedia":[{"embeddable":true,"href":"https:\/\/grappa.no\/no\/wp-json\/wp\/v2\/media\/26980"}],"wp:attachment":[{"href":"https:\/\/grappa.no\/no\/wp-json\/wp\/v2\/media?parent=545"}],"wp:term":[{"taxonomy":"product_brand","embeddable":true,"href":"https:\/\/grappa.no\/no\/wp-json\/wp\/v2\/product_brand?post=545"},{"taxonomy":"product_cat","embeddable":true,"href":"https:\/\/grappa.no\/no\/wp-json\/wp\/v2\/product_cat?post=545"},{"taxonomy":"product_tag","embeddable":true,"href":"https:\/\/grappa.no\/no\/wp-json\/wp\/v2\/product_tag?post=545"}],"curies":[{"name":"wp","href":"https:\/\/api.w.org\/{rel}","templated":true}]}}