{"id":543,"date":"2003-07-07T00:00:00","date_gmt":"2003-07-06T23:00:00","guid":{"rendered":"http:\/\/www.grappa.no\/albums\/uncategorized\/portrett-reutgivelse\/"},"modified":"2016-11-18T16:21:48","modified_gmt":"2016-11-18T15:21:48","slug":"portrett-reutgivelse","status":"publish","type":"product","link":"https:\/\/grappa.no\/no\/albums\/grappa\/portrett-reutgivelse\/","title":{"rendered":"PORTRETT [REUTGIVELSE]"},"content":{"rendered":"<p><\/p>\n<p>Lillebj\u00f8rn Nilsens gjennombrudd<\/p>\n<p>Portrett regnes som Lillebj\u00f8rn Nilsens store gjennombrudd som artist. Dette skyldes i stor grad gigantslagere som \u201dBarn av regnbuen\u201d, \u201dGategutt\u201d, \u201dAlle duene\u201d og \u201dRegnet er en venn\u201d. Nilsen har hentet inspirasjon fra norsk folkesang og amerikansk bluesgrass, og tematisk fremst\u00e5r platen som en av hans mest politiske. Et av ekstrasporene er en konsertversjon av \u201dAlle duene\u201d der Nilsen dedikerer sangen til okkupantene av R\u00f8nneberghuset i \u00c5lesund, 1973. Nilsen var sv\u00e6rt engasjert i saken og sendte blant annet et telegram til okkupantene. Telegrammet finnes avbildet i CD-boken. Gjenutgivelsen av Portrett skjedde samme \u00e5r som to av Nilsens andre plater ble gjenutgitt p\u00e5 CD: Tilbake (1971) og Byen med det store hjertet (1975). De tre platene ble digitalt behandlet og sterkt forbedret, og inneholder 5 ekstraspor hver som ikke fantes p\u00e5 de originale LP-utgivelsene.<\/p>\n<p><!--more--><\/p>\n<h4><\/h4>\n<\/p>\n<h4><\/h4>\n<p><h4><\/h4>\n<\/p>\n<p><\/p>","protected":false},"excerpt":{"rendered":"<p>Nilsen-slagere p\u00e5 rad og rekke!<\/p>\n","protected":false},"featured_media":26986,"comment_status":"closed","ping_status":"open","template":"","meta":[],"product_brand":[],"product_cat":[6],"product_tag":[],"class_list":{"0":"post-543","1":"product","2":"type-product","3":"status-publish","4":"has-post-thumbnail","6":"product_cat-grappa","7":"product_shipping_class-cddvd-shipping","8":"uni_artist_tag-anne-marie-siebke","9":"uni_artist_tag-annette-borsum","10":"uni_artist_tag-bjorn-jacobsen","11":"uni_artist_tag-carl-morten-iversen","12":"uni_artist_tag-eivind-boksle","13":"uni_artist_tag-elisabeth-siebke","14":"uni_artist_tag-espen-rud","15":"uni_artist_tag-ewert-ljusberg","16":"uni_artist_tag-finn-kalvik","17":"uni_artist_tag-fredrik-wibe","18":"uni_artist_tag-frode-thingnaes","19":"uni_artist_tag-hege-tunaal","20":"uni_artist_tag-johann-sebastian-bach","21":"uni_artist_tag-kari-svendsen","22":"uni_artist_tag-kristin-hexeberg","23":"uni_artist_tag-lillebjorn-nilsen","24":"uni_artist_tag-oystein-sunde","25":"uni_artist_tag-pete-seeger","26":"uni_artist_tag-pete-steele","27":"uni_artist_tag-steinar-ofsdal","28":"uni_artist_tag-trad","29":"uni_artist_tag-trond-villa","30":"uni_artist_tag-willy-kraus","31":"uni_main_artist_tag-lillebjorn-nilsen","32":"uni_artist_genre-folk-music","33":"uni_artist_genre-singersongwriter","35":"first","36":"instock","37":"taxable","38":"shipping-taxable","39":"purchasable","40":"product-type-simple"},"_links":{"self":[{"href":"https:\/\/grappa.no\/no\/wp-json\/wp\/v2\/product\/543","targetHints":{"allow":["GET"]}}],"collection":[{"href":"https:\/\/grappa.no\/no\/wp-json\/wp\/v2\/product"}],"about":[{"href":"https:\/\/grappa.no\/no\/wp-json\/wp\/v2\/types\/product"}],"replies":[{"embeddable":true,"href":"https:\/\/grappa.no\/no\/wp-json\/wp\/v2\/comments?post=543"}],"wp:featuredmedia":[{"embeddable":true,"href":"https:\/\/grappa.no\/no\/wp-json\/wp\/v2\/media\/26986"}],"wp:attachment":[{"href":"https:\/\/grappa.no\/no\/wp-json\/wp\/v2\/media?parent=543"}],"wp:term":[{"taxonomy":"product_brand","embeddable":true,"href":"https:\/\/grappa.no\/no\/wp-json\/wp\/v2\/product_brand?post=543"},{"taxonomy":"product_cat","embeddable":true,"href":"https:\/\/grappa.no\/no\/wp-json\/wp\/v2\/product_cat?post=543"},{"taxonomy":"product_tag","embeddable":true,"href":"https:\/\/grappa.no\/no\/wp-json\/wp\/v2\/product_tag?post=543"}],"curies":[{"name":"wp","href":"https:\/\/api.w.org\/{rel}","templated":true}]}}