{"id":542,"date":"2003-07-07T00:00:00","date_gmt":"2003-07-06T23:00:00","guid":{"rendered":"http:\/\/www.grappa.no\/albums\/uncategorized\/tilbake\/"},"modified":"2024-01-29T13:57:04","modified_gmt":"2024-01-29T12:57:04","slug":"tilbake","status":"publish","type":"product","link":"https:\/\/grappa.no\/no\/albums\/grappa\/tilbake\/","title":{"rendered":"TILBAKE"},"content":{"rendered":"<p><\/p>\n<p>Lillebj\u00f8rn Nilsens solodebut<\/p>\n<p>Tilbake er Lillebj\u00f8rn Nilsens f\u00f8rste soloutgivelse og regnes som en av hans mer selvbiografiske plater. Den skildrer tiden og milj\u00f8et den kom ut i, forsterket av bylydene som er lagt til mellom sangene. Utgivelsen inneholder velkjente l\u00e5ter som \u201dFar har fortalt\u201d, \u201dNattestemning fra en by\u201d og \u201dRavneferd\u201d som Nilsen fikk av legendariske Roy Harper. Et av ekstrasporene er \u201dSvikefulle Mari\u201d, en norsk versjon av \u201dWhiskey in the jar\u201d som ofte ble fremf\u00f8rt p\u00e5 konserter p\u00e5 60- og 70-tallet. Tilbake var en spesiell LP der all musikk og resitasjon opprinnelig gikk i ett: ett spor p\u00e5 side 1 og ett spor p\u00e5 side 2. Disse ble lagt inn som spormerker p\u00e5 CD-versjonen i 2003. Gjenutgivelsen av Tilbake skjedde samme \u00e5r som to av Nilsens andre plater ble gjenutgitt p\u00e5 CD: Portrett (1973) og Byen med det store hjertet (1975). De tre platene ble digitalt behandlet og sterkt forbedret, og inneholder 5 ekstraspor hver som ikke fantes p\u00e5 de originale LP-utgivelsene.<\/p>\n<p><!--more--><\/p>\n<h4><\/h4>\n<\/p>\n<h4><\/h4>\n<p><h4><\/h4>\n<\/p>\n<p><\/p>","protected":false},"excerpt":{"rendered":"<p>Sterk debut fra hele Norges Lillebj\u00f8rn!<\/p>\n","protected":false},"featured_media":26919,"comment_status":"closed","ping_status":"closed","template":"","meta":[],"product_brand":[],"product_cat":[6],"product_tag":[],"class_list":{"0":"post-542","1":"product","2":"type-product","3":"status-publish","4":"has-post-thumbnail","6":"product_cat-grappa","7":"product_shipping_class-cddvd-shipping","8":"uni_artist_tag-bjorn-holmvik","9":"uni_artist_tag-finn-kalvik","10":"uni_artist_tag-fred-noddelund","11":"uni_artist_tag-hege-tunaal","12":"uni_artist_tag-kari-svendsen","13":"uni_artist_tag-kristin-berglund","14":"uni_artist_tag-lillebjorn-nilsen","15":"uni_artist_tag-oystein-sunde","16":"uni_artist_tag-ralph-mctell","17":"uni_artist_tag-roy-harper","18":"uni_artist_tag-svein-christiansen","19":"uni_artist_tag-svein-erik-borja","20":"uni_artist_tag-trad","21":"uni_main_artist_tag-lillebjorn-nilsen","22":"uni_artist_genre-folk-music","23":"uni_artist_genre-singersongwriter","25":"first","26":"outofstock","27":"taxable","28":"shipping-taxable","29":"purchasable","30":"product-type-simple"},"_links":{"self":[{"href":"https:\/\/grappa.no\/no\/wp-json\/wp\/v2\/product\/542","targetHints":{"allow":["GET"]}}],"collection":[{"href":"https:\/\/grappa.no\/no\/wp-json\/wp\/v2\/product"}],"about":[{"href":"https:\/\/grappa.no\/no\/wp-json\/wp\/v2\/types\/product"}],"replies":[{"embeddable":true,"href":"https:\/\/grappa.no\/no\/wp-json\/wp\/v2\/comments?post=542"}],"wp:featuredmedia":[{"embeddable":true,"href":"https:\/\/grappa.no\/no\/wp-json\/wp\/v2\/media\/26919"}],"wp:attachment":[{"href":"https:\/\/grappa.no\/no\/wp-json\/wp\/v2\/media?parent=542"}],"wp:term":[{"taxonomy":"product_brand","embeddable":true,"href":"https:\/\/grappa.no\/no\/wp-json\/wp\/v2\/product_brand?post=542"},{"taxonomy":"product_cat","embeddable":true,"href":"https:\/\/grappa.no\/no\/wp-json\/wp\/v2\/product_cat?post=542"},{"taxonomy":"product_tag","embeddable":true,"href":"https:\/\/grappa.no\/no\/wp-json\/wp\/v2\/product_tag?post=542"}],"curies":[{"name":"wp","href":"https:\/\/api.w.org\/{rel}","templated":true}]}}