{"id":541,"date":"2003-09-22T00:00:00","date_gmt":"2003-09-21T23:00:00","guid":{"rendered":"http:\/\/www.grappa.no\/albums\/uncategorized\/over-the-rainbow\/"},"modified":"2016-11-18T16:21:47","modified_gmt":"2016-11-18T15:21:47","slug":"over-the-rainbow","status":"publish","type":"product","link":"https:\/\/grappa.no\/no\/albums\/grappa\/over-the-rainbow\/","title":{"rendered":"OVER THE RAINBOW"},"content":{"rendered":"<p><\/p>\n<p>Sigmund Grovens \u00f8nskekonsert<\/p>\n<p>Sigmund Groven presenterer her en rekke velkjente l\u00e5ter som alle er popul\u00e6re innslag i hans eget konsertrepertoar. Det er med andre en \u00f8nskekonsert vi f\u00e5r presentert her og dette inneb\u00e6rer publikumsfavoritter som \u201dSend in the Clowns\u201d, Londonderry Air\u201d, og \u201dThe Entertainer\u201d. I tillegg finner vi et stort antall andre glansnumre som ikke har v\u00e6rt tilgjengelige p\u00e5 Grovens tidligere utgivelser. S\u00e6rlig popul\u00e6r et Grovens tolkning av tittelsporet, Over the Rainbow, der han med innlevelse lar de varme tonene fra munnspillet formidle tematikken i denne legendariske l\u00e5ten. Foruten Grovens variasjoner over kjente og kj\u00e6re melodier, finner vi Grovens egne komposisjoner som med tiden ogs\u00e5 har f\u00e5tt klassikerstatus. Albumet er en herlig samling av noen av verdens vakreste melodier og Grovens tolkninger av dem varierer fra det vemodige og nostalgiske til det fargerike og friske.<\/p>\n<p><!--more--><\/p>\n<p>Sigmund Groven er klar med etterlengtet \u00f8nskekonsert for munnspillfans!<\/p>\n<h4>Klassikere i munnspilldrakt<\/h4>\n<p>Da den amerikanske musikkbransjen skulle k\u00e5re det tyvende \u00e5rhundrets vakreste sang, valgte de Harold Arlens \u201cOver the Rainbow\u201d. Denne er for alltid knyttet til legendariske Judy Garland, men det finnes ogs\u00e5 et utall andre tolkninger. Etter Sigmund Grovens mening er melodien s\u00e5 sterk at den st\u00e5r godt ogs\u00e5 uten tekst. En nyere klassiker, \u201cSend in the Clowns\u201d, er hentet fra Stephen Sondheims Broadway-musikal A Little Night Music. Munnspillet egner seg godt til \u00e5 formidle slike vemodige melodier, derfor er ogs\u00e5 den nostalgiske irske folketonen fra \u201cLondonderry Air\u201d (ogs\u00e5 kjent som \u201cDanny Boy\u201d) et takknemlig munnspillnummer. Ellers p\u00e5 innspillingen finner vi blant annet James Moodys \u201cIrish Medley\u201d, den tradisjonelle j\u00f8diske melodien \u201cHave Nagila\u201d, Scott Joplins \u201cThe Entertainer\u201d og det vakre cellostykket \u201cSvanen\u201d fra Saint-Sa\u00ebns\u2019 festlige \u201cDyrenes karneval\u201d.<\/p>\n<h4>Originalkomposert materiale<\/h4>\n<p>I tillegg til alt dette gir \u201cOver the Rainbow\u201d oss ogs\u00e5 en god porsjon originalkomponert musikk for munnspill. Den pastorale \u201cRibbon of Sand\u201d er skrevet av John Surman (kjent i Norge for sitt samarbeid med Karin Krog), mens \u201cHeimover\u201d, \u201cVinlandsuite\u201d og \u201cS\u00e5 spiller vi harmonika\u201d er signert av Groven selv. Albumet er preget av et vart og sobert lydbilde der Grovens finstemte munnspill leder an, akkompagnert av vakkert pianospill fremf\u00f8rt av fire av v\u00e5re dyktigste musikere: Ivar Anton Waagard, Iver Kleive, Helge Iberg og Kjetil Bjerkestrand.<\/p>\n<h4><\/h4>\n<\/p>\n<p><\/p>","protected":false},"excerpt":{"rendered":"<p>Sigmund Grovens hyllest til klassikerne.<\/p>\n","protected":false},"featured_media":26982,"comment_status":"closed","ping_status":"open","template":"","meta":[],"product_brand":[],"product_cat":[6],"product_tag":[],"class_list":{"0":"post-541","1":"product","2":"type-product","3":"status-publish","4":"has-post-thumbnail","6":"product_cat-grappa","7":"product_shipping_class-cddvd-shipping","8":"uni_artist_tag-ambroise-thomas","9":"uni_artist_tag-camille-saint-saens","10":"uni_artist_tag-charles-gounod","11":"uni_artist_tag-harold-arlen","12":"uni_artist_tag-helge-iberg","13":"uni_artist_tag-ivar-anton-waagaard","14":"uni_artist_tag-iver-kleive","15":"uni_artist_tag-james-moody","16":"uni_artist_tag-johann-sebastian-bach","17":"uni_artist_tag-john-surman","18":"uni_artist_tag-kjetil-bjerkestrand","19":"uni_artist_tag-scott-joplin","20":"uni_artist_tag-sigmund-groven","21":"uni_artist_tag-stephen-sondheim","22":"uni_artist_tag-tommy-reilly","23":"uni_artist_tag-trad","24":"uni_main_artist_tag-sigmund-groven","25":"uni_artist_genre-contemporary-music","26":"uni_artist_genre-instrumental","28":"first","29":"instock","30":"taxable","31":"shipping-taxable","32":"purchasable","33":"product-type-simple"},"_links":{"self":[{"href":"https:\/\/grappa.no\/no\/wp-json\/wp\/v2\/product\/541","targetHints":{"allow":["GET"]}}],"collection":[{"href":"https:\/\/grappa.no\/no\/wp-json\/wp\/v2\/product"}],"about":[{"href":"https:\/\/grappa.no\/no\/wp-json\/wp\/v2\/types\/product"}],"replies":[{"embeddable":true,"href":"https:\/\/grappa.no\/no\/wp-json\/wp\/v2\/comments?post=541"}],"wp:featuredmedia":[{"embeddable":true,"href":"https:\/\/grappa.no\/no\/wp-json\/wp\/v2\/media\/26982"}],"wp:attachment":[{"href":"https:\/\/grappa.no\/no\/wp-json\/wp\/v2\/media?parent=541"}],"wp:term":[{"taxonomy":"product_brand","embeddable":true,"href":"https:\/\/grappa.no\/no\/wp-json\/wp\/v2\/product_brand?post=541"},{"taxonomy":"product_cat","embeddable":true,"href":"https:\/\/grappa.no\/no\/wp-json\/wp\/v2\/product_cat?post=541"},{"taxonomy":"product_tag","embeddable":true,"href":"https:\/\/grappa.no\/no\/wp-json\/wp\/v2\/product_tag?post=541"}],"curies":[{"name":"wp","href":"https:\/\/api.w.org\/{rel}","templated":true}]}}