{"id":539,"date":"2001-08-20T00:00:00","date_gmt":"2001-08-19T23:00:00","guid":{"rendered":"http:\/\/www.grappa.no\/albums\/uncategorized\/dollies-beste\/"},"modified":"2016-11-18T16:21:46","modified_gmt":"2016-11-18T15:21:46","slug":"dollies-beste","status":"publish","type":"product","link":"https:\/\/grappa.no\/no\/albums\/grappa\/dollies-beste\/","title":{"rendered":"DOLLIE&#8217;S BESTE"},"content":{"rendered":"<p><\/p>\n<p>Endelig er Dollies beste sanger samlet p\u00e5 \u00e9n CD<\/p>\n<p>21 \u00e5r som rommer glimrende popmusikk fra en av landets mest omfattende og fascinerende artistkarrierer. Her er den ud\u00f8delige Grand Pirx-slageren Lenge leve livet fra 1984 \u2013 aldri en hit, men norsk folkeeie i s\u00e6rklasse, opera\/rock-fusjonen i Queen of the Night\/Satisfaction som ble kjempehit i Frankrike, Musikaleventyret Which Witch med sitt overf\u00f8ldighetshorn av gode melodier, landeplagen Min hvite mage fra musikalen Henriette VIII frem til dagens moderne, sofistikerte Adrian\/Bj\u00f8rnov-pop.<\/p>\n<p><!--more--><\/p>\n<h4><\/h4>\n<\/p>\n<h4><\/h4>\n<p><h4><\/h4>\n<\/p>\n<p><\/p>","protected":false},"excerpt":{"rendered":"<p>Popmusikk er poengtert dramaturgi, fengende refrenger og musikalsk tekst i l\u00f8pet av et treminuttersverk \u2013 intet mindre. S\u00e5 lett og s\u00e5 vanskelig. Dollies beste er 17 glimrende eksempler p\u00e5 arten. Ikke bare blant Dollies beste, men blant de beste.<\/p>\n","protected":false},"featured_media":26962,"comment_status":"closed","ping_status":"open","template":"","meta":[],"product_brand":[],"product_cat":[6],"product_tag":[],"class_list":{"0":"post-539","1":"product","2":"type-product","3":"status-publish","4":"has-post-thumbnail","6":"product_cat-grappa","7":"product_shipping_class-cddvd-shipping","8":"uni_artist_tag-dollie-de-luxe","9":"uni_main_artist_tag-dollie-de-luxe","10":"uni_artist_genre-norwegian","11":"uni_artist_genre-pop","13":"first","14":"instock","15":"taxable","16":"shipping-taxable","17":"purchasable","18":"product-type-simple"},"_links":{"self":[{"href":"https:\/\/grappa.no\/no\/wp-json\/wp\/v2\/product\/539","targetHints":{"allow":["GET"]}}],"collection":[{"href":"https:\/\/grappa.no\/no\/wp-json\/wp\/v2\/product"}],"about":[{"href":"https:\/\/grappa.no\/no\/wp-json\/wp\/v2\/types\/product"}],"replies":[{"embeddable":true,"href":"https:\/\/grappa.no\/no\/wp-json\/wp\/v2\/comments?post=539"}],"wp:featuredmedia":[{"embeddable":true,"href":"https:\/\/grappa.no\/no\/wp-json\/wp\/v2\/media\/26962"}],"wp:attachment":[{"href":"https:\/\/grappa.no\/no\/wp-json\/wp\/v2\/media?parent=539"}],"wp:term":[{"taxonomy":"product_brand","embeddable":true,"href":"https:\/\/grappa.no\/no\/wp-json\/wp\/v2\/product_brand?post=539"},{"taxonomy":"product_cat","embeddable":true,"href":"https:\/\/grappa.no\/no\/wp-json\/wp\/v2\/product_cat?post=539"},{"taxonomy":"product_tag","embeddable":true,"href":"https:\/\/grappa.no\/no\/wp-json\/wp\/v2\/product_tag?post=539"}],"curies":[{"name":"wp","href":"https:\/\/api.w.org\/{rel}","templated":true}]}}