{"id":538,"date":"2002-09-02T00:00:00","date_gmt":"2002-09-01T23:00:00","guid":{"rendered":"http:\/\/www.grappa.no\/albums\/uncategorized\/president\/"},"modified":"2016-11-18T16:21:46","modified_gmt":"2016-11-18T15:21:46","slug":"president","status":"publish","type":"product","link":"https:\/\/grappa.no\/no\/albums\/grappa\/president\/","title":{"rendered":"PRESIDENT"},"content":{"rendered":"<p><\/p>\n<p>Eggum for president?<\/p>\n<p>Jan Eggum har hevdet at President er en av hans beste plater noensinne, noe flere kritikere og lyttere nikket anerkjennende til tross for vanskeligheten av \u00e5 velge bare \u00e9n favoritt blant hans utallige musikalske h\u00f8ydepunkter. Produsert av Geir Luedy og Mats Gr\u00f8nner og med dyktige musikere som Audun Kleive, Bj\u00f8rn Kjellemyr, Jan Gunnar Hoff, og Morten F\u00e6restrand har utgivelsen f\u00e5tt et friskt og vitalt preg som kler Eggums melodier. Foreningen av jazz, pop og visesang gir et spennende lydbilde med bruk av rytmedetaljer og samplinger, mens Bergensgruppen Ephemeras vokale bidrag harmoniserer nydelig med Eggums s\u00e6regne stemme. L\u00e5ter som tittelsporet \u201dPresident\u201d, \u201dH\u00f8rt det f\u00f8r\u201d og den sterke balladen \u201dEt kort sekund\u201d (fra musikalen Antons Villfaring) bekrefter denne artistens evne til \u00e5 levere sterkt og troverdig l\u00e5tmateriale der elementer som samfunnsrefs, melankoli og kj\u00e6rlighetsproblematikk f\u00e5r plass.<\/p>\n<p><!--more--><\/p>\n<p>Det er all mulig grunn til \u00e5 mistenke Jan Eggum for \u00e5 ha rett, n\u00e5r han p\u00e5st\u00e5r at dette er den beste platen han har laget.<\/p>\n<h4>Erfaren artist<\/h4>\n<p>Jan Eggum debuterte i 1975. Siden den gang har det blitt en rekke plateutgivelser under eget navn og med Gitarkameratene, et stort antall forestillinger og viseb\u00f8ker, samt en ufattelig mengde konserter. Det skorter med andre ord ikke p\u00e5 erfaring hos Eggum, og det er derfor all grunn til \u00e5 legge merke til utsagnet hans om at President er den beste platen han har laget noensinne.<\/p>\n<h4>Vital Eggum<\/h4>\n<p>12 nye l\u00e5ter har det blitt plass til p\u00e5 President, innspilt i Lydriket i Bergen med Geir Luedy bak spakene og med Audun Kleive, Bj\u00f8rn Kjellemyr, Jan Gunnar Hoff og Morten F\u00e6restrand som musikere. Platen har ogs\u00e5 vokale innslag fra Ephemera. Det l\u00e5ter umiskjennelig Eggumsk, men samtidig ungt, friskt og moderne. L\u00f8s jakke under innspillingene og stram disiplin under redigering og miks har gitt et vitalt og levende men samtidig stringent lydbilde. Dette er jazz og pop og visesang i skj\u00f8nn forening, og med l\u00e5tmateriale av sedvanlig sterk Eggum-kvalitet i bunn. L\u00e5ter som &quot;President&quot;, &quot;H\u00f8rt det f\u00f8r&quot; og &quot;Et kort sekund&quot; har alle stoff i seg til \u00e5 bli fremtidige Eggum-klassikere. Og l\u00e5ten &quot;Tommy&quot; er allerede blitt en konsert-klassiker.<\/p>\n<h4><\/h4>\n<\/p>\n<p><\/p>","protected":false},"excerpt":{"rendered":"<p>\u2013 Eggum er som \u00e5rgangsvin \u2013 han blir bare bedre og bedre. [Dagbladet]<\/p>\n","protected":false},"featured_media":26977,"comment_status":"closed","ping_status":"open","template":"","meta":[],"product_brand":[],"product_cat":[6],"product_tag":[],"class_list":{"0":"post-538","1":"product","2":"type-product","3":"status-publish","4":"has-post-thumbnail","6":"product_cat-grappa","7":"product_shipping_class-cddvd-shipping","8":"uni_artist_tag-audun-kleive","9":"uni_artist_tag-bjorn-kjellemyr","10":"uni_artist_tag-ephemera","11":"uni_artist_tag-geir-luedy","12":"uni_artist_tag-jan-eggum","13":"uni_artist_tag-jan-gunnar-hoff","14":"uni_artist_tag-jorn-haarr-eriksson","15":"uni_artist_tag-mats-egil-gronner","16":"uni_artist_tag-morten-faerestrand","17":"uni_artist_tag-tor-bjarne-bjelland","18":"uni_main_artist_tag-jan-eggum","19":"uni_artist_genre-norwegian","20":"uni_artist_genre-pop","21":"uni_artist_genre-rock","22":"uni_artist_genre-singersongwriter","24":"first","25":"instock","26":"taxable","27":"shipping-taxable","28":"purchasable","29":"product-type-simple"},"_links":{"self":[{"href":"https:\/\/grappa.no\/no\/wp-json\/wp\/v2\/product\/538","targetHints":{"allow":["GET"]}}],"collection":[{"href":"https:\/\/grappa.no\/no\/wp-json\/wp\/v2\/product"}],"about":[{"href":"https:\/\/grappa.no\/no\/wp-json\/wp\/v2\/types\/product"}],"replies":[{"embeddable":true,"href":"https:\/\/grappa.no\/no\/wp-json\/wp\/v2\/comments?post=538"}],"wp:featuredmedia":[{"embeddable":true,"href":"https:\/\/grappa.no\/no\/wp-json\/wp\/v2\/media\/26977"}],"wp:attachment":[{"href":"https:\/\/grappa.no\/no\/wp-json\/wp\/v2\/media?parent=538"}],"wp:term":[{"taxonomy":"product_brand","embeddable":true,"href":"https:\/\/grappa.no\/no\/wp-json\/wp\/v2\/product_brand?post=538"},{"taxonomy":"product_cat","embeddable":true,"href":"https:\/\/grappa.no\/no\/wp-json\/wp\/v2\/product_cat?post=538"},{"taxonomy":"product_tag","embeddable":true,"href":"https:\/\/grappa.no\/no\/wp-json\/wp\/v2\/product_tag?post=538"}],"curies":[{"name":"wp","href":"https:\/\/api.w.org\/{rel}","templated":true}]}}