{"id":537,"date":"2002-08-19T00:00:00","date_gmt":"2002-08-18T23:00:00","guid":{"rendered":"http:\/\/www.grappa.no\/albums\/uncategorized\/where-flamingos-fly\/"},"modified":"2016-11-18T16:21:45","modified_gmt":"2016-11-18T15:21:45","slug":"where-flamingos-fly","status":"publish","type":"product","link":"https:\/\/grappa.no\/no\/albums\/grappa\/where-flamingos-fly\/","title":{"rendered":"WHERE FLAMINGOS FLY"},"content":{"rendered":"<p><\/p>\n<p>Spennende m\u00f8te mellom Krog og Young<\/p>\n<p>Where Flamingos Fly er et fengende m\u00f8te mellom en av Norges fremste jazzsangere og en av den yngre jazzgenerasjonens beste gitarister. Med variasjoner over ulike klassikere skildrer Karin Krog og Jacob Young forskjellige skjebner og situasjoner med musikalsk dyktighet og innlevelse. L\u00e5tene p\u00e5 utgivelsen er valgt ut i fellesskap, med utgangspunkt i materiale som Krog har et spesielt forhold til, slik som \u201dPrelude To A Kiss\u201d, \u201dEverytime We Say Goodbye\u201d og ikke minst hennes egen \u201dNorthern Sun\u201d. Komplisert og forheksende gitarspill g\u00e5r h\u00e5nd i h\u00e5nd med Krogs inntagende og erfarne stemme og det nedtonede og tilbakelente lydbildet kler b\u00e5de artistene og l\u00e5tene. P\u00e5 utvalgte spor bidrar ogs\u00e5 Arild Andersen med sitt eminente basspill. Where Flamingos Fly er Krog og Youngs f\u00f8rste utgivelse sammen og er dessuten Krogs f\u00f8rste samarbeidsutgivelse med en gitarist.<\/p>\n<p><!--more--><\/p>\n<p>Sangeren Karin Krog og gitaristen Jacob Young gir ut duoplate med jazz-standards.<\/p>\n<h4>Karin Krog<\/h4>\n<p>Karin Krog har en rekke utgivelser bak seg, blant annet platen Bluesand (2000) med John Surman, som hun mottok Spellemannprisen for. Andre viktige utgivelser er Seagull, Together Aain og Seet Talker: Best of Karin Krog. Hun har i l\u00f8pet av sin lange karriere jobbet med navn som Dexter Gordon, Archie Shepp og Don Ellis, og har i de senere \u00e5r samarbeidet med svensken Nils Lindberg. <\/p>\n<p>Karin Krog ble f\u00f8rst kjent i det skandinaviske jazzmilj\u00f8et tidlig p\u00e5 60-tallet. Siden den gang har hun hatt engasjementer over hele verden. Hennes f\u00f8rste viktige internasjonale opptreden var ved Antibes festivalen i 1964. Hun har gjort et stort antall konserter i Skandinavia, Europa, USA og Asia. I de senere \u00e5r har hun arbeidet med Bengt Hallberg og John Surman og i 1987 startet hun sitt eget platemerke Meantime records.<\/p>\n<h4>Jacob Young<\/h4>\n<p>Jacob Young har tidligere utgitt platene This is you (1995), Pieces of time (1997) og  Glow (2001). Han har samarbeidet med en rekke norske elitemusikere, og har ogs\u00e5 oppholdt seg en periode i New York der han opptr\u00e5dte med internasjonalt kjente navn som John Abercrombie og Larry Goldings.<\/p>\n<p>Jacob Young Band har turnert rundt i Norge og har ogs\u00e5 opptr\u00e5dt i Sverige og Danmark. De har ogs\u00e5 v\u00e6rt med i kulturprogrammet \u201dGydas Vei\u201d p\u00e5 NRK 1.Ved siden av \u00e5 lede eget band arbeider han n\u00e5 som freelancemusiker b\u00e5de som gitarist og komponist.<\/p>\n<h4>Spesielt samarbeid<\/h4>\n<p>Where Flamingos Fly presenterer Karin Krog og gitaristen Jacob Young i skj\u00f8nn forening og er et fengende m\u00f8te mellom en av de fremste norske jazzsangere og en av den yngre jazzgenerasjonens fremste gitarister. L\u00e5tene p\u00e5 utgivelsen er valgt ut i fellesskap og har tatt utgangspunkt i materiale som Krog enten har jobbet med eller har et spesielt forhold til.<\/p>\n<p>Krogs s\u00e6regne vokal og Youngs distinkte gitarspill skaper en helt egen stemning p\u00e5 dette albumet. P\u00e5 utvalgte spor bidrar ogs\u00e5 Arild Andersen med sitt eminente basspill.Where Flamingos Fly er Krog og Youngs f\u00f8rste utgivelse sammen og dette er dessuten Krogs f\u00f8rste samarbeidsutgivelse med en gitarist.<\/p>\n<p><\/p>","protected":false},"excerpt":{"rendered":"<p>Tidl\u00f8st jazzm\u00f8te mellom Krog og Young.<\/p>\n","protected":false},"featured_media":26978,"comment_status":"closed","ping_status":"open","template":"","meta":[],"product_brand":[],"product_cat":[6],"product_tag":[],"class_list":{"0":"post-537","1":"product","2":"type-product","3":"status-publish","4":"has-post-thumbnail","6":"product_cat-grappa","7":"product_shipping_class-cddvd-shipping","8":"uni_artist_tag-antonio-carlos-jobim","9":"uni_artist_tag-arild-andersen","10":"uni_artist_tag-arthur-hamilton","11":"uni_artist_tag-blossom-dearie","12":"uni_artist_tag-cole-porter","13":"uni_artist_tag-duke-ellington","14":"uni_artist_tag-e-y-harburg","15":"uni_artist_tag-harold-arlen","16":"uni_artist_tag-irving-mills","17":"uni_artist_tag-jacob-young","18":"uni_artist_tag-james-kennedy","19":"uni_artist_tag-joe-turner","20":"uni_artist_tag-john-surman","21":"uni_artist_tag-karin-krog","22":"uni_artist_tag-mascha-spoliansky","23":"uni_artist_tag-matt-dennis","24":"uni_artist_tag-pete-johnsen","25":"uni_artist_tag-sammy-fain","26":"uni_artist_tag-tom-adair","27":"uni_main_artist_tag-karin-krog","28":"uni_artist_genre-jazz","30":"first","31":"outofstock","32":"taxable","33":"shipping-taxable","34":"purchasable","35":"product-type-simple"},"_links":{"self":[{"href":"https:\/\/grappa.no\/no\/wp-json\/wp\/v2\/product\/537","targetHints":{"allow":["GET"]}}],"collection":[{"href":"https:\/\/grappa.no\/no\/wp-json\/wp\/v2\/product"}],"about":[{"href":"https:\/\/grappa.no\/no\/wp-json\/wp\/v2\/types\/product"}],"replies":[{"embeddable":true,"href":"https:\/\/grappa.no\/no\/wp-json\/wp\/v2\/comments?post=537"}],"wp:featuredmedia":[{"embeddable":true,"href":"https:\/\/grappa.no\/no\/wp-json\/wp\/v2\/media\/26978"}],"wp:attachment":[{"href":"https:\/\/grappa.no\/no\/wp-json\/wp\/v2\/media?parent=537"}],"wp:term":[{"taxonomy":"product_brand","embeddable":true,"href":"https:\/\/grappa.no\/no\/wp-json\/wp\/v2\/product_brand?post=537"},{"taxonomy":"product_cat","embeddable":true,"href":"https:\/\/grappa.no\/no\/wp-json\/wp\/v2\/product_cat?post=537"},{"taxonomy":"product_tag","embeddable":true,"href":"https:\/\/grappa.no\/no\/wp-json\/wp\/v2\/product_tag?post=537"}],"curies":[{"name":"wp","href":"https:\/\/api.w.org\/{rel}","templated":true}]}}