{"id":536,"date":"2002-03-18T00:00:00","date_gmt":"2002-03-17T23:00:00","guid":{"rendered":"http:\/\/www.grappa.no\/albums\/uncategorized\/spor-sorland\/"},"modified":"2016-11-18T16:21:45","modified_gmt":"2016-11-18T15:21:45","slug":"spor-sorland","status":"publish","type":"product","link":"https:\/\/grappa.no\/no\/albums\/grappa\/spor-sorland\/","title":{"rendered":"SPOR.S\u00d8RLAND"},"content":{"rendered":"<p><\/p>\n<p>Det utradisjonelle S\u00f8rlandet<\/p>\n<p>P\u00e5 spor.s\u00f8rland fremf\u00f8rer s\u00f8rlandets fremste artister tekster av forfatter og lyriker Olav Mosd\u00f8l og journalist og lyriker Johan-Chr. Sandvand. Den spesielle utgivelsen, som best kan beskrives som en utradisjonell s\u00f8rlandsplate, gjorde seg raskt bemerket i media og anmelderne trillet h\u00f8ye terningkast.<\/p>\n<p>Utgivelsen er en en del av prosjektet \u201dS\u00f8rland i 100\u201d som markerte Vilhelm Krags \u201ds\u00f8rland\u201d-betegnelse og tekstene p\u00e5 CD-utgivelsen er hentet fra boken med samme navn. Tekstene av Mosd\u00f8l og Sandvand skildrer et mangesidig og variert s\u00f8rland som spenner fra hei til hav: Mosd\u00f8l, med r\u00f8tter i Setesdal, speider mot kysten, mens Kristiansandsgutten Sandvand retter blikket innover i landet. <\/p>\n<p>Resultatet blir et mangfoldig verk, med varierte bidrag fra Mosd\u00f8ls \u201dD\u00f8d orkid\u00e9\u201d, fremf\u00f8rt av Velvet Belly-vokalist Anne Marie Almedal. til Sandvands \u201dHavets kunstnerpar\u201d, sunget av Ivar B\u00f8ksle. I tillegg til disse bidrar en rekke kjente navn p\u00e5 vokal. Blant disse er Kirsten Br\u00e5ten Berg, Sondre Bratland, Hilde Hefte og dessuten Bentein Baardson.<\/p>\n<p>CDen er innspilt p\u00e5 S\u00f8rlandet med musikere fra omr\u00e5det rundt Arendal og produsent er anerkjente Sigbj\u00f8rn Nedland.<\/p>\n<p><!--more--><\/p>\n<p>S\u00f8rlandet i 100. Feiringen fortsetter med egen CD!<\/p>\n<h4>Skj\u00e6rg\u00e5rdsskildringer<\/h4>\n<p>Utgivelsen starter med et skjeivt, samplet piano som f\u00f8rer deg inn i &quot;S\u00e5 lang ein veg,&quot; en sang om kraften og viljen i folket og naturen i dalen og fjellet, sunget av Kirsten Br\u00e5ten Berg. S\u00e5 g\u00e5r det rett over i en skj\u00e6rg\u00e5rdsskildring som musikerne tar dit ingen s\u00f8rlandske stemninger fra hav og strand tidligere har funnet sitt musikalske hjem, med elementer b\u00e5de av Tom Waits og Twin Peaks stemninger. Men Ivar B\u00f8ksle og hans egenkomponerte melodi finner seg vel tilrette i dette musikalske landskapet.<\/p>\n<h4>Industrist\u00f8y og lavm\u00e6lt vokal<\/h4>\n<p>Sondre Bratland f\u00e5r f\u00f8lge av b\u00e5de tung fuzzgitar, vare klanger, industrist\u00f8y og Ry Cooderske slidegitartoner i de tre sangene han synger p\u00e5 platen, og demonstrerer suveren tilpasning av sitt s\u00e6regne vokaluttrykk til musikalske stemninger vi aldri har h\u00f8rt ham i f\u00f8r. Nakent, vart og nesten s\u00e5rbart \u00e5pent og f\u00f8lsomt tolker Velvet Belly-vokalist Anne Marie Almedal sanger som &quot;D\u00f8d orkide&quot; og &quot;Et \u00d8yeblikk&quot;, mens Hilde Hefte er slepende laid back og lavm\u00e6lt intens i &quot;P\u00e5 jernbanekafeen&quot;. B\u00e5de Hilde og Anne Marie tolker ogs\u00e5 kontrastfylte sanger i samspill med Norges store teaterprofil Bentein Baardson.<\/p>\n<h4>Nyskapende produksjon<\/h4>\n<p>Ambisjonene med denne CD-platen har v\u00e6rt intet mindre enn \u00e5 lage en nyskapende produksjon basert p\u00e5 elementer av folkemusikk og s\u00f8rlandsviser. Tekstene til Olav Mosd\u00f8l og Johan Chr. Sandvand dannet utgangspunktet, og inspirerte  komponister og musikere til \u00e5 skape et nytt, meningsfylt og uventet musikalsk tonespr\u00e5k for \u00e5 tolke stemning, natur og kultur fra hei til hav. De endte opp med \u00e5 lage musikk slik ingen har gjort det f\u00f8r til s\u00f8rlandske tekster fra ytre og indre landskap, og til stemmer fra visetradisjon, rock, jazz og folkemusikk.<\/p>\n<p><\/p>","protected":false},"excerpt":{"rendered":"<p>Utradisjonell s\u00f8rlandsplate.<\/p>\n","protected":false},"featured_media":26972,"comment_status":"closed","ping_status":"open","template":"","meta":[],"product_brand":[],"product_cat":[6],"product_tag":[],"class_list":{"0":"post-536","1":"product","2":"type-product","3":"status-publish","4":"has-post-thumbnail","6":"product_cat-grappa","7":"product_shipping_class-cddvd-shipping","8":"uni_artist_tag-anne-marie-almedal","9":"uni_artist_tag-arne-olav-lunde-hageberg","10":"uni_artist_tag-bentein-baardson","11":"uni_artist_tag-bjarne-stolen","12":"uni_artist_tag-espen-skeie","13":"uni_artist_tag-geir-knutson","14":"uni_artist_tag-hilde-hefte","15":"uni_artist_tag-ivar-boksle","16":"uni_artist_tag-jon-hinna","17":"uni_artist_tag-kirsten-braten-berg","18":"uni_artist_tag-ole-kristian-kvamme","19":"uni_artist_tag-per-kolstad","20":"uni_artist_tag-sigbjorn-nedland","21":"uni_artist_tag-sigvald-tveit","22":"uni_artist_tag-sondre-bratland","23":"uni_artist_tag-steinar-gregertsen","24":"uni_artist_tag-svetlana-orlova","25":"uni_artist_tag-tom-rudi-torjussen","26":"uni_artist_tag-vidar-ersfjord","27":"uni_main_artist_tag-kirsten-braten-berg","28":"uni_artist_genre-folk-music","29":"uni_artist_genre-norwegian","30":"uni_artist_genre-singersongwriter","32":"first","33":"instock","34":"taxable","35":"shipping-taxable","36":"purchasable","37":"product-type-simple"},"_links":{"self":[{"href":"https:\/\/grappa.no\/no\/wp-json\/wp\/v2\/product\/536","targetHints":{"allow":["GET"]}}],"collection":[{"href":"https:\/\/grappa.no\/no\/wp-json\/wp\/v2\/product"}],"about":[{"href":"https:\/\/grappa.no\/no\/wp-json\/wp\/v2\/types\/product"}],"replies":[{"embeddable":true,"href":"https:\/\/grappa.no\/no\/wp-json\/wp\/v2\/comments?post=536"}],"wp:featuredmedia":[{"embeddable":true,"href":"https:\/\/grappa.no\/no\/wp-json\/wp\/v2\/media\/26972"}],"wp:attachment":[{"href":"https:\/\/grappa.no\/no\/wp-json\/wp\/v2\/media?parent=536"}],"wp:term":[{"taxonomy":"product_brand","embeddable":true,"href":"https:\/\/grappa.no\/no\/wp-json\/wp\/v2\/product_brand?post=536"},{"taxonomy":"product_cat","embeddable":true,"href":"https:\/\/grappa.no\/no\/wp-json\/wp\/v2\/product_cat?post=536"},{"taxonomy":"product_tag","embeddable":true,"href":"https:\/\/grappa.no\/no\/wp-json\/wp\/v2\/product_tag?post=536"}],"curies":[{"name":"wp","href":"https:\/\/api.w.org\/{rel}","templated":true}]}}