{"id":535,"date":"2002-03-11T00:00:00","date_gmt":"2002-03-10T23:00:00","guid":{"rendered":"http:\/\/www.grappa.no\/albums\/uncategorized\/aliens-alive\/"},"modified":"2016-11-18T16:21:44","modified_gmt":"2016-11-18T15:21:44","slug":"aliens-alive","status":"publish","type":"product","link":"https:\/\/grappa.no\/no\/albums\/grappa\/aliens-alive\/","title":{"rendered":"ALIENS ALIVE"},"content":{"rendered":"<p><\/p>\n<p>Levende Lien<\/p>\n<p>Annbj\u00f8rg Liens fjerde soloutgivelse, Aliens Alive (2002), er en liveplate som best\u00e5r av opptak fra til sammen seks konserter rundt i Norge. I tillegg til noen nyskrevne l\u00e5ter, er materialet hovedsaklig hentet fra Liens tre tidligere soloalbum, Felefeber (1994), Prisme (1996) og Baba Yaga (1999). Her det imidlertid ikke snakk om bl\u00e5kopier, heller tvert imot: Gnistrende sceneimprovisasjoner og pirrende arrangementer gir l\u00e5tene nytt liv og nye retninger. Albumet fikk glitrende mottagelser og ble nominert til Spellemannprisen 2002 i klassen Folkemusikk\/Gammaldans.<\/p>\n<p>Med seg p\u00e5 laget har Lien et kremlag av musikere, hvorav de fleste har arbeidet innen en rekke ulike sjangrer. Blant disse er Rune Arnesen p\u00e5 slagverk, Ailo Gaup p\u00e5 vokal, Hans Fredrik Jacobsen p\u00e5 fl\u00f8yte, vokal, sekkepipe, Bj\u00f8rn Ole Rasch p\u00e5 tangenter, Roger Tallroth p\u00e5 gitar og Per Hillestad p\u00e5 slagverk. Resultatet er blitt en dynamisk liveplate som formidler den r\u00e5 energien fra scenen. I tillegg er Aliens Alive et glitrende vitnesbyrd p\u00e5 at de mange mulighetene folkemusikken skaper for tolkning, variasjon og improvisasjon.<\/p>\n<p><!--more--><\/p>\n<p>Levende lyd!<\/p>\n<h4>Eventyrverden<\/h4>\n<p>Det er enda ett av disse stegene inn i en eventyrverden som Annbj\u00f8rg Lien og hennes f\u00f8lgesvenner gj\u00f8r s\u00e5 bra. Det oppleves magisk n\u00e5r nyckelharpe og hardingfele spiller sammen med gitar, fl\u00f8yte, slagverk og tangenter. Vi tas igjen med p\u00e5 en reise hinsides begrensninger og grenser, i en mytisk blanding av fortid og n\u00e5tid. Ferden spenner fra romalderens atmosf\u00e6riske klanger til samenes \u00e5rtusengamle stemme.<\/p>\n<h4>Mer enn et livealbum<\/h4>\n<p>Det hele veksler mellom det milde og det monumentale, vi kjenner n\u00e6rmest en nostalgisk lengsel til fremtiden. Annbj\u00f8rg viser oss nok en gang hvordan rotekte tradisjoner kan bygge en bro mellom fortid og fremtid. Storslagen og enkel, dette er musikk som bergtar sansene. Den taler til hjertet og hodet. Den g\u00e5r ned til de dypeste f\u00f8lelser, f\u00e5r oss til \u00e5 smile og lytte &#8211; noen ganger til og med til \u00e5 tenke.<\/p>\n<p>Dette er mer enn et livealbum. Det er lyd som lever.<\/p>\n<h4><\/h4>\n<\/p>\n<p><\/p>","protected":false},"excerpt":{"rendered":"<p>&amp;quot;Denne platen er en fest, fra ende til annen.&amp;quot; [Emil Otto Syvertsen \/ F\u00e6drelandsvennen]<\/p>\n","protected":false},"featured_media":26974,"comment_status":"closed","ping_status":"open","template":"","meta":[],"product_brand":[],"product_cat":[6],"product_tag":[],"class_list":{"0":"post-535","1":"product","2":"type-product","3":"status-publish","4":"has-post-thumbnail","6":"product_cat-grappa","7":"product_shipping_class-cddvd-shipping","8":"uni_artist_tag-ailo-gaup","9":"uni_artist_tag-annbjorg-lien","10":"uni_artist_tag-bjorn-ole-rasch","11":"uni_artist_tag-edvard-grieg","12":"uni_artist_tag-gjermund-haugen","13":"uni_artist_tag-hans-fredrik-jacobsen","14":"uni_artist_tag-per-hillestad","15":"uni_artist_tag-roger-tallroth","16":"uni_artist_tag-rolf-kristensen","17":"uni_artist_tag-rune-arnesen","18":"uni_artist_tag-trad","19":"uni_main_artist_tag-annbjorg-lien","20":"uni_artist_genre-folk-music","21":"uni_artist_genre-traditional","23":"first","24":"instock","25":"taxable","26":"shipping-taxable","27":"purchasable","28":"product-type-simple"},"_links":{"self":[{"href":"https:\/\/grappa.no\/no\/wp-json\/wp\/v2\/product\/535","targetHints":{"allow":["GET"]}}],"collection":[{"href":"https:\/\/grappa.no\/no\/wp-json\/wp\/v2\/product"}],"about":[{"href":"https:\/\/grappa.no\/no\/wp-json\/wp\/v2\/types\/product"}],"replies":[{"embeddable":true,"href":"https:\/\/grappa.no\/no\/wp-json\/wp\/v2\/comments?post=535"}],"wp:featuredmedia":[{"embeddable":true,"href":"https:\/\/grappa.no\/no\/wp-json\/wp\/v2\/media\/26974"}],"wp:attachment":[{"href":"https:\/\/grappa.no\/no\/wp-json\/wp\/v2\/media?parent=535"}],"wp:term":[{"taxonomy":"product_brand","embeddable":true,"href":"https:\/\/grappa.no\/no\/wp-json\/wp\/v2\/product_brand?post=535"},{"taxonomy":"product_cat","embeddable":true,"href":"https:\/\/grappa.no\/no\/wp-json\/wp\/v2\/product_cat?post=535"},{"taxonomy":"product_tag","embeddable":true,"href":"https:\/\/grappa.no\/no\/wp-json\/wp\/v2\/product_tag?post=535"}],"curies":[{"name":"wp","href":"https:\/\/api.w.org\/{rel}","templated":true}]}}