{"id":534,"date":"2001-10-25T00:00:00","date_gmt":"2001-10-24T23:00:00","guid":{"rendered":"http:\/\/www.grappa.no\/albums\/uncategorized\/syng-du-mi-rost\/"},"modified":"2016-11-18T16:21:44","modified_gmt":"2016-11-18T15:21:44","slug":"syng-du-mi-royst","status":"publish","type":"product","link":"https:\/\/grappa.no\/no\/albums\/grappa\/syng-du-mi-royst\/","title":{"rendered":"SYNG DU MI R\u00d8YST"},"content":{"rendered":"<p><\/p>\n<p>Unikt bidrag til visesjangeren<\/p>\n<p>Syng du mi r\u00f8yst vakte oppsikt da det kom ut og ble m\u00f8tt med str\u00e5lende anmeldelser og styrket respekten for Br\u00e5ten Bergs musikalske uttrykk stil. Albumet ga dessuten Br\u00e5ten Berg en nominasjon til Spellemannprisen i klassen Viser.<\/p>\n<p>Syng du mi r\u00f8yst er Br\u00e5ten Bergs tredje soloutgivelse og ble gitt ut 13 \u00e5r siden hennes forrige soloutgivelse, Spellemannvinneren Min kvedarlund (1988). I \u00e5rene mellom disse soloprosjektene var Br\u00e5ten Berg involvert i en rekke musikalske samarbeidsprosjekter innenfor ulike sjangere, men s\u00e6rlig innenfor folkemusikken. P\u00e5 Syng du mi r\u00f8yst er det imidlertid ikke folkemusikken som st\u00e5r i fokus, selv om Br\u00e5ten Bergs bakgrunn i folkemusikk i stor grad preger albumet. Her utforsker hun i stedet visesjangeren og beveger seg dermed tilbake til startspunktet for artistkarrieren da hun arbeidet mye med visesang.<\/p>\n<p>Br\u00e5ten Berg fremf\u00f8rer her hovedsaklig nyere viser, men fire tradisjonelle melodier har ogs\u00e5 f\u00e5tt plass, deriblant \u201dJeg lagde meg s\u00e5 sildig\u201d. L\u00e5tmaterialet er usedvanlig sterkt og det er Br\u00e5ten Berg som selv har st\u00e5tt for utvalget. Albumet \u00e5pner med \u201dVesle jente\u201d med tekst av Erik Bye og fortsetter med perler som Ketil Bj\u00f8rnstads \u201dSommernatt ved fjorden\u201d, Lillebj\u00f8rn Nilsens aller f\u00f8rste vise \u201dDanse ikke gr\u00e5te n\u00e5\u201d og den nydelige \u201dUng son\u201d med tekst av Halldis Moren Vesaas og melodi av Kjetil Saunes. I tillegg finnes det tekster av Klaus Hagerup, Ove R\u00f8sbak, Tor Jonsson, Harald Sverdrup og Paal-Helge Haugen.<\/p>\n<p>Det er alts\u00e5 f\u00f8rst og fremst visesangeren Br\u00e5ten Berg vi f\u00e5r h\u00f8re her og som alltid synger hun med stor autoritet og dirrende innlevelse. Syngestilen hennes blir av mange karakterisert som en blanding av kveding og visesang og P\u00e5 Syng du mi r\u00f8yst blir dette tydelig i hvordan hun utnytter fraseringen fra kvedingen i framf\u00f8ringen av visene og dermed skaper helt spesielle vokaltolkninger av materialet. Br\u00e5ten Bergs karakteristiske vokal finner sin naturlige plass i enkle og delikate arrangementer som er preget av et jazzaktig samspill mellom et knippe av Norges beste musikere. Flere av disse har v\u00e6rt faste samarbeidspartnere gjennom mange \u00e5r, slik som for eksempel bassist Arild Andersen og produsent og tangetspiller Bugge Wesseltoft.<\/p>\n<p><!--more--><\/p>\n<p>Kirsten Br\u00e5ten Berg med ny soloplate!<\/p>\n<h4>Banebrytande samarbeid<\/h4>\n<p>La oss berre nemne nokre f\u00e5 av samarbeida dei siste \u00e5ra. Dei to bestillingsverka Sagn (Vossa-Jazz 1992) og Arv (Festspela i Bergen 1993) der ho som profilert artist hos bassist og komponist Arild Andersen sette sitt umiskjennelege  preg p\u00e5 ein av dei mest vellukka fusjonane av jazz og folkemusikk p\u00e5 90-talet. I Cohen p\u00e5 norsk (1993), saman med andre flotte kvinner\u00f8yster, legg vi igjen merke til hennar personlege songstil. Fr\u00e5 Senegal til Setesdal (1997) var eit banebrytande og orginalt musikarm\u00f8te med ein fleirkulturell inngang til to sterke musikktradisjonar. Meir sj\u00f8lvsagt er hennar samarbeid med ei rad norske og svenske folkemusikarar.<\/p>\n<h4>Sterke tekstar<\/h4>\n<p>Syng du mi r\u00f8st det er ikkje noko typisk folkemusikkplate. Br\u00e5ten Berg gjer opp ein slags status med inntrykk som g\u00e5r attende til den gongen ho var ung visesongar fr\u00e5 Arendal og fram til dagens modne artist som vel seg sterke tekstar av lyrikarar som Halldis Moren Vesaas, Harald Sverdrup, Ove R\u00f8sbak og Tor Jonsson, til tonar som ein ikkje n\u00f8dvendigvis plystrar ved f\u00f8rste gjennomlytting.<\/p>\n<h4>Allsidig uttrykk<\/h4>\n<p>Br\u00e5ten Berg har valt seg musikarar som understrekar spennet i uttrykket; Arild Andersen, Bugge Wesseltoft, Nils \u00d8kland, Paolo Vinaccia, Torbj\u00f8rn \u00d8kland , \u00d8yvind Staveland og Tore Brunborg. Her er fine tolkingar av kjent stoff \u00f2g, som Erik Bye og Johan \u00d8yans Vesle jente, Hagerup og Cranners Den skaml\u00f8se gamle damen, Bj\u00f8rnstads Sommernatt ved fjorden, og ikkje minst Lillebj\u00f8rn Nilsens kjende \u201dfolkevise\u201d Danse, ikke gr\u00e5te n\u00e5. Folkesongaren eller kvedaren Kirsten Br\u00e5ten Berg fr\u00e5 Setesdal syng b\u00e5de tradisjonelle stev og ei sommarerotisk stevrekkje av lyrikaren Paal-Helge Haugen som \u00f2g kan sin Setesdalstradisjon.<\/p>\n<p>Det tar til \u00e5 bli tretti \u00e5r sidan Agnes Buen hadde sine f\u00f8rste Kvedarkurs p\u00e5 Club 7 i Oslo, der gullsmedl\u00e6rlingen Kirsten Br\u00e5ten var elev. P\u00e5 plata Syng du mi r\u00f8yst m\u00f8ter vi ein artist som har funne si r\u00f8yst og brukar sin personlege folkemusikalske songstil p\u00e5 eit breitt og spennande repertoar.<\/p>\n<p><\/p>","protected":false},"excerpt":{"rendered":"<p>&amp;quot;Dette er Kirsten Br\u00e5ten Berg p\u00e5 sitt beste.&amp;quot; [Terningkast 5 \/ Johs Bj\u00f8rkeli \/ F\u00e6relandsvennen]<\/p>\n","protected":false},"featured_media":26973,"comment_status":"closed","ping_status":"open","template":"","meta":[],"product_brand":[],"product_cat":[6],"product_tag":[],"class_list":{"0":"post-534","1":"product","2":"type-product","3":"status-publish","4":"has-post-thumbnail","6":"product_cat-grappa","7":"product_shipping_class-cddvd-shipping","8":"uni_artist_tag-alf-cranner","9":"uni_artist_tag-arild-andersen","10":"uni_artist_tag-bugge-wesseltoft","11":"uni_artist_tag-johan-oian","12":"uni_artist_tag-ketil-bjornstad","13":"uni_artist_tag-kirsten-braten-berg","14":"uni_artist_tag-kjetil-saunes","15":"uni_artist_tag-lillebjorn-nilsen","16":"uni_artist_tag-liv-greni","17":"uni_artist_tag-nils-okland","18":"uni_artist_tag-oyvind-staveland","19":"uni_artist_tag-paolo-vinaccia","20":"uni_artist_tag-per-h-indrehus","21":"uni_artist_tag-torbjorn-okland","22":"uni_artist_tag-tore-brunborg","23":"uni_artist_tag-trad","24":"uni_main_artist_tag-kirsten-braten-berg","25":"uni_artist_genre-folk-music","26":"uni_artist_genre-traditional","28":"first","29":"instock","30":"taxable","31":"shipping-taxable","32":"purchasable","33":"product-type-simple"},"_links":{"self":[{"href":"https:\/\/grappa.no\/no\/wp-json\/wp\/v2\/product\/534","targetHints":{"allow":["GET"]}}],"collection":[{"href":"https:\/\/grappa.no\/no\/wp-json\/wp\/v2\/product"}],"about":[{"href":"https:\/\/grappa.no\/no\/wp-json\/wp\/v2\/types\/product"}],"replies":[{"embeddable":true,"href":"https:\/\/grappa.no\/no\/wp-json\/wp\/v2\/comments?post=534"}],"wp:featuredmedia":[{"embeddable":true,"href":"https:\/\/grappa.no\/no\/wp-json\/wp\/v2\/media\/26973"}],"wp:attachment":[{"href":"https:\/\/grappa.no\/no\/wp-json\/wp\/v2\/media?parent=534"}],"wp:term":[{"taxonomy":"product_brand","embeddable":true,"href":"https:\/\/grappa.no\/no\/wp-json\/wp\/v2\/product_brand?post=534"},{"taxonomy":"product_cat","embeddable":true,"href":"https:\/\/grappa.no\/no\/wp-json\/wp\/v2\/product_cat?post=534"},{"taxonomy":"product_tag","embeddable":true,"href":"https:\/\/grappa.no\/no\/wp-json\/wp\/v2\/product_tag?post=534"}],"curies":[{"name":"wp","href":"https:\/\/api.w.org\/{rel}","templated":true}]}}