{"id":532,"date":"2001-08-20T00:00:00","date_gmt":"2001-08-19T23:00:00","guid":{"rendered":"http:\/\/www.grappa.no\/albums\/uncategorized\/vi-pa-langedrag\/"},"modified":"2016-11-18T16:21:43","modified_gmt":"2016-11-18T15:21:43","slug":"vi-pa-langedrag","status":"publish","type":"product","link":"https:\/\/grappa.no\/no\/albums\/grappa\/vi-pa-langedrag\/","title":{"rendered":"VI P\u00c5 LANGEDRAG"},"content":{"rendered":"<p><\/p>\n<p>Sigmund Groven er mannen bak musikken til TV-serien &#8216;Vi p\u00e5 Langedrag&#8217;<\/p>\n<p>NRKs TV-serie Vi p\u00e5 langedrag ble sv\u00e6rt popul\u00e6r da den rullet over norske TV-skjermer og fikk mange tilhengere, unge som gamle. Hele Norge fikk et forhold til de tobeinte og firbeinte skikkelsene vi ble kjent med i suksesserien og det samme gjelder den vakre musikken som pakket inn de nydelige naturbildene. Det er ingen andre enn Sigmund Groven som st\u00e5r bak musikken og p\u00e5 albumet Vi p\u00e5 Langedrag f\u00e5r vi endelig presentert musikken fra TV-serien i sin helhet. Utgivelsen presenterer 25 spor der Groven gj\u00f8r tolkninger av blant annet Lillebj\u00f8rn Nilsens \u201dStilleste gutt p\u00e5 sovesal\u201d og av den kj\u00e6re barnevisen \u201dBl\u00e5mann\u201d. Vi p\u00e5 Langedrag gir oss de komplette versjonene av de musikalske bruddstykkene vi fikk servert i suksesserien. L\u00e5tene p\u00e5 albumet st\u00e5r utmerket alene og albumet f\u00f8yer seg pent inn i rekken av Sigmund Grovens kvalitetsrike utgivelser.<\/p>\n<p><!--more--><\/p>\n<p>TV-serien Vi p\u00e5 Langedrag har sl\u00e5tt godt an i de norske hjem. S\u00e5 godt at sp\u00f8rsm\u00e5lene etter musikken fra serien ble s\u00e5pass mange at Sigmund Groven valgte \u00e5 samle den stemningsfulle filmmusikken p\u00e5 CD.<\/p>\n<h4>Gammelt og nytt<\/h4>\n<p>TV-produsent Arne N\u00e6vra \u00f8nsket en skreddersydd musikalsk drakt til de flotte naturopplevelsene som ble presentert i serien. Valget falt p\u00e5 Groven som skulle vise seg \u00e5 gjengi akkurat den stemningen N\u00e6vra var p\u00e5 jakt etter. Grovens musikk akkompagnerer villmarken p\u00e5 Langedrag perfekt og forsterker f\u00f8lelsen av fjellivets geitelokk og \u00f8rneskrik. Groven har blandet gamle folketoner med et mer moderne musikalsk uttrykk og resultat er intet mindre enn fantastisk. I tillegg er han godt hjulpet med bidrag fra en rekke anerkjente musikere, slik som Steinar Ofsdals eventyraktige fl\u00f8ytespill og Anne Vadas trolske vokal.<\/p>\n<h4>Med smak av villmark<\/h4>\n<p>I dag vet vi at Sigmund Groven var et lykkelig valg. P\u00e5 en enest\u00e5ende m\u00e5te har han klart \u00e5 forene folketoner og moderne rytmer til et uttrykk som gj\u00f8r at musikk og bilder g\u00e5r h\u00e5nd i h\u00e5nd. Men ikke bare det: Tonene fra de h\u00e5ndplukkete ut\u00f8verne skaper sine egne bilder \u2013 om du ligger tilbakelent \u2013 med \u00f8ynene lukket.  Kjenner du ikke f\u00f8lelsen av fjellets mektighet? Av lettkledde sm\u00e5jenters lokk og barbente l\u00f8p etter seterstien? Denne komplette CDen gir deg hele versjonene av sporene TV-serien bare kunne gi bruddstykker av. Ja, hele mikser er nye for CD-utgivelsen, blant annet med ulvens aktive deltakelse som oser av villmark og opprinnelighet.<\/p>\n<h4>Fra Langedrag til Seoul<\/h4>\n<p>Snart er Sigmund Groven p\u00e5 vei over langt andre vidder. Han er en av v\u00e5re aller mest bereiste musikere. Store festivaler st\u00e5r for tur. Lileledes en st\u00f8rre promotiontur til Korea der musikken hans det siste \u00e5ret har vunnet sv\u00e6rt mange venner. Faktisk s\u00e5 mange at  b\u00e5de Mariah Carey og Elton John har m\u00e5ttet se seg sl\u00e5tt p\u00e5 noen av de lokale hitlistene.I slutten av oktober g\u00e5r derfor turen til Seoul hvor det venter et hardt program med radio \u2013 og tv-intervjuer, promokonserter, showcases, for \u00e5 nevne noe.<\/p>\n<p><\/p>","protected":false},"excerpt":{"rendered":"<p>\u2013 Det er lett \u00e5 forst\u00e5 at utlandet elsker denne mannen og munnspillet hans. [Helge Ottesen \/ Varden]<\/p>\n","protected":false},"featured_media":26976,"comment_status":"closed","ping_status":"open","template":"","meta":[],"product_brand":[],"product_cat":[6],"product_tag":[],"class_list":{"0":"post-532","1":"product","2":"type-product","3":"status-publish","4":"has-post-thumbnail","6":"product_cat-grappa","7":"product_shipping_class-cddvd-shipping","8":"uni_artist_tag-anne-haavie","9":"uni_artist_tag-anne-vada","10":"uni_artist_tag-ingun-hoel-bjora","11":"uni_artist_tag-jan-olav-martinsen","12":"uni_artist_tag-lillebjorn-nilsen","13":"uni_artist_tag-oyvind-bjora","14":"uni_artist_tag-rune-arnesen","15":"uni_artist_tag-sigmund-groven","16":"uni_artist_tag-steinar-larsen","17":"uni_artist_tag-steinar-ofsdal","18":"uni_artist_tag-svenn-erik-kristoffersen","19":"uni_artist_tag-terje-methi","20":"uni_artist_tag-tom-erik-antonsen","21":"uni_main_artist_tag-sigmund-groven","22":"uni_artist_genre-instrumental","23":"uni_artist_genre-soundtrack","25":"first","26":"instock","27":"taxable","28":"shipping-taxable","29":"purchasable","30":"product-type-simple"},"_links":{"self":[{"href":"https:\/\/grappa.no\/no\/wp-json\/wp\/v2\/product\/532","targetHints":{"allow":["GET"]}}],"collection":[{"href":"https:\/\/grappa.no\/no\/wp-json\/wp\/v2\/product"}],"about":[{"href":"https:\/\/grappa.no\/no\/wp-json\/wp\/v2\/types\/product"}],"replies":[{"embeddable":true,"href":"https:\/\/grappa.no\/no\/wp-json\/wp\/v2\/comments?post=532"}],"wp:featuredmedia":[{"embeddable":true,"href":"https:\/\/grappa.no\/no\/wp-json\/wp\/v2\/media\/26976"}],"wp:attachment":[{"href":"https:\/\/grappa.no\/no\/wp-json\/wp\/v2\/media?parent=532"}],"wp:term":[{"taxonomy":"product_brand","embeddable":true,"href":"https:\/\/grappa.no\/no\/wp-json\/wp\/v2\/product_brand?post=532"},{"taxonomy":"product_cat","embeddable":true,"href":"https:\/\/grappa.no\/no\/wp-json\/wp\/v2\/product_cat?post=532"},{"taxonomy":"product_tag","embeddable":true,"href":"https:\/\/grappa.no\/no\/wp-json\/wp\/v2\/product_tag?post=532"}],"curies":[{"name":"wp","href":"https:\/\/api.w.org\/{rel}","templated":true}]}}