{"id":531,"date":"1999-11-01T00:00:00","date_gmt":"1999-10-31T23:00:00","guid":{"rendered":"http:\/\/www.grappa.no\/albums\/uncategorized\/baba-yaga\/"},"modified":"2016-11-18T16:21:42","modified_gmt":"2016-11-18T15:21:42","slug":"baba-yaga","status":"publish","type":"product","link":"https:\/\/grappa.no\/no\/albums\/grappa\/baba-yaga\/","title":{"rendered":"BABA YAGA"},"content":{"rendered":"<p><\/p>\n<p>Grensel\u00f8se Annbj\u00f8rg Lien<\/p>\n<p>Baba Yaga er et innovativt og fantasifullt album fra Annbj\u00f8rg Lien, fullt av impresjonistiske melodier og nytenkende sammensetninger. Resultatet er blitt et grensel\u00f8st musikalsk landskap, der n\u00e6re og fjerne tradisjoner, fortid og n\u00e5tid, finner sammen. <\/p>\n<p>Albumeter solid forankret i norsk folkemusikk, men har ogs\u00e5 innslag av blant annet russisk og afrikansk folkemusikk. Albumet er dessuten preget av arabiske, keltiske og samiske musikktradisjoner. &#8216;Baba Yaga&#8217; er en kjent figur fra russiske folkeeventyr. Hun er en stygg heks som kan ta ulike skikkelser og blant annet kan hun forvandle seg til en vakker kvinne som bringer kostbare gaver.<\/p>\n<p><!--more--><\/p>\n<p>Annbj\u00f8rg Lien krysser musikalske grenser.<\/p>\n<h4>Sjelens m\u00f8rke speil<\/h4>\n<p>Baba Yaga kjenner hemmeligheten om livets og d\u00f8dens vann, hvor man kan finne det &#8211; og kanskje velger hun \u00e5 gi det bort i gave. Hun tar tak i menneskesinnet, vil sprenge grensene i v\u00e5r personlighet og tilintetgj\u00f8re v\u00e5r uvitenhet ved \u00e5 tvinge oss til \u00e5 granske oss selv i sjelens m\u00f8rke speil. Hun kan ogs\u00e5 skjenke oss visdommen som gir innsikt i livets skyggesider. Et m\u00f8te med Baba Yaga kan forandre oss for bestandig. Men for \u00e5 kunne motta hjelp fra henne, m\u00e5 vi l\u00e6re oss ydmykhet.<\/p>\n<h4>Verdensmusikk<\/h4>\n<p>Omskiftelig som Baba Yaga &#8211; slik er ogs\u00e5 Annbj\u00f8rgs musikalske uttrykk. V\u00e5r fremste felespiller har en solid forankring i tradisjonsmusikken, men krysser stadig nye musikalske grenser. Etter \u00e5 ha samarbeidet med musikere fra mange nasjoner og latt seg inspirere av andre kulturer, framst\u00e5r hun internasjonalt som topp formidler av \u00abworld music\u00bb like mye som norsk folkemusikk.<\/p>\n<h4>Full av kontraster<\/h4>\n<p>Denne gangen har hun tatt med innslag fra blant annet russisk musikk og en tiln\u00e6rming til samisk musikktradisjon. Annbj\u00f8rg Lien skaper etnisk musikk med lokal og internasjonal appell. Hennes nye album er kontrastfylt; f\u00f8lsomt, potent og dansbart. En spennende videref\u00f8ring av Prisme og mye skarpere i kantene.<\/p>\n<p><\/p>","protected":false},"excerpt":{"rendered":"<p>\u2013 Probably Norway\u00b4s most exciting New Folk musician. Baba Yaga is an exceptional strong album. [Michael Moll \/ FolkWorld]<\/p>\n","protected":false},"featured_media":26963,"comment_status":"closed","ping_status":"open","template":"","meta":[],"product_brand":[],"product_cat":[6],"product_tag":[],"class_list":{"0":"post-531","1":"product","2":"type-product","3":"status-publish","4":"has-post-thumbnail","6":"product_cat-grappa","7":"product_shipping_class-cddvd-shipping","8":"uni_artist_tag-ailo-gaup","9":"uni_artist_tag-annbjorg-lien","10":"uni_artist_tag-arve-moen-bergset","11":"uni_artist_tag-bjorn-ole-rasch","12":"uni_artist_tag-hans-fredrik-jacobsen","13":"uni_artist_tag-johannes-gustavsson","14":"uni_artist_tag-oystein-sonstad","15":"uni_artist_tag-per-saemund-bjorkum","16":"uni_artist_tag-roger-tallroth","17":"uni_artist_tag-rune-arnesen","18":"uni_artist_tag-svein-dag-hauge","19":"uni_artist_tag-terje-isungset","20":"uni_main_artist_tag-annbjorg-lien","21":"uni_artist_genre-folk-music","22":"uni_artist_genre-traditional","24":"first","25":"instock","26":"taxable","27":"shipping-taxable","28":"purchasable","29":"product-type-simple"},"_links":{"self":[{"href":"https:\/\/grappa.no\/no\/wp-json\/wp\/v2\/product\/531","targetHints":{"allow":["GET"]}}],"collection":[{"href":"https:\/\/grappa.no\/no\/wp-json\/wp\/v2\/product"}],"about":[{"href":"https:\/\/grappa.no\/no\/wp-json\/wp\/v2\/types\/product"}],"replies":[{"embeddable":true,"href":"https:\/\/grappa.no\/no\/wp-json\/wp\/v2\/comments?post=531"}],"wp:featuredmedia":[{"embeddable":true,"href":"https:\/\/grappa.no\/no\/wp-json\/wp\/v2\/media\/26963"}],"wp:attachment":[{"href":"https:\/\/grappa.no\/no\/wp-json\/wp\/v2\/media?parent=531"}],"wp:term":[{"taxonomy":"product_brand","embeddable":true,"href":"https:\/\/grappa.no\/no\/wp-json\/wp\/v2\/product_brand?post=531"},{"taxonomy":"product_cat","embeddable":true,"href":"https:\/\/grappa.no\/no\/wp-json\/wp\/v2\/product_cat?post=531"},{"taxonomy":"product_tag","embeddable":true,"href":"https:\/\/grappa.no\/no\/wp-json\/wp\/v2\/product_tag?post=531"}],"curies":[{"name":"wp","href":"https:\/\/api.w.org\/{rel}","templated":true}]}}