{"id":527,"date":"2000-11-27T00:00:00","date_gmt":"2000-11-26T23:00:00","guid":{"rendered":"http:\/\/www.grappa.no\/albums\/uncategorized\/innunder-jul\/"},"modified":"2025-12-19T09:06:44","modified_gmt":"2025-12-19T08:06:44","slug":"innunder-jul","status":"publish","type":"product","link":"https:\/\/grappa.no\/no\/albums\/grappa\/innunder-jul\/","title":{"rendered":"INNUNDER JUL"},"content":{"rendered":"<p><\/p>\n<p>Hyllest til juleh\u00f8ytiden<\/p>\n<p>Innunder jul er en nedstressende og meditativ juleplate som med sine smakfulle arrangementer og h\u00f8ye kvalitet er blitt st\u00e5ende som en klassiker. Albumet inneholder b\u00e5de tradisjonelle julesanger og et knippe mer sjeldne l\u00e5ter. Sigmund Groven spiller munnspill og Iver Kleive spiller orgel. Begge regnes blant de fremste i norsk musikkliv og har lange karrierer bak seg: Innunder jul er Grovens 19. utgivelse og Kleive har p\u00e5 sin side bidratt p\u00e5 n\u00e6rmere 200 plateinnspillinger! Med seg p\u00e5 laget har de dessuten f\u00e5tt Anne Vada som med sin vakre sopran gj\u00f8r sitt til at denne platen blir en uforglemmelig opplevelse. Denne fredfulle juleutgivelsen, som er spilt inn i Bragernes kirke i Drammen, er en hyllest til juleh\u00f8ytiden og den roen og gleden juletiden er ment \u00e5 bringe.<\/p>\n<p><!--more--><\/p>\n<p>Stemningsfull julemusikk i enkel drakt er resultatet n\u00e5r tre av v\u00e5re fremste tonekunstnere finner sammen.<\/p>\n<h4>Juleturn\u00e9<\/h4>\n<p>I desember turnerer trioen i kirker p\u00e5 \u00d8stlandet. De har valgt \u00e5 holde konserter nettopp i sm\u00e5 kirker, fordi dette kanskje kler v\u00e5re tradisjonsrike julesanger aller best. Det ogs\u00e5 for \u00e5 tilby et konserttilbud i n\u00e6rmilj\u00f8et, for de som ikke \u00f8nsker \u00e5 opps\u00f8ke de etterhvert store julekonsertene. Konserten er fri for prangende teknisk utstyr, da de tre spiller og synger akustisk. En vakker opplevelse \u00e5 l\u00e5ne \u00f8ret til n\u00e5r julestrida setter inn, og man trenger et pust for \u00e5 nyte.<\/p>\n<h4>Tre tonekunstnere i samspill<\/h4>\n<p>Innunder jul er en sval og stemningsfull utgivelse og ble raskt utpekt til \u201d\u00e5rets juleplate\u201d av anmeldere fra hele landet da den kom ut. Grovens makel\u00f8se munnspill, Kleives sobre orgel og Vadas himmelske sopran gir en sakral og harmonisk h\u00f8ytidsstemning som treffer lytteren rett i hjertet. Innunder jul er en s\u00e6rdeles vellykket juleplate med toner som \u201dGlade jul\u201d, \u201dAve Maria\u201d og \u201dAria\u201d for ikke \u00e5 glemme det nydelige tittelsporet der Vadas utrolige sopranprestasjoner klinger uts\u00f8kt med Grovens munnspill og Kleives orgel. De tre kunstnerne har samarbeidet i en \u00e5rrekke, i konsertsammenheng og p\u00e5 plateinnspillinger. De er blant v\u00e5re fremste ut\u00f8vere p\u00e5 hvert sitt felt. Og har stadig varierte og spennende oppdrag i inn- og utland, hver for seg og sammen.<\/p>\n<h4>Grovens 25 \u00e5r som artist<\/h4>\n<p>Innunder jul markerer ogs\u00e5 Sigmund Grovens virke som artist. I 2000 er det 25 \u00e5r siden han kom med sin f\u00f8rste plate, og dette er den 19. i rekken!<\/p>\n<p><\/p>","protected":false},"excerpt":{"rendered":"<p>Enkelt, fredfullt og vemodig vakkert.<\/p>\n","protected":false},"featured_media":26942,"comment_status":"closed","ping_status":"closed","template":"","meta":[],"product_brand":[],"product_cat":[6],"product_tag":[],"class_list":{"0":"post-527","1":"product","2":"type-product","3":"status-publish","4":"has-post-thumbnail","6":"product_cat-grappa","7":"product_shipping_class-cddvd-shipping","8":"uni_artist_tag-anne-vada","9":"uni_artist_tag-charles-gounod","10":"uni_artist_tag-franz-gruber","11":"uni_artist_tag-fredrikke-egeberg","12":"uni_artist_tag-iver-kleive","13":"uni_artist_tag-jacob-g-meidell","14":"uni_artist_tag-johann-sebastian-bach","15":"uni_artist_tag-l-m-lindeman","16":"uni_artist_tag-lars-soraas-d-y","17":"uni_artist_tag-morten-eskesen","18":"uni_artist_tag-peder-knudsen","19":"uni_artist_tag-rikard-nordraak","20":"uni_artist_tag-sigmund-groven","21":"uni_artist_tag-trad","22":"uni_main_artist_tag-sigmund-groven","23":"uni_artist_genre-christmas-music","24":"uni_artist_genre-instrumental","26":"first","27":"outofstock","28":"taxable","29":"shipping-taxable","30":"purchasable","31":"product-type-simple"},"_links":{"self":[{"href":"https:\/\/grappa.no\/no\/wp-json\/wp\/v2\/product\/527","targetHints":{"allow":["GET"]}}],"collection":[{"href":"https:\/\/grappa.no\/no\/wp-json\/wp\/v2\/product"}],"about":[{"href":"https:\/\/grappa.no\/no\/wp-json\/wp\/v2\/types\/product"}],"replies":[{"embeddable":true,"href":"https:\/\/grappa.no\/no\/wp-json\/wp\/v2\/comments?post=527"}],"wp:featuredmedia":[{"embeddable":true,"href":"https:\/\/grappa.no\/no\/wp-json\/wp\/v2\/media\/26942"}],"wp:attachment":[{"href":"https:\/\/grappa.no\/no\/wp-json\/wp\/v2\/media?parent=527"}],"wp:term":[{"taxonomy":"product_brand","embeddable":true,"href":"https:\/\/grappa.no\/no\/wp-json\/wp\/v2\/product_brand?post=527"},{"taxonomy":"product_cat","embeddable":true,"href":"https:\/\/grappa.no\/no\/wp-json\/wp\/v2\/product_cat?post=527"},{"taxonomy":"product_tag","embeddable":true,"href":"https:\/\/grappa.no\/no\/wp-json\/wp\/v2\/product_tag?post=527"}],"curies":[{"name":"wp","href":"https:\/\/api.w.org\/{rel}","templated":true}]}}