{"id":525,"date":"1998-10-05T00:00:00","date_gmt":"1998-10-04T23:00:00","guid":{"rendered":"http:\/\/www.grappa.no\/albums\/uncategorized\/harmonica-album\/"},"modified":"2018-01-23T10:32:26","modified_gmt":"2018-01-23T09:32:26","slug":"harmonica-album","status":"publish","type":"product","link":"https:\/\/grappa.no\/no\/albums\/grappa\/harmonica-album\/","title":{"rendered":"HARMONICA ALBUM"},"content":{"rendered":"<p><\/p>\n<p>Kjent og kj\u00e6r filmmusikk i ny drakt<\/p>\n<p>Harmonica Album er en av Sigmund Grovens mest popul\u00e6re utgivelser noensinne. Det er Groven selv som har valgt ut melodiene til samlingen, med fokus p\u00e5 kjent og kj\u00e6r filmmusikk. Resultatet er et knippe av tidenes beste melodier, nydelig fremf\u00f8rt av en av verdens beste munnspillut\u00f8vere. Noen av de utvalgte melodiene er opprinnelig blitt fremf\u00f8rt p\u00e5 munnspill, mens andre har f\u00e5tt nye arrangementer tilpasset instrumentet. Den utvalgte filmmusikken er hentet fra b\u00e5de eldre og nyere filmer, i tillegg til to av Grovens egne komposisjoner. S\u00e6rlig viktig er Donald Phillips\u00b4 \u201dFirefly\u201d: Melodien var Grovens f\u00f8rste m\u00f8te med munnspilvirtuos Tommy Reilly \u2013 som senere skulle bli Grovens l\u00e6remester og n\u00e6re venn.<\/p>\n<p><!--more--><\/p>\n<p>Filmtonar fr\u00e5 eit munnspel<\/p>\n<h4>Filmmusikk og munnspel<\/h4>\n<p>\u2013 Da eg valde melodiar til denne samlinga, la eg hovudvekta p\u00e5 kjende filmtema som har vori spela p\u00e5 munnspel gjennom \u00e5ra. Dessutan tok eg med eit par nyare tema som ikkje blei spela p\u00e5 munnspel i filmane, men som eg syns passar godt for instrumentet. I tillegg inneheld denne CDen eit par av mine eigne melodiar: ein heilt ny, og ein som eg laga for 20 \u00e5r sidan, men som eg framleis har p\u00e5 konsertrepertoaret mitt. Vidare mine versjonar av melodiar fr\u00e5 skattkista til ein av dei mest markante figurane i v\u00e5rt hundre\u00e5r, George Gershwin, som vi feirar hundre\u00e5rsminnet til n\u00e5 i 1998, og endeleg ein hyllest til mannen som blei musikalsk inspirasjonskjelde og l\u00e6remeister for meg, Tommy Reilly, seier Sigmund Groven.<\/p>\n<h4>Grovens m\u00f8te med munnspelet<\/h4>\n<p>P\u00e5 plata finst det nesten uskyldsreine, enkle og vakre temaet fr\u00e5 den r\u00f8rande historia om \u201cPostmannen\u201d, \u201cIl Postino\u201d, og \u201cReodors ballade\u201d som har eit norsk-folketone-liknande preg, sj\u00f8lv om komponisten, Bent Fabricius-Bjerre var dansk! Den sjarmerande og originale \u201cBagdad Caf\u00e9\u201d er ein annan film som mange hugsar, ikkje minst p\u00e5 grunn av melodien \u201cCalling You\u201d. \u201cMotlys\u201d, ein av Grovens eigne komposisjonar, bruker han ofte som opningsnummer p\u00e5 konsertane sine. \u201cTida g\u00e5r\u201d er splitter ny, ein enkel liten trall av det slaget som kan byrje \u00e5 surre rundt i hovudet og som nektar \u00e5 forsvinne f\u00f8r han er nedskriven. \u2013 \u201cFirefly\u201d var melodien som forandra livet mitt, seier Groven. Eg var ni \u00e5r gammal, og sat saman med kameraten min heime i Heddal ein m\u00f8rk janauarettermiddag og venta p\u00e5 Laurdagsbarnetimen, da eg plutseleg h\u00f8yrde desse fantastiske tonane som str\u00f8ymde ut fr\u00e5 radioapparatet: Tommy Reilly som spela \u201cFirefly\u201d. Fr\u00e5 da av var eg munnspelentusiast, og Tommy Reilly-beundrar!<\/p>\n<h4>Eldre og nye klassikare<\/h4>\n<p>Ein av dei legendariske komponistane i den store klassiske Hollywoodtradisjonen var russiskf\u00f8dde Dimitri Tiomkin. Her kan du h\u00f8yre Tiomkins nostalgisk lengtande song \u201cThe Green Leaves of Summer\u201d. Ofte g\u00e5r filmskaparane til dei store komponistane fr\u00e5 farne tider for \u00e5 finne musikk som skal skape den rette atmosf\u00e6ren. Den vakre melodien som blei brukt i filmane \u201cJean de Florette\u201d, \u201cKilden i Provence\u201d, er eigentleg fr\u00e5 operaen \u201cSkjebnens makt\u201d av Giuseppe Verdi. Mykje av George Gershwins musikk kler munnspelet sv\u00e6rt godt, og her har Groven henta fram to av dei mest kjende songane fr\u00e5 operaen \u201cPorgy and Bess\u201d: voggesongen \u201cSummertime\u201d og den r\u00f8ffare \u201cIt ain\u00b4t necessarily so\u201d. Filmkomponisten Henry Mancini brukte munnspel i musikken til filmen \u201cFrokost hos Tiffany\u00b4s\u201d, og \u201cMoon River\u201d blei snart ein klassikar. Av enda eldre dato er temaet fr\u00e5 ein fransk kriminalfilm, \u201cLe Grisbi\u201d, ein original fransk blues. John Barry er ein av dei f\u00e5 engelske komponistane som har f\u00e5tt kultstatus. Til Hollywood-filmen \u201cMidnight Cowboy\u201d laga han eit originalt munnspeltema. Hovudtemaet fr\u00e5 Titanic i eit spennande arrangement av Bj\u00f8rn Ole Rasch set punktum for denne samlinga med munnspelet som musikalsk midtpunkt og med mange gode hjelparar rundt!<\/p>\n<p>Sigmund Groven<\/p>\n<p><\/p>","protected":false},"excerpt":{"rendered":"<p>Harmonica Album er en hyllest til verdens vakreste filmmusikk.<\/p>\n","protected":false},"featured_media":26960,"comment_status":"closed","ping_status":"open","template":"","meta":[],"product_brand":[],"product_cat":[6],"product_tag":[],"class_list":{"0":"post-525","1":"product","2":"type-product","3":"status-publish","4":"has-post-thumbnail","6":"product_cat-grappa","7":"product_shipping_class-cddvd-shipping","8":"uni_artist_tag-andre-orvik","9":"uni_artist_tag-anne-vada","10":"uni_artist_tag-bent-fabricius-bjerre","11":"uni_artist_tag-bjorn-ole-rasch","12":"uni_artist_tag-bob-telson","13":"uni_artist_tag-dimitri-tiomkin","14":"uni_artist_tag-donald-phillips","15":"uni_artist_tag-frode-carlson","16":"uni_artist_tag-george-gershwin","17":"uni_artist_tag-giuseppe-verdi","18":"uni_artist_tag-henry-mancini","19":"uni_artist_tag-ivar-anton-waagaard","20":"uni_artist_tag-iver-kleive","21":"uni_artist_tag-james-horner","22":"uni_artist_tag-jean-wiener","23":"uni_artist_tag-john-barry","24":"uni_artist_tag-kjetil-bjerkestrand","25":"uni_artist_tag-luis-bacalov","26":"uni_artist_tag-per-flemstrom","27":"uni_artist_tag-rainbow-filmharmonic-orchestra","28":"uni_artist_tag-sigmund-groven","29":"uni_artist_tag-sigurd-jansen","30":"uni_artist_tag-steinar-larsen","31":"uni_artist_tag-steinar-ofsdal","32":"uni_artist_tag-svein-christiansen","33":"uni_artist_tag-terje-venaas","34":"uni_artist_tag-tom-erik-antonsen","35":"uni_main_artist_tag-sigmund-groven","36":"uni_artist_genre-pop","37":"uni_artist_genre-soundtrack","39":"first","40":"outofstock","41":"taxable","42":"shipping-taxable","43":"product-type-simple"},"_links":{"self":[{"href":"https:\/\/grappa.no\/no\/wp-json\/wp\/v2\/product\/525","targetHints":{"allow":["GET"]}}],"collection":[{"href":"https:\/\/grappa.no\/no\/wp-json\/wp\/v2\/product"}],"about":[{"href":"https:\/\/grappa.no\/no\/wp-json\/wp\/v2\/types\/product"}],"replies":[{"embeddable":true,"href":"https:\/\/grappa.no\/no\/wp-json\/wp\/v2\/comments?post=525"}],"wp:featuredmedia":[{"embeddable":true,"href":"https:\/\/grappa.no\/no\/wp-json\/wp\/v2\/media\/26960"}],"wp:attachment":[{"href":"https:\/\/grappa.no\/no\/wp-json\/wp\/v2\/media?parent=525"}],"wp:term":[{"taxonomy":"product_brand","embeddable":true,"href":"https:\/\/grappa.no\/no\/wp-json\/wp\/v2\/product_brand?post=525"},{"taxonomy":"product_cat","embeddable":true,"href":"https:\/\/grappa.no\/no\/wp-json\/wp\/v2\/product_cat?post=525"},{"taxonomy":"product_tag","embeddable":true,"href":"https:\/\/grappa.no\/no\/wp-json\/wp\/v2\/product_tag?post=525"}],"curies":[{"name":"wp","href":"https:\/\/api.w.org\/{rel}","templated":true}]}}