{"id":524,"date":"2000-07-31T00:00:00","date_gmt":"2000-07-30T23:00:00","guid":{"rendered":"http:\/\/www.grappa.no\/albums\/uncategorized\/sinikka-langeland-lille-rosa\/"},"modified":"2016-11-18T16:21:40","modified_gmt":"2016-11-18T15:21:40","slug":"sinikka-langeland-lille-rosa","status":"publish","type":"product","link":"https:\/\/grappa.no\/no\/albums\/grappa\/sinikka-langeland-lille-rosa\/","title":{"rendered":"Sinikka Langeland &#8211; Lille Rosa"},"content":{"rendered":"<p><\/p>\n<p>Kj\u00e6rlighetsballader<\/p>\n<p>De 12 middelalderballadene fra \u00d8stlandet som Sinikka Langeland har arrangert p\u00e5 denne platen er omtrent alltid dramatiske kj\u00e6rlighetshistorier med tragiske endelser. Til tider kan kj\u00e6rlighet v\u00e6re sterkere enn d\u00f8den, som demonstrert i balladen om &quot;Lille Rosa&quot;. \u00d8stlandet har blitt reoppdaget som en kilde til musikk fra middelalderen. Arbeidet til Lindeman og Sanvik viser at ballader ogs\u00e5 ble sunget her, s\u00e5 vel som andre deler av landet. Sinikka Langeland bringer historisk materiale til live, og har skapt unike, personlige versjoner av historiene som har vandret rundt i Europa siden middelalderen.<\/p>\n<p><!--more--><\/p>\n<h4><\/h4>\n<\/p>\n<h4><\/h4>\n<p><h4><\/h4>\n<\/p>\n<p><\/p>","protected":false},"excerpt":{"rendered":"<p>En ballade er fremfor alt en dramatisk historie som skal fortelles, og melodien er et middel i denne fortellingen.<\/p>\n","protected":false},"featured_media":26970,"comment_status":"closed","ping_status":"open","template":"","meta":[],"product_brand":[],"product_cat":[6],"product_tag":[],"class_list":{"0":"post-524","1":"product","2":"type-product","3":"status-publish","4":"has-post-thumbnail","6":"product_cat-grappa","7":"product_shipping_class-cddvd-shipping","8":"uni_artist_tag-sinikka-langeland","9":"uni_artist_tag-trad","10":"uni_main_artist_tag-sinikka-langeland","11":"uni_artist_genre-folk-music","12":"uni_artist_genre-norwegian","13":"uni_artist_genre-traditional","15":"first","16":"outofstock","17":"taxable","18":"shipping-taxable","19":"product-type-simple"},"_links":{"self":[{"href":"https:\/\/grappa.no\/no\/wp-json\/wp\/v2\/product\/524","targetHints":{"allow":["GET"]}}],"collection":[{"href":"https:\/\/grappa.no\/no\/wp-json\/wp\/v2\/product"}],"about":[{"href":"https:\/\/grappa.no\/no\/wp-json\/wp\/v2\/types\/product"}],"replies":[{"embeddable":true,"href":"https:\/\/grappa.no\/no\/wp-json\/wp\/v2\/comments?post=524"}],"wp:featuredmedia":[{"embeddable":true,"href":"https:\/\/grappa.no\/no\/wp-json\/wp\/v2\/media\/26970"}],"wp:attachment":[{"href":"https:\/\/grappa.no\/no\/wp-json\/wp\/v2\/media?parent=524"}],"wp:term":[{"taxonomy":"product_brand","embeddable":true,"href":"https:\/\/grappa.no\/no\/wp-json\/wp\/v2\/product_brand?post=524"},{"taxonomy":"product_cat","embeddable":true,"href":"https:\/\/grappa.no\/no\/wp-json\/wp\/v2\/product_cat?post=524"},{"taxonomy":"product_tag","embeddable":true,"href":"https:\/\/grappa.no\/no\/wp-json\/wp\/v2\/product_tag?post=524"}],"curies":[{"name":"wp","href":"https:\/\/api.w.org\/{rel}","templated":true}]}}