{"id":521,"date":"1999-06-14T00:00:00","date_gmt":"1999-06-13T23:00:00","guid":{"rendered":"http:\/\/www.grappa.no\/albums\/uncategorized\/harde-svaberg-og-blode-konsonanter\/"},"modified":"2016-11-18T16:21:37","modified_gmt":"2016-11-18T15:21:37","slug":"harde-svaberg-og-blode-konsonanter","status":"publish","type":"product","link":"https:\/\/grappa.no\/no\/albums\/grappa\/harde-svaberg-og-blode-konsonanter\/","title":{"rendered":"HARDE SVABERG OG BL\u00d8DE KONSONANTER"},"content":{"rendered":"<p><\/p>\n<p>Viseskatter fra S\u00f8rlandet<\/p>\n<p>S\u00f8rlandet har en rikholdig visetradisjon og her finner vi s\u00f8rlige viseskatter gjennom 40 \u00e5r. Samlingen inneholder eldre og nyere favoritter, formidlet av en rekke kjente og kj\u00e6re s\u00f8rlandsartister. Dette er s\u00f8rlandsmusikk for hele Norge: Nyt musikken av harde svaberg og bl\u00f8de konsonanter!<\/p>\n<p><!--more--><\/p>\n<h4><\/h4>\n<\/p>\n<h4><\/h4>\n<p><h4><\/h4>\n<\/p>\n<p><\/p>","protected":false},"excerpt":{"rendered":"<p>S\u00f8rlandsmusikk for hele Norge.<\/p>\n","protected":false},"featured_media":26969,"comment_status":"closed","ping_status":"open","template":"","meta":[],"product_brand":[],"product_cat":[6],"product_tag":[],"class_list":{"0":"post-521","1":"product","2":"type-product","3":"status-publish","4":"has-post-thumbnail","6":"product_cat-grappa","7":"product_shipping_class-cddvd-shipping","8":"uni_artist_tag-adolf-eikvag","9":"uni_artist_tag-age-munch-olsen","10":"uni_artist_tag-anen-valand","11":"uni_artist_tag-anne-karin-kaasa","12":"uni_artist_tag-anne-margrethe-usterud","13":"uni_artist_tag-anne-sophie-lind","14":"uni_artist_tag-arne-vigeland","15":"uni_artist_tag-arnfinn-torjussen","16":"uni_artist_tag-arnt-haugen","17":"uni_artist_tag-asbjorn-arntsen","18":"uni_artist_tag-ase-nordvik","19":"uni_artist_tag-bente-moe","20":"uni_artist_tag-bjorn-ole-rasch","21":"uni_artist_tag-dag-jonsen","22":"uni_artist_tag-dene-oneil","23":"uni_artist_tag-einar-wallen-mjaland","24":"uni_artist_tag-eivind-boksle","25":"uni_artist_tag-espen-egil-hansen","26":"uni_artist_tag-finn-ludt","27":"uni_artist_tag-frik-hougen","28":"uni_artist_tag-gunder-tellefsen","29":"uni_artist_tag-gunnar-bakke","30":"uni_artist_tag-gunnar-thommesen","31":"uni_artist_tag-harald-fjelde","32":"uni_artist_tag-harald-rike-arnesen","33":"uni_artist_tag-ingvild-graesvold","34":"uni_artist_tag-ivar-boksle","35":"uni_artist_tag-iver-kleive","36":"uni_artist_tag-jan-engervik","37":"uni_artist_tag-jan-erik-usterud","38":"uni_artist_tag-jan-helge-thomassen","39":"uni_artist_tag-jan-thygesen","40":"uni_artist_tag-jens-gundersen","41":"uni_artist_tag-jens-olai-justvik","42":"uni_artist_tag-johan-halvorsen","43":"uni_artist_tag-john-lind","44":"uni_artist_tag-julius-hougen","45":"uni_artist_tag-june-hermansen","46":"uni_artist_tag-kare-siem","47":"uni_artist_tag-kare-zakariassen","48":"uni_artist_tag-kjell-nygaard","49":"uni_artist_tag-knut-a-knutta-olsen","50":"uni_artist_tag-meidel-johansen","51":"uni_artist_tag-morten-arnevik","52":"uni_artist_tag-ole-bjorn-sigridsnes","53":"uni_artist_tag-ole-geir-feste","54":"uni_artist_tag-ole-marius-melhus","55":"uni_artist_tag-oystein-harestad","56":"uni_artist_tag-oystein-roed","57":"uni_artist_tag-oyvind-mortensen","58":"uni_artist_tag-oyvind-smestad","59":"uni_artist_tag-per-elias-drablos","60":"uni_artist_tag-per-kjetil-farstad","61":"uni_artist_tag-per-oystein-berglund","62":"uni_artist_tag-per-roed","63":"uni_artist_tag-petter-odd","64":"uni_artist_tag-reidar-mofjell","65":"uni_artist_tag-rolf-kveim","66":"uni_artist_tag-solveig-grodem-sandelson","67":"uni_artist_tag-steinar-larsen","68":"uni_artist_tag-sven-b-lillegard","69":"uni_artist_tag-tor-flaa","70":"uni_artist_tag-tore-onsaker","71":"uni_artist_tag-torstein-andersen","72":"uni_artist_tag-trad","73":"uni_artist_tag-vidar-boe","74":"uni_artist_genre-folk-music","75":"uni_artist_genre-norwegian","76":"uni_artist_genre-singersongwriter","78":"first","79":"instock","80":"taxable","81":"shipping-taxable","82":"purchasable","83":"product-type-simple"},"_links":{"self":[{"href":"https:\/\/grappa.no\/no\/wp-json\/wp\/v2\/product\/521","targetHints":{"allow":["GET"]}}],"collection":[{"href":"https:\/\/grappa.no\/no\/wp-json\/wp\/v2\/product"}],"about":[{"href":"https:\/\/grappa.no\/no\/wp-json\/wp\/v2\/types\/product"}],"replies":[{"embeddable":true,"href":"https:\/\/grappa.no\/no\/wp-json\/wp\/v2\/comments?post=521"}],"wp:featuredmedia":[{"embeddable":true,"href":"https:\/\/grappa.no\/no\/wp-json\/wp\/v2\/media\/26969"}],"wp:attachment":[{"href":"https:\/\/grappa.no\/no\/wp-json\/wp\/v2\/media?parent=521"}],"wp:term":[{"taxonomy":"product_brand","embeddable":true,"href":"https:\/\/grappa.no\/no\/wp-json\/wp\/v2\/product_brand?post=521"},{"taxonomy":"product_cat","embeddable":true,"href":"https:\/\/grappa.no\/no\/wp-json\/wp\/v2\/product_cat?post=521"},{"taxonomy":"product_tag","embeddable":true,"href":"https:\/\/grappa.no\/no\/wp-json\/wp\/v2\/product_tag?post=521"}],"curies":[{"name":"wp","href":"https:\/\/api.w.org\/{rel}","templated":true}]}}