{"id":520,"date":"1997-08-11T00:00:00","date_gmt":"1997-08-10T23:00:00","guid":{"rendered":"http:\/\/www.grappa.no\/albums\/uncategorized\/sinikka-langeland-strengen-var-af-rode-guld\/"},"modified":"2016-11-18T16:21:37","modified_gmt":"2016-11-18T15:21:37","slug":"sinikka-langeland-strengen-var-af-rode-guld","status":"publish","type":"product","link":"https:\/\/grappa.no\/no\/albums\/grappa\/sinikka-langeland-strengen-var-af-rode-guld\/","title":{"rendered":"Sinikka Langeland &#8211; Strengen var af r\u00f8de guld"},"content":{"rendered":"<p><\/p>\n<p>Sinikka presenterer en ren vokalplate<\/p>\n<p>Da Sinikka Langeland skulle puste liv i de gamle balladene fant hun en sangm\u00e5te med r\u00f8tter i distriktet hos Gustav K\u00e5terud fra V\u00e5ler i Sol\u00f8r. Hun har ogs\u00e5 h\u00f8stet erfaringer i samarbeid med kjente balladesangere fra andre deler av landet. Med personlige utforminger og egne vokalarrangementer presenterer hun her en ren vokal plate. Platen inneholder 23 ballader og viser som ble skrevet ned av folkemusikksamleren Ludvig Mathias Lindeman sommeren 1864. Smykkeskrinet fra Sol\u00f8r var en godt bevart hemmelighet inntil Sinikka Langeland og Velle Espeland fant stedsnavnene Grue og Brandval i Lindemans manuskipter p\u00e5 Norsk Visearkiv i 1991. Det er ikke godt \u00e5 si hvorfor dette unike materialet har ligget gjemt s\u00e5 lenge, for balladene har av samlere flest blitt betraktet som det gjeveste stoffet. <\/p>\n<p>CDen er ogs\u00e5 en del av boka med samme navn, \u00abStrengen var af r\u00f8de guld\u00bb (Aschenhoug \/ Norsk Folkeminnelag, NFL 142), hvor Lindemans nedtegnelser presenteres sammen med artikler om kildene, om Sol\u00f8r som tradisjonsomr\u00e5de og Lindemans reise i Sol\u00f8r.<\/p>\n<p><!--more--><\/p>\n<h4><\/h4>\n<\/p>\n<h4><\/h4>\n<p><h4><\/h4>\n<\/p>\n<p><\/p>","protected":false},"excerpt":{"rendered":"<p>I Sol\u00f8rs smykkeskrin ligger det 23 ballader og viser, nedskrevet av Lindeman sommeren 1864<\/p>\n","protected":false},"featured_media":26948,"comment_status":"closed","ping_status":"open","template":"","meta":[],"product_brand":[],"product_cat":[6],"product_tag":[],"class_list":{"0":"post-520","1":"product","2":"type-product","3":"status-publish","4":"has-post-thumbnail","6":"product_cat-grappa","7":"product_shipping_class-cddvd-shipping","8":"uni_artist_tag-sinikka-langeland","9":"uni_artist_tag-trad","10":"uni_main_artist_tag-sinikka-langeland","11":"uni_artist_genre-folk-music","12":"uni_artist_genre-norwegian","13":"uni_artist_genre-traditional","15":"first","16":"outofstock","17":"taxable","18":"shipping-taxable","19":"product-type-simple"},"_links":{"self":[{"href":"https:\/\/grappa.no\/no\/wp-json\/wp\/v2\/product\/520","targetHints":{"allow":["GET"]}}],"collection":[{"href":"https:\/\/grappa.no\/no\/wp-json\/wp\/v2\/product"}],"about":[{"href":"https:\/\/grappa.no\/no\/wp-json\/wp\/v2\/types\/product"}],"replies":[{"embeddable":true,"href":"https:\/\/grappa.no\/no\/wp-json\/wp\/v2\/comments?post=520"}],"wp:featuredmedia":[{"embeddable":true,"href":"https:\/\/grappa.no\/no\/wp-json\/wp\/v2\/media\/26948"}],"wp:attachment":[{"href":"https:\/\/grappa.no\/no\/wp-json\/wp\/v2\/media?parent=520"}],"wp:term":[{"taxonomy":"product_brand","embeddable":true,"href":"https:\/\/grappa.no\/no\/wp-json\/wp\/v2\/product_brand?post=520"},{"taxonomy":"product_cat","embeddable":true,"href":"https:\/\/grappa.no\/no\/wp-json\/wp\/v2\/product_cat?post=520"},{"taxonomy":"product_tag","embeddable":true,"href":"https:\/\/grappa.no\/no\/wp-json\/wp\/v2\/product_tag?post=520"}],"curies":[{"name":"wp","href":"https:\/\/api.w.org\/{rel}","templated":true}]}}