{"id":517,"date":"1998-03-27T00:00:00","date_gmt":"1998-03-26T23:00:00","guid":{"rendered":"http:\/\/www.grappa.no\/albums\/uncategorized\/siesta\/"},"modified":"2016-11-18T16:21:35","modified_gmt":"2016-11-18T15:21:35","slug":"siesta","status":"publish","type":"product","link":"https:\/\/grappa.no\/no\/albums\/grappa\/siesta\/","title":{"rendered":"SIESTA"},"content":{"rendered":"<p><\/p>\n<p>Musikalsk reise av internasjonal klasse<\/p>\n<p>Siesta vakte internasjonal oppsikt da den kom ut og bekreftet Sigmund Groven som en artist av verdensklasse. Og albumet er virkelig en musikalsk reise gjennom verden, med melodier som henter inspirasjon b\u00e5de fra Norges fjell og fjorder, og fra Spanias rytmiske puls. Groven viser igjen hvilken fabelaktig instrumentalist han er: med gl\u00f8d og f\u00f8lelse viser han en enorm bredde i uttrykket. Repertoaret er variert og spenner fra virtuose versjoner av gamle favoritter til egne, mer moderne komposisjoner. Som en r\u00f8d tr\u00e5d gjennom det hele h\u00f8rer vi Grovens magiske munnspill, ledsaget av flere av Norges elitemusikere. Det varierte repertoaret viser hvordan Groven t\u00f8r \u00e5 tenke munnspillet i nye, spennende sammenhenger. Dette utforsker han i egne komposisjoner, men ogs\u00e5 i tolkninger av andres verker. Siesta er et lysende eksempel p\u00e5 hvordan Sigmund Groven evner \u00e5 v\u00e6re s\u00e6rpreget, personlig og allsidig p\u00e5 en og samme tid.<\/p>\n<p><!--more--><\/p>\n<p>Bli med p\u00e5 en musikalsk reise gjennom verden, med melodier som henter inspirasjon b\u00e5de fra Norges fjell og fjorder og fra Spanias rytmiske puls!<\/p>\n<h4>H\u00f8ydepunkter<\/h4>\n<p>Andre h\u00f8ydepunkter er virtuose versjoner av gamle favoritter som &quot;Granada&quot; og &quot;Begin the Beguine&quot;. I tillegg finnes vi et arrangement av en av Beethovens vakreste melodier der Groven blir ledsaget av sin l\u00e6remester og inspirator, Tommy Reilly. &quot;Serenade&quot; viser at munnspillet ogs\u00e5 gj\u00f8r seg godt i en utpreget klassisk sammenheng. Platen inneholder dessuten det kjente &quot;Svalbard-tema&quot; fra filmen Orions belte.<\/p>\n<h4>Respekt for repertoaret<\/h4>\n<p>Repertoaret er variert, men det hele bindes sammen av Grovens munnspill. Han har hentet inn ulike musikere, alt etter hva hver enkelt komposisjon krever. Blant bidragsyterne finner vi Kjetil Bjerkestrand p\u00e5 synthesizer, Ivar Anton Waagaard p\u00e5 piano, P\u00e5l Thowsen p\u00e5 trommer, Anna Vada p\u00e5 vokal, Iver Kleive p\u00e5 klaver, Steinar Larsen p\u00e5 gitar og Bj\u00f8rn Kjellemyr p\u00e5 bass.<\/p>\n<h4><\/h4>\n<\/p>\n<p><\/p>","protected":false},"excerpt":{"rendered":"<p>Som en r\u00f8d tr\u00e5d gjennom det hele h\u00f8rer vi Grovens magiske munnspill, ledsaget av flere av Norges elitemusikere.<\/p>\n","protected":false},"featured_media":26950,"comment_status":"closed","ping_status":"open","template":"","meta":[],"product_brand":[],"product_cat":[6],"product_tag":[],"class_list":{"0":"post-517","1":"product","2":"type-product","3":"status-publish","4":"has-post-thumbnail","6":"product_cat-grappa","7":"product_shipping_class-cddvd-shipping","8":"uni_artist_tag-anne-vada","9":"uni_artist_tag-augustin-lara","10":"uni_artist_tag-bent-aserud","11":"uni_artist_tag-bjorn-kjellemyr","12":"uni_artist_tag-cole-porter","13":"uni_artist_tag-froydis-ree-wekre","14":"uni_artist_tag-geir-bohren","15":"uni_artist_tag-helge-iberg","16":"uni_artist_tag-ivar-anton-waagaard","17":"uni_artist_tag-iver-kleive","18":"uni_artist_tag-james-moody","19":"uni_artist_tag-kjetil-bjerkestrand","20":"uni_artist_tag-lars-tilling","21":"uni_artist_tag-ludwig-van-beethoven","22":"uni_artist_tag-norrkoping-symphony-orchestra","23":"uni_artist_tag-oslo-gospel-choir","24":"uni_artist_tag-pal-thowsen","25":"uni_artist_tag-sigmund-groven","26":"uni_artist_tag-steinar-larsen","27":"uni_artist_tag-svein-gjermundrod","28":"uni_artist_tag-sverre-jensen","29":"uni_artist_tag-terje-venaas","30":"uni_artist_tag-tommy-reilly","31":"uni_artist_tag-tore-aas","32":"uni_main_artist_tag-sigmund-groven","33":"uni_artist_genre-pop","34":"uni_artist_genre-traditional","36":"first","37":"outofstock","38":"taxable","39":"shipping-taxable","40":"product-type-simple"},"_links":{"self":[{"href":"https:\/\/grappa.no\/no\/wp-json\/wp\/v2\/product\/517","targetHints":{"allow":["GET"]}}],"collection":[{"href":"https:\/\/grappa.no\/no\/wp-json\/wp\/v2\/product"}],"about":[{"href":"https:\/\/grappa.no\/no\/wp-json\/wp\/v2\/types\/product"}],"replies":[{"embeddable":true,"href":"https:\/\/grappa.no\/no\/wp-json\/wp\/v2\/comments?post=517"}],"wp:featuredmedia":[{"embeddable":true,"href":"https:\/\/grappa.no\/no\/wp-json\/wp\/v2\/media\/26950"}],"wp:attachment":[{"href":"https:\/\/grappa.no\/no\/wp-json\/wp\/v2\/media?parent=517"}],"wp:term":[{"taxonomy":"product_brand","embeddable":true,"href":"https:\/\/grappa.no\/no\/wp-json\/wp\/v2\/product_brand?post=517"},{"taxonomy":"product_cat","embeddable":true,"href":"https:\/\/grappa.no\/no\/wp-json\/wp\/v2\/product_cat?post=517"},{"taxonomy":"product_tag","embeddable":true,"href":"https:\/\/grappa.no\/no\/wp-json\/wp\/v2\/product_tag?post=517"}],"curies":[{"name":"wp","href":"https:\/\/api.w.org\/{rel}","templated":true}]}}