{"id":516,"date":"1998-09-21T00:00:00","date_gmt":"1998-09-20T23:00:00","guid":{"rendered":"http:\/\/www.grappa.no\/albums\/uncategorized\/kom-sol-pa-alle-mine-berg\/"},"modified":"2016-11-18T16:21:35","modified_gmt":"2016-11-18T15:21:35","slug":"kom-sol-pa-alle-mine-berg","status":"publish","type":"product","link":"https:\/\/grappa.no\/no\/albums\/grappa\/kom-sol-pa-alle-mine-berg\/","title":{"rendered":"KOM SOL P\u00c5 ALLE MINE BERG"},"content":{"rendered":"<p><\/p>\n<p>Sigmund Groven tonsetter Halvor J. Sandsdalens tekster<\/p>\n<p>P\u00e5 Kom sol p\u00e5 alle mine berg har Sigmund Groven satt musikk til Halvor J. Sandsdalens tekster. Geirr Lystrup synger og Sandsdalen fremf\u00f8rer 10 av sine egne dikt. Albumet ble opprinnelig gitt ut p\u00e5 LP i 1981 og kom endelig p\u00e5 CD i 1998, samme \u00e5r som Sandsdalen d\u00f8de. CD-utgivelsen inneholder de 14 visene fra LP-platen, blant andre radiofavoritter som \u201dKom sol\u201d, \u201dBrevet\u201d og \u201dLise Li\u201d. Sandsdalen, som ofte blir sammenlignet med storheter som Jakob Sande, Vidar Sandbeck og Alf Pr\u00f8ysen, lot gjerne Telemarks befolkning og natur v\u00e6re utgangspunkt for diktningen hans. Ikke desto mindre er tekstene hans universelle og strekker seg langt utenfor Telemarks grenser. Sandsdalen var en dikter med enorm spennvidde. Lystrups sterke vokal og Grovens komposisjoner og musikk kler Sandsdalens tekster perfekt og klarer med nydelig presisjon \u00e5 formidle de mange forskjellige temaene som kommer til uttrykk i denne dikterens arbeid.<\/p>\n<p><!--more--><\/p>\n<p>Endeleg er innspelinga fr\u00e5 1981 der Geirr Lystrup syng viser av Sigmund Groven og Halvor J. Sandsdalen \u00e5 f\u00e5 p\u00e5 CD!<\/p>\n<h4>Tvisynte Sandsdalen<\/h4>\n<p>Liksom A.O. Vinje har Halvor J. Sandsdalen tvisyn: Han kan &quot;le med det eine auga og gr\u00e5te med det andre.&quot; Alle tekstene, b\u00e5de dikta og visene, er trykte i heftet som h\u00f8yrer med til CDen. Som visediktar g\u00e5r Sandsdalen inn i ein tradisjon der undertonen av folkevisa er tydeleg. Mange meiner at han er i slekt med b\u00e5de Jakob Sande, Vidar Sandbeck, og Alf Pr\u00f8ysen. Og nettopp Pr\u00f8ysen var ein av dei som saman med Otto Nielsen oppmuntra Sandsdalen til \u00e5 skrive fleire viser d\u00e5 han sende inn sine fyrste tekster til radioprogrammet S\u00f8ndagsposten.<\/p>\n<h4>Allmenn dikting fr\u00e5 Telemark<\/h4>\n<p>Halvor J. Sandsdalen er fr\u00e5 Seljord, og han har lenge hatt eit n\u00e6rt samarbeid med ein annan telemarking, Sigmund Groven, som har sett tone til eit tjuetal Sandsdalen-tekster. Mange av dei blei urframf\u00f8rte i Otto Nielsens S\u00f8ndagsposten p\u00e5 1970-talet, av Geirr Lystrup. Han har ogs\u00e5 sterke r\u00f8ter i Telemark, men er elles kjend for \u00e5 framf\u00f8re eigne viser. N\u00e5 er dette langtfr\u00e5 noko stadbunde Telemarksprodukt. Innhaldet i visene og dikta femner tankar som er allmenne. Her er b\u00e5de beiske og humoristiske folkelivsskildringar, og naturlyrikk. Diktaren nyttar dei ytre hendingane og naturbileta til \u00e5 fortelje om menneskelege kjensler.<\/p>\n<h4>Vemod og glede<\/h4>\n<p>\u2013 Eg skriv vemodige viser n\u00e5r eg er glad, mi glede er alltid blanda med vemod, og eg skriv skjemtviser n\u00e5r livet g\u00e5r meg i mot. Halvor J. Sandsdalen.<br \/>\nInnspela i Oslo 15.-19. september 1981. Alle dikta er innlesne for NRK mellom 1963 og 1985. Musikalsk leiar, arrang\u00f8r og produsent er Sigmund Groven.<\/p>\n<p><\/p>","protected":false},"excerpt":{"rendered":"<p>Sigmund Groven bl\u00e5ser nytt liv i tekster av Halvor J. Sandsdalen.<\/p>\n","protected":false},"featured_media":26957,"comment_status":"closed","ping_status":"open","template":"","meta":[],"product_brand":[],"product_cat":[6],"product_tag":[],"class_list":{"0":"post-516","1":"product","2":"type-product","3":"status-publish","4":"has-post-thumbnail","6":"product_cat-grappa","7":"product_shipping_class-cddvd-shipping","8":"uni_artist_tag-bjorn-kjellemyr","9":"uni_artist_tag-geirr-lystrup","10":"uni_artist_tag-halvor-j-sandsdalen","11":"uni_artist_tag-henrik-hannisdal","12":"uni_artist_tag-henryk-lysiak","13":"uni_artist_tag-iver-kleive","14":"uni_artist_tag-jan-thoresen","15":"uni_artist_tag-morten-bing","16":"uni_artist_tag-nils-petter-nyren","17":"uni_artist_tag-oyvind-ekorness","18":"uni_artist_tag-sigmund-groven","19":"uni_artist_tag-steinar-ofsdal","20":"uni_artist_tag-sture-rogne","21":"uni_artist_tag-svein-christiansen","22":"uni_artist_tag-svein-johann-ose","23":"uni_artist_tag-terje-venaas","24":"uni_main_artist_tag-sigmund-groven","25":"uni_artist_genre-lyric-poetry","26":"uni_artist_genre-traditional","28":"first","29":"instock","30":"taxable","31":"shipping-taxable","32":"purchasable","33":"product-type-simple"},"_links":{"self":[{"href":"https:\/\/grappa.no\/no\/wp-json\/wp\/v2\/product\/516","targetHints":{"allow":["GET"]}}],"collection":[{"href":"https:\/\/grappa.no\/no\/wp-json\/wp\/v2\/product"}],"about":[{"href":"https:\/\/grappa.no\/no\/wp-json\/wp\/v2\/types\/product"}],"replies":[{"embeddable":true,"href":"https:\/\/grappa.no\/no\/wp-json\/wp\/v2\/comments?post=516"}],"wp:featuredmedia":[{"embeddable":true,"href":"https:\/\/grappa.no\/no\/wp-json\/wp\/v2\/media\/26957"}],"wp:attachment":[{"href":"https:\/\/grappa.no\/no\/wp-json\/wp\/v2\/media?parent=516"}],"wp:term":[{"taxonomy":"product_brand","embeddable":true,"href":"https:\/\/grappa.no\/no\/wp-json\/wp\/v2\/product_brand?post=516"},{"taxonomy":"product_cat","embeddable":true,"href":"https:\/\/grappa.no\/no\/wp-json\/wp\/v2\/product_cat?post=516"},{"taxonomy":"product_tag","embeddable":true,"href":"https:\/\/grappa.no\/no\/wp-json\/wp\/v2\/product_tag?post=516"}],"curies":[{"name":"wp","href":"https:\/\/api.w.org\/{rel}","templated":true}]}}