{"id":515,"date":"1995-09-04T00:00:00","date_gmt":"1995-09-03T23:00:00","guid":{"rendered":"http:\/\/www.grappa.no\/albums\/uncategorized\/sinikka-langeland-har-du-lyttet-til-elvene-om-natta\/"},"modified":"2016-11-18T16:21:34","modified_gmt":"2016-11-18T15:21:34","slug":"sinikka-langeland-har-du-lyttet-til-elvene-om-natta","status":"publish","type":"product","link":"https:\/\/grappa.no\/no\/albums\/grappa\/sinikka-langeland-har-du-lyttet-til-elvene-om-natta\/","title":{"rendered":"Sinikka Langeland &#8211; Har du lyttet til elvene om natta?"},"content":{"rendered":"<p><\/p>\n<p>En visshet om at noe viktig blir overlevert<\/p>\n<p>Sinikka Langeland har Finnskogen som kilde for sine sanger og sin musikk. Finnskogkulturen har r\u00f8tter i den eldgamle, finske mytologien som finnene brakte med seg da de p\u00e5 16-1700-tallet kom til grenseomr\u00e5dene nord\u00f8st for Oslo. Hun oppdaget Hans B\u00f8rlis dikt en desemberkveld i 1978. Gl\u00f8rene varmet i svartovnen og musikken sm\u00f8g seg innp\u00e5 diktene hans. F\u00f8lelsen ble enda sterkere da Sinikka sang ordene, i visshet om at noe viktig ble overlevert. <\/p>\n<p>Hans B\u00f8rlis dikt er gjerne samfunnskritiske og beske, ofte med utgangspunkt i t\u00f8mmerhuggerens slit og ensomhet. Han hentet ogs\u00e5 temaer fra andre himmelstr\u00f8k, selvom de fleste forbinder ham med en uts\u00f8kt bruk av motiver fra norsk natur. Hans B\u00f8rli stiller eksistensielle sp\u00f8rsm\u00e5l, og i flere av diktene p\u00e5 plata m\u00f8ter vi hans filosofering over mennesket som speiler seg i naturen og tillegger den sine egenskaper.<\/p>\n<p><!--more--><\/p>\n<h4><\/h4>\n<\/p>\n<h4><\/h4>\n<p><h4><\/h4>\n<\/p>\n<p><\/p>","protected":false},"excerpt":{"rendered":"<p>Vi m\u00f8ter mennesket som speiler seg i naturen og tillegger den sine egenskaper i Hans B\u00f8rlis dikt, med musikk av Sinikka Langeland.<\/p>\n","protected":false},"featured_media":26937,"comment_status":"closed","ping_status":"open","template":"","meta":[],"product_brand":[],"product_cat":[6],"product_tag":[],"class_list":{"0":"post-515","1":"product","2":"type-product","3":"status-publish","4":"has-post-thumbnail","6":"product_cat-grappa","7":"product_shipping_class-cddvd-shipping","8":"uni_artist_tag-anders-engen","9":"uni_artist_tag-anders-jormin","10":"uni_artist_tag-jan-erik-kongshaug","11":"uni_artist_tag-morten-halle","12":"uni_artist_tag-peter-finger","13":"uni_artist_tag-sinikka-langeland","14":"uni_main_artist_tag-sinikka-langeland","15":"uni_artist_genre-folk-music","16":"uni_artist_genre-norwegian","17":"uni_artist_genre-traditional","19":"first","20":"instock","21":"taxable","22":"shipping-taxable","23":"purchasable","24":"product-type-simple"},"_links":{"self":[{"href":"https:\/\/grappa.no\/no\/wp-json\/wp\/v2\/product\/515","targetHints":{"allow":["GET"]}}],"collection":[{"href":"https:\/\/grappa.no\/no\/wp-json\/wp\/v2\/product"}],"about":[{"href":"https:\/\/grappa.no\/no\/wp-json\/wp\/v2\/types\/product"}],"replies":[{"embeddable":true,"href":"https:\/\/grappa.no\/no\/wp-json\/wp\/v2\/comments?post=515"}],"wp:featuredmedia":[{"embeddable":true,"href":"https:\/\/grappa.no\/no\/wp-json\/wp\/v2\/media\/26937"}],"wp:attachment":[{"href":"https:\/\/grappa.no\/no\/wp-json\/wp\/v2\/media?parent=515"}],"wp:term":[{"taxonomy":"product_brand","embeddable":true,"href":"https:\/\/grappa.no\/no\/wp-json\/wp\/v2\/product_brand?post=515"},{"taxonomy":"product_cat","embeddable":true,"href":"https:\/\/grappa.no\/no\/wp-json\/wp\/v2\/product_cat?post=515"},{"taxonomy":"product_tag","embeddable":true,"href":"https:\/\/grappa.no\/no\/wp-json\/wp\/v2\/product_tag?post=515"}],"curies":[{"name":"wp","href":"https:\/\/api.w.org\/{rel}","templated":true}]}}