{"id":513,"date":"1997-09-22T00:00:00","date_gmt":"1997-09-21T23:00:00","guid":{"rendered":"http:\/\/www.grappa.no\/albums\/uncategorized\/vinterkropp\/"},"modified":"2016-11-18T16:21:33","modified_gmt":"2016-11-18T15:21:33","slug":"vinterkropp","status":"publish","type":"product","link":"https:\/\/grappa.no\/no\/albums\/grappa\/vinterkropp\/","title":{"rendered":"VINTERKROPP"},"content":{"rendered":"<p><\/p>\n<p>Varmt og engasjerende fra Maj Britt Andersen<\/p>\n<p>Vinterkropp er Maj Britt Andersens andre utgivelse beregnet p\u00e5 voksne lyttere. Denne gang fremf\u00f8rer hun tekster av den s\u00e6rpregede dikteren Ove R\u00f8sbak, som i likhet med Andersen ogs\u00e5 har arbeidet mye med Alf Pr\u00f8ysens liv og virke. Tekstene p\u00e5 albumet er skrevet av R\u00f8sbak spesielt for Andersen og komponist Geir Holmsen. R\u00f8sbaks tekster er fulle av nerve og de spenner fra det frodige, romantiske og til tider erotiske, til det s\u00e5re og vemodige. Andersen gjengir disse ulike sinnstemningene p\u00e5 en troverdig m\u00e5te, godt hjulpet av Holmsens nydelige melodier. Kombinasjonen av Andersens vokal, Holmsens komposisjoner og R\u00f8sbaks egenartede tekster har gitt et friskt resultat. Utgivelsen oser musikalsk kvalitet og artistisk integritet og Vinterkropp er blitt en varm og engasjerende opplevelse.<\/p>\n<p><!--more--><\/p>\n<p>Vinterkropp er Maj Britt Andersens andre utgivelse beregnet p\u00e5 voksne lyttere og den unike innlevelsen og gl\u00f8den hun har viser i formidlingen av barnemusikk, tar hun med seg ogs\u00e5 her.<\/p>\n<h4>Musikk til Ove R\u00f8sbaks diktning<\/h4>\n<p>Denne gang fremf\u00f8rer Maj Britt Andersen tekster av den s\u00e6rpregede dikteren Ove R\u00f8sbak, som i likhet med Andersen ogs\u00e5 har arbeidet mye med Alf Pr\u00f8ysens liv og virke. Tekstene p\u00e5 albumet er skrevet av R\u00f8sbak spesielt for Andersen og komponist Geir Holmsen. Frodige, erotiske dikt er en del av R\u00f8sbaks diktning og Andersen har vist seg som en stor formidler av vekslingen mellom det s\u00e5re, vemodige og gleden og iveren. Andersen gjengir disse ulike sinnstemningene p\u00e5 en troverdig og inntagende m\u00e5te, godt hjulpet av de nydelige melodiene som Holmsen st\u00e5r bak.<\/p>\n<h4>Skiftende landskap<\/h4>\n<p>Holmsen har skapt et skiftende landskap av musikk i sin tonesetting av melodiene og vi f\u00e5r h\u00f8re rene og enkle komposisjoner som \u201dDjupe daler har liten himmel\u201d, men ogs\u00e5 mer heftige og tyngre rytmer som i \u201dDet regne kaldt i Cuzco by\u201d. Blant de \u00f8vrige bidragyterne p\u00e5 utgivelsen finner vi en rekke musikalske storheter: Truls M\u00f8rk, Ivar Anton Waagaard, Rune Arnesen, Jon Balke, Paolo Vinaccia, Alfred Janson og Anneli M. Drecker er noen av disse. Kombinasjonen av Andersens vokal, Holmsens komposisjoner og R\u00f8sbaks egenartede tekster har gitt et friskt resultat, Utgivelsen oser musikalsk kvalitet og artistisk integritet og Vinterkropp er blitt en varm og engasjerende opplevelse.<\/p>\n<h4><\/h4>\n<\/p>\n<p><\/p>","protected":false},"excerpt":{"rendered":"<p>Varmt og engasjerende fra Maj Britt Andersen<\/p>\n","protected":false},"featured_media":26947,"comment_status":"closed","ping_status":"open","template":"","meta":[],"product_brand":[],"product_cat":[6],"product_tag":[],"class_list":{"0":"post-513","1":"product","2":"type-product","3":"status-publish","4":"has-post-thumbnail","6":"product_cat-grappa","7":"product_shipping_class-cddvd-shipping","8":"uni_artist_tag-alfred-janson","9":"uni_artist_tag-anneli-m-drecker","10":"uni_artist_tag-eivind-aarset","11":"uni_artist_tag-geir-holmsen","12":"uni_artist_tag-ingeborg-mohn","13":"uni_artist_tag-ivar-anton-waagaard","14":"uni_artist_tag-jon-balke","15":"uni_artist_tag-maj-britt-andersen","16":"uni_artist_tag-minda-mohn","17":"uni_artist_tag-paolo-vinaccia","18":"uni_artist_tag-rune-arnesen","19":"uni_artist_tag-truls-mork","20":"uni_main_artist_tag-maj-britt-andersen","21":"uni_artist_genre-norwegian","22":"uni_artist_genre-singersongwriter","24":"first","25":"instock","26":"taxable","27":"shipping-taxable","28":"purchasable","29":"product-type-simple"},"_links":{"self":[{"href":"https:\/\/grappa.no\/no\/wp-json\/wp\/v2\/product\/513","targetHints":{"allow":["GET"]}}],"collection":[{"href":"https:\/\/grappa.no\/no\/wp-json\/wp\/v2\/product"}],"about":[{"href":"https:\/\/grappa.no\/no\/wp-json\/wp\/v2\/types\/product"}],"replies":[{"embeddable":true,"href":"https:\/\/grappa.no\/no\/wp-json\/wp\/v2\/comments?post=513"}],"wp:featuredmedia":[{"embeddable":true,"href":"https:\/\/grappa.no\/no\/wp-json\/wp\/v2\/media\/26947"}],"wp:attachment":[{"href":"https:\/\/grappa.no\/no\/wp-json\/wp\/v2\/media?parent=513"}],"wp:term":[{"taxonomy":"product_brand","embeddable":true,"href":"https:\/\/grappa.no\/no\/wp-json\/wp\/v2\/product_brand?post=513"},{"taxonomy":"product_cat","embeddable":true,"href":"https:\/\/grappa.no\/no\/wp-json\/wp\/v2\/product_cat?post=513"},{"taxonomy":"product_tag","embeddable":true,"href":"https:\/\/grappa.no\/no\/wp-json\/wp\/v2\/product_tag?post=513"}],"curies":[{"name":"wp","href":"https:\/\/api.w.org\/{rel}","templated":true}]}}