{"id":510,"date":"1996-09-09T00:00:00","date_gmt":"1996-09-08T23:00:00","guid":{"rendered":"http:\/\/www.grappa.no\/albums\/uncategorized\/heksedans\/"},"modified":"2022-01-05T15:29:26","modified_gmt":"2022-01-05T14:29:26","slug":"heksedans","status":"publish","type":"product","link":"https:\/\/grappa.no\/no\/albums\/grappa\/heksedans\/","title":{"rendered":"HEKSEDANS"},"content":{"rendered":"<p><\/p>\n<p>Gjennombruddet<\/p>\n<p>Heksedans var Jan Eggums store gjennombrudd som artist og regnes fortsatt i dag som en av hans aller beste plater. Det var med denne utgivelsen, hans tredje i rekken, at han virkelig ble kjent for det norske publikum. Heksedans viser Eggum som en seri\u00f8s og ambisi\u00f8s artist med sterke tekster. Sangene er melodi\u00f8se og tekstene alvorlige, men ofte med en underliggende, lun humor. Velkjente sanger som \u201dMor jeg vil tilbake\u201d, \u201dUnnagjort\u201d og tittelsporet \u201dHeksedans\u201d er alle eksempler p\u00e5 slike modige og direkte tekster, gjort komplett med fengende melodier som ikke slipper taket. Medlemmer fra rockebandet Saft bidro som musikere p\u00e5 platen, denne gang under navnet Ring. Foreningen av visesang og rock resulterte i et hardtsl\u00e5ende lydbilde som kledde Eggums brennende engasjement. Utgivelsen ga Eggum Bransjeprisen som opphavsmann under Spellemannprisutdelingen i 1978.<\/p>\n<p><!--more--><\/p>\n<h4><\/h4>\n<h4><\/h4>\n<h4><\/h4>\n<p><\/p>","protected":false},"excerpt":{"rendered":"<p>En klassiker i norsk musikkhistorie.<\/p>\n","protected":false},"featured_media":26925,"comment_status":"closed","ping_status":"closed","template":"","meta":[],"product_brand":[],"product_cat":[6],"product_tag":[],"class_list":{"0":"post-510","1":"product","2":"type-product","3":"status-publish","4":"has-post-thumbnail","6":"product_cat-grappa","7":"product_shipping_class-cddvd-shipping","8":"uni_artist_tag-alexandra-naumik","9":"uni_artist_tag-bergen-string-quartet","10":"uni_artist_tag-dora-bjorgvinsdottir","11":"uni_artist_tag-gro-andersen","12":"uni_artist_tag-gunnar-norgard","13":"uni_artist_tag-harald-halvorsen","14":"uni_artist_tag-jan-eggum","15":"uni_artist_tag-jean-torud","16":"uni_artist_tag-kjetil-ytre-arne","17":"uni_artist_tag-kristian-lindeman","18":"uni_artist_tag-magne-lunde","19":"uni_artist_tag-mette-nome-lepsoe","20":"uni_artist_tag-mi-young-kim","21":"uni_artist_tag-nina-g-flyer","22":"uni_artist_tag-ottar-hauge","23":"uni_artist_tag-oystein-sobstad","24":"uni_artist_tag-pjokken-eide","25":"uni_artist_tag-rolf-presto","26":"uni_artist_tag-rolf-sandvik","27":"uni_artist_tag-rolf-skogstrand","28":"uni_artist_tag-stephen-penny","29":"uni_artist_tag-svein-gundersen","30":"uni_artist_tag-terje-nordbeck-johannessen","31":"uni_artist_tag-tom-h-halvorsen","32":"uni_artist_tag-tom-salisbury","33":"uni_artist_tag-tore-erlandsen","34":"uni_artist_tag-trygve-thue","35":"uni_main_artist_tag-jan-eggum","36":"uni_artist_genre-norwegian","37":"uni_artist_genre-pop","38":"uni_artist_genre-rock","39":"uni_artist_genre-singersongwriter","41":"first","42":"outofstock","43":"featured","44":"taxable","45":"shipping-taxable","46":"purchasable","47":"product-type-simple"},"_links":{"self":[{"href":"https:\/\/grappa.no\/no\/wp-json\/wp\/v2\/product\/510","targetHints":{"allow":["GET"]}}],"collection":[{"href":"https:\/\/grappa.no\/no\/wp-json\/wp\/v2\/product"}],"about":[{"href":"https:\/\/grappa.no\/no\/wp-json\/wp\/v2\/types\/product"}],"replies":[{"embeddable":true,"href":"https:\/\/grappa.no\/no\/wp-json\/wp\/v2\/comments?post=510"}],"wp:featuredmedia":[{"embeddable":true,"href":"https:\/\/grappa.no\/no\/wp-json\/wp\/v2\/media\/26925"}],"wp:attachment":[{"href":"https:\/\/grappa.no\/no\/wp-json\/wp\/v2\/media?parent=510"}],"wp:term":[{"taxonomy":"product_brand","embeddable":true,"href":"https:\/\/grappa.no\/no\/wp-json\/wp\/v2\/product_brand?post=510"},{"taxonomy":"product_cat","embeddable":true,"href":"https:\/\/grappa.no\/no\/wp-json\/wp\/v2\/product_cat?post=510"},{"taxonomy":"product_tag","embeddable":true,"href":"https:\/\/grappa.no\/no\/wp-json\/wp\/v2\/product_tag?post=510"}],"curies":[{"name":"wp","href":"https:\/\/api.w.org\/{rel}","templated":true}]}}