{"id":509,"date":"1985-04-22T00:00:00","date_gmt":"1985-04-21T23:00:00","guid":{"rendered":"http:\/\/www.grappa.no\/albums\/uncategorized\/e-g-g-u-m\/"},"modified":"2018-10-12T06:38:57","modified_gmt":"2018-10-12T05:38:57","slug":"e-g-g-u-m","status":"publish","type":"product","link":"https:\/\/grappa.no\/no\/albums\/grappa\/e-g-g-u-m\/","title":{"rendered":"E.G.G.U.M."},"content":{"rendered":"<p><\/p>\n<p>Moderne Eggum<\/p>\n<p>Jan Eggums siste utgivelse p\u00e5 1980-tallet vitner om denne artistens evne til \u00e5 stadige fornye seg og den er et godt eksempel p\u00e5 Eggums sans for nye utfordringer og nese for musikalske arrangementer. Da E.G.G.U.M. kom i 1985 var det merkbart at Eggum hadde eksperimentert i studio. Samarbeidet med produsent Erik Hillestad og kjente musikere som Morten Halle, Nils Petter Molv\u00e6r og Knut V\u00e6rnes hadde resultert i et mer moderne lydbilde enn det som hadde v\u00e6rt kjennetegnende for Eggums tidligere utgivelser. Sanger som \u201dStilig\u201d, \u201dMang slags kj\u00e6rlighet\u201d, \u201dKem har betalt det\u201d og \u201dTre e en for mye\u201d bekreftet at Eggum fortsatt leverte l\u00e5ter med klassikerstatus i kjent stil. Samtidig ga denne utgivelsen uttrykk for Eggums mangesidighet, ikke minst gjennom den musikalske lekenheten som presenterte ham som en uredd og lite selvh\u00f8ytidelig artist.<\/p>\n<p><!--more--><\/p>\n<h4><\/h4>\n<\/p>\n<h4><\/h4>\n<p><h4><\/h4>\n<\/p>\n<p><\/p>","protected":false},"excerpt":{"rendered":"<p>Uredd og eksperimentelt fra Eggum.<\/p>\n","protected":false},"featured_media":26931,"comment_status":"closed","ping_status":"open","template":"","meta":[],"product_brand":[],"product_cat":[6],"product_tag":[],"class_list":{"0":"post-509","1":"product","2":"type-product","3":"status-publish","4":"has-post-thumbnail","6":"product_cat-grappa","7":"product_shipping_class-cddvd-shipping","8":"uni_artist_tag-arne-moe-vindedal","9":"uni_artist_tag-edvard-askeland","10":"uni_artist_tag-erik-hillestad","11":"uni_artist_tag-frank-jacobsen","12":"uni_artist_tag-geir-rogno","13":"uni_artist_tag-gunnar-bjelland","14":"uni_artist_tag-jan-eggum","15":"uni_artist_tag-johnnie-harper","16":"uni_artist_tag-kare-sandvik","17":"uni_artist_tag-knut-vaernes","18":"uni_artist_tag-lynni-treekrem","19":"uni_artist_tag-magnar-torstad","20":"uni_artist_tag-morten-halle","21":"uni_artist_tag-nils-petter-molvaer","22":"uni_artist_tag-nina-askeland","23":"uni_artist_tag-rune-klakegg","24":"uni_artist_tag-sveinung-hovensjo","25":"uni_artist_tag-torbjorn-sunde","26":"uni_main_artist_tag-jan-eggum","27":"uni_artist_genre-norwegian","28":"uni_artist_genre-pop","29":"uni_artist_genre-rock","30":"uni_artist_genre-singersongwriter","32":"first","33":"instock","34":"taxable","35":"shipping-taxable","36":"purchasable","37":"product-type-simple"},"_links":{"self":[{"href":"https:\/\/grappa.no\/no\/wp-json\/wp\/v2\/product\/509","targetHints":{"allow":["GET"]}}],"collection":[{"href":"https:\/\/grappa.no\/no\/wp-json\/wp\/v2\/product"}],"about":[{"href":"https:\/\/grappa.no\/no\/wp-json\/wp\/v2\/types\/product"}],"replies":[{"embeddable":true,"href":"https:\/\/grappa.no\/no\/wp-json\/wp\/v2\/comments?post=509"}],"wp:featuredmedia":[{"embeddable":true,"href":"https:\/\/grappa.no\/no\/wp-json\/wp\/v2\/media\/26931"}],"wp:attachment":[{"href":"https:\/\/grappa.no\/no\/wp-json\/wp\/v2\/media?parent=509"}],"wp:term":[{"taxonomy":"product_brand","embeddable":true,"href":"https:\/\/grappa.no\/no\/wp-json\/wp\/v2\/product_brand?post=509"},{"taxonomy":"product_cat","embeddable":true,"href":"https:\/\/grappa.no\/no\/wp-json\/wp\/v2\/product_cat?post=509"},{"taxonomy":"product_tag","embeddable":true,"href":"https:\/\/grappa.no\/no\/wp-json\/wp\/v2\/product_tag?post=509"}],"curies":[{"name":"wp","href":"https:\/\/api.w.org\/{rel}","templated":true}]}}