{"id":507,"date":"1989-09-18T00:00:00","date_gmt":"1989-09-17T23:00:00","guid":{"rendered":"http:\/\/www.grappa.no\/albums\/uncategorized\/bjoro-haland\/"},"modified":"2023-12-11T14:19:17","modified_gmt":"2023-12-11T13:19:17","slug":"bjoro-haland","status":"publish","type":"product","link":"https:\/\/grappa.no\/no\/albums\/grappa\/bjoro-haland\/","title":{"rendered":"BJ\u00d8RO H\u00c5LAND"},"content":{"rendered":"<p>Commercial Success From Bj\u00f8ro H\u00e5land<\/p>\n<p>Bj\u00f8ro H\u00e5land was the artist&#8217;s third solo release. Like the two previous solo albums, it became very popular. The album was a huge commercial success and sold over 160,000 copies! This is partly because of the opening song &quot;I Love Norwegian Country&quot;, written by Benny Borg. Several other songs on the album became radio hits, and made sure that H\u00e5land reached out to an even bigger audience. Among these are &quot;Hei gamle landevei&quot; by Benny Borg and Johnny Sareussen, and &quot;Lykkejeger&quot; by John Reidar B\u00f8e. This was H\u00e5land\u00b4s first all-Norwegian record: The album was recorded in Norway and H\u00e5land was accompanied by a number of Norwegian artists, including Jonas Fjeld. Bj\u00f8ro H\u00e5land was first released on LP in 1982, but was later re-released on CD in 1989. The CD release, which was H\u00e5land&#8217;s first release with Grappa Musikkforlag, was a pleasant encore with one of Norway\u00b4s most beloved artists.<\/p>\n<p><!--more--><\/p>\n<h4><\/h4>\n<\/p>\n<h4><\/h4>\n<\/p>\n<h4><\/h4><\/p>\n","protected":false},"excerpt":{"rendered":"<p>One of Bj\u00f8ro H\u00e5land\u00b4s most popular releases ever!<\/p>\n","protected":false},"featured_media":26904,"comment_status":"closed","ping_status":"closed","template":"","meta":[],"product_brand":[],"product_cat":[6],"product_tag":[],"class_list":{"0":"post-507","1":"product","2":"type-product","3":"status-publish","4":"has-post-thumbnail","6":"product_cat-grappa","7":"product_shipping_class-cddvd-shipping","8":"uni_artist_tag-benny-borg","9":"uni_artist_tag-bjoro-haland","10":"uni_artist_tag-blair","11":"uni_artist_tag-harald-pettersen","12":"uni_artist_tag-john-henry-rostill","13":"uni_artist_tag-john-reidar-boe","14":"uni_artist_tag-johnny-sareussen","15":"uni_artist_tag-r-sessions","16":"uni_artist_tag-r-wiilis","17":"uni_artist_tag-riggs","18":"uni_artist_tag-robertson","19":"uni_main_artist_tag-bjoro-haland","20":"uni_artist_genre-country","22":"first","23":"outofstock","24":"taxable","25":"shipping-taxable","26":"purchasable","27":"product-type-simple"},"_links":{"self":[{"href":"https:\/\/grappa.no\/no\/wp-json\/wp\/v2\/product\/507","targetHints":{"allow":["GET"]}}],"collection":[{"href":"https:\/\/grappa.no\/no\/wp-json\/wp\/v2\/product"}],"about":[{"href":"https:\/\/grappa.no\/no\/wp-json\/wp\/v2\/types\/product"}],"replies":[{"embeddable":true,"href":"https:\/\/grappa.no\/no\/wp-json\/wp\/v2\/comments?post=507"}],"wp:featuredmedia":[{"embeddable":true,"href":"https:\/\/grappa.no\/no\/wp-json\/wp\/v2\/media\/26904"}],"wp:attachment":[{"href":"https:\/\/grappa.no\/no\/wp-json\/wp\/v2\/media?parent=507"}],"wp:term":[{"taxonomy":"product_brand","embeddable":true,"href":"https:\/\/grappa.no\/no\/wp-json\/wp\/v2\/product_brand?post=507"},{"taxonomy":"product_cat","embeddable":true,"href":"https:\/\/grappa.no\/no\/wp-json\/wp\/v2\/product_cat?post=507"},{"taxonomy":"product_tag","embeddable":true,"href":"https:\/\/grappa.no\/no\/wp-json\/wp\/v2\/product_tag?post=507"}],"curies":[{"name":"wp","href":"https:\/\/api.w.org\/{rel}","templated":true}]}}