{"id":506,"date":"1998-06-22T00:00:00","date_gmt":"1998-06-21T23:00:00","guid":{"rendered":"http:\/\/www.grappa.no\/albums\/uncategorized\/de-som-kan-noe-annet\/"},"modified":"2016-11-18T16:21:30","modified_gmt":"2016-11-18T15:21:30","slug":"de-som-kan-noe-annet","status":"publish","type":"product","link":"https:\/\/grappa.no\/no\/albums\/grappa\/de-som-kan-noe-annet\/","title":{"rendered":"DE SOM KAN NOE ANNET"},"content":{"rendered":"<p><\/p>\n<p>Oppsiktsvekkende debutant<\/p>\n<p>De som kan noe annet var Kaia Huuses f\u00f8rste utgivelse p\u00e5 et plateselskap. Debutalbumet vakte oppsikt b\u00e5de hos kritikerne og i visemilj\u00f8et, og Huuse ble tildelt Josefines visepris for sin utradisjonelle visekunst. Hun markerte seg raskt som en av Norges mest s\u00e6rpregede l\u00e5tskrivere og artister og norsk musikkliv hadde f\u00e5tt en ung og spennende stemme. De som kan noe annet satte startskuddet for Kaia Huuses karriere som plateartist og den modige og egenartede stilen som preger debutalbumet satte standarden for det som skulle komme senere.<\/p>\n<p><!--more--><\/p>\n<p>Hun er 23, ser ut som hun er 17, men sangene kunne v\u00e6rt skrevet av en 35-\u00e5ring.<\/p>\n<h4>Imponerte tidlig<\/h4>\n<p>F\u00f8lgende sto \u00e5 lese i Bergens Tidende etter Huuses f\u00f8rste konsert i byen:<br \/>\n\u2013 Med en forbausende sikkerhet p\u00e5 scenen og imponerende stemmekontroll fikk hun vist at hun absolutt m\u00e5 regnes med i tiden fremover. Poetisk, beiskt og til tider ogs\u00e5 ganske morsomt, fremsto hun nesten som en slags kvinnelig utgave av Ole Paus. Lavm\u00e6lt og intenst\u2026 Suksessen er sannsynligvis ikke langt unna.<br \/>\nDebutalbumet bekrefter denne beskrivelsen: Tekstene er spesielle, med et skarpt blikk for hverdagslige detaljer, og melodiene er melankolske og melodi\u00f8se. Stemmen gir assosiasjoner til andre, samtidig som det er klart at dette er en ny og ung artist med sitt eget st\u00e5sted.<\/p>\n<h4>Bakgrunn<\/h4>\n<p>Huuse er f\u00f8dt i 1974 og oppvokst p\u00e5 Hedmarken. I 1992 ga hun ut den egenfinansierte kassetten \u201cLille Klovn\u201d lokalt. Hun sang p\u00e5 sommerturneen med Which Witch (Dollie de Luxe) i 1993, og gikk p\u00e5 Toneheim Folkeh\u00f8gskole 1993\/94. Etter at hun begynte \u00e5 skrive egne tekster og melodier, flyttet hun til Oslo, og det var Josefine Viseklubb som ga henne de f\u00f8rst mulighetene til \u00e5 opptre for \u00e5pen mikrofon. Senere har hun hatt en rekke opptredender p\u00e5 ulike steder i landet. Siden januar 1998 har Huuse gjort rundt 50 konserter over hele landet og i mai 1998 fikk hun Josefines Visepris for debutplata.<\/p>\n<h4><\/h4>\n<\/p>\n<p><\/p>","protected":false},"excerpt":{"rendered":"<p>Er jenta rett og slett genial? [V\u00e5rt Land]<\/p>\n","protected":false},"featured_media":26946,"comment_status":"closed","ping_status":"open","template":"","meta":[],"product_brand":[],"product_cat":[6],"product_tag":[],"class_list":{"0":"post-506","1":"product","2":"type-product","3":"status-publish","4":"has-post-thumbnail","6":"product_cat-grappa","7":"product_shipping_class-cddvd-shipping","8":"uni_artist_tag-anders-engen","9":"uni_artist_tag-anita-skorgan","10":"uni_artist_tag-audun-erlien","11":"uni_artist_tag-borge-pettersen-overleir","12":"uni_artist_tag-elin-ro","13":"uni_artist_tag-elisabeth-lie","14":"uni_artist_tag-freddy-dahl","15":"uni_artist_tag-geir-holmsen","16":"uni_artist_tag-gro-elisabeth-sille","17":"uni_artist_tag-hakon-alexander-jessen","18":"uni_artist_tag-hilde-heltberg","19":"uni_artist_tag-ingrid-bjornov","20":"uni_artist_tag-jan-eggum","21":"uni_artist_tag-kaia-huuse","22":"uni_artist_tag-kare-vestrheim","23":"uni_artist_tag-kathrine-skaug","24":"uni_artist_tag-knut-reiersrud","25":"uni_artist_tag-mandskoret-bislet-bad-rundkjoring","26":"uni_artist_tag-ole-eirik-ree","27":"uni_artist_tag-oyvind-bjora","28":"uni_artist_tag-oyvind-bremnes","29":"uni_artist_tag-pal-solbakk","30":"uni_artist_tag-per-kolstad","31":"uni_artist_tag-pernille-rogneby","32":"uni_main_artist_tag-kaia-huuse","33":"uni_artist_genre-norwegian","34":"uni_artist_genre-singersongwriter","36":"first","37":"instock","38":"taxable","39":"shipping-taxable","40":"purchasable","41":"product-type-simple"},"_links":{"self":[{"href":"https:\/\/grappa.no\/no\/wp-json\/wp\/v2\/product\/506","targetHints":{"allow":["GET"]}}],"collection":[{"href":"https:\/\/grappa.no\/no\/wp-json\/wp\/v2\/product"}],"about":[{"href":"https:\/\/grappa.no\/no\/wp-json\/wp\/v2\/types\/product"}],"replies":[{"embeddable":true,"href":"https:\/\/grappa.no\/no\/wp-json\/wp\/v2\/comments?post=506"}],"wp:featuredmedia":[{"embeddable":true,"href":"https:\/\/grappa.no\/no\/wp-json\/wp\/v2\/media\/26946"}],"wp:attachment":[{"href":"https:\/\/grappa.no\/no\/wp-json\/wp\/v2\/media?parent=506"}],"wp:term":[{"taxonomy":"product_brand","embeddable":true,"href":"https:\/\/grappa.no\/no\/wp-json\/wp\/v2\/product_brand?post=506"},{"taxonomy":"product_cat","embeddable":true,"href":"https:\/\/grappa.no\/no\/wp-json\/wp\/v2\/product_cat?post=506"},{"taxonomy":"product_tag","embeddable":true,"href":"https:\/\/grappa.no\/no\/wp-json\/wp\/v2\/product_tag?post=506"}],"curies":[{"name":"wp","href":"https:\/\/api.w.org\/{rel}","templated":true}]}}