{"id":504,"date":"1998-03-27T00:00:00","date_gmt":"1998-03-26T23:00:00","guid":{"rendered":"http:\/\/www.grappa.no\/albums\/uncategorized\/til-telemark\/"},"modified":"2016-11-18T16:21:29","modified_gmt":"2016-11-18T15:21:29","slug":"til-telemark","status":"publish","type":"product","link":"https:\/\/grappa.no\/no\/albums\/grappa\/til-telemark\/","title":{"rendered":"TIL TELEMARK"},"content":{"rendered":"<p><\/p>\n<p>Tilbake til r\u00f8ttene<\/p>\n<p>Med utgivelsen Til Telemark vender Sigmund Groven tilbake til sine r\u00f8tter. Artisten er selv f\u00f8dt i Heddal i Telemark og har et n\u00e6rt forhold til hjemfylket og dets sterke musikalske tradisjoner. Til Telemark er en nydelig hyllest til hjemstedet og til de lokale folketonene som har fulgt Groven gjennom hele karrieren. Det lokale utgangspunktet til tross: den internasjonale interessen for utgivelsen har v\u00e6rt stor og Til Telemark har blitt utgitt i store deler av verden. Utgivelsen er s\u00e6rlig dominert av tittelmelodien \u201dTil Telemark\u201d som i utgangspunktet var et bestillingsverk til Landskappleiken p\u00e5 Rauland i 1994. Foruten det suverene bestillingsverket finner vi en rekke flotte folketoner, ikke minst den popul\u00e6re \u201dUt p\u00e5 tur\u201d. Grovens munnspill formidler med stolthet og varme de lokale musikktradisjonene fra Telemark og tilf\u00f8rer melodiene det forfriskende s\u00e6rpreget vi forbinder med Groven.<\/p>\n<p><!--more--><\/p>\n<p>Med utgivelsen Til Telemark vender Sigmund Groven virkelig tilbake til sine r\u00f8tter.<\/p>\n<h4>Bestillingsverk med tradisjoner<\/h4>\n<p>Utgivelsen er s\u00e6rlig dominert av tittelmelodien \u201dTil Telemark\u201d som i utgangspunktet var et bestillingsverk til Landskappleiken p\u00e5 Rauland i 1994. Her hedrer Groven sin lokale kulturarv. De ulike satsene er nemlig inspirert av og tilegnet fem kunstnere som alle var fra Telemark: musikerne Eivind Groven (Sigmund Grovens onkel), Gjermund Haugen og J\u00f8rgen Tj\u00f8nnstaul samt de to dikterne Olav Kaste og Tarjei Vesaas.<\/p>\n<h4>Dyktig musikerlag<\/h4>\n<p>Foruten det suverene bestillingsverket finner vi en rekke flotte folketoner, ikke minst den popul\u00e6re \u201dUt p\u00e5 tur\u201d. Groven spiller som alltid med virtuos innlevelse og har med seg et dyktig musikerlag. Han f\u00e5r selskap av blant andre Anne Vada p\u00e5 vokal, Kjetil Bjerkestrand p\u00e5 keyboards, Iver Kleive p\u00e5 orgel og Ivar Anton Waagaard p\u00e5 piano. Grovens munnspill formidler med stolthet og varme de lokale musikktradisjonene fra Telemark og tilf\u00f8rer melodiene det forfriskende s\u00e6rpreget vi forbinder med Groven.<\/p>\n<h4><\/h4>\n<\/p>\n<p><\/p>","protected":false},"excerpt":{"rendered":"<p>Sigmund Grovens herlige hyllest til Telemark.<\/p>\n","protected":false},"featured_media":26952,"comment_status":"closed","ping_status":"open","template":"","meta":[],"product_brand":[],"product_cat":[6],"product_tag":[],"class_list":{"0":"post-504","1":"product","2":"type-product","3":"status-publish","4":"has-post-thumbnail","6":"product_cat-grappa","7":"product_shipping_class-cddvd-shipping","8":"uni_artist_tag-anne-vada","9":"uni_artist_tag-bjorn-kjellemyr","10":"uni_artist_tag-eivind-groven","11":"uni_artist_tag-georg-reiss","12":"uni_artist_tag-gjermund-haugen","13":"uni_artist_tag-ivar-anton-waagaard","14":"uni_artist_tag-iver-kleive","15":"uni_artist_tag-kjetil-bjerkestrand","16":"uni_artist_tag-olav-kaste","17":"uni_artist_tag-pal-thowsen","18":"uni_artist_tag-per-saemund-bjorkum","19":"uni_artist_tag-sigmund-groven","20":"uni_artist_tag-steinar-larsen","21":"uni_artist_tag-terje-venaas","22":"uni_artist_tag-trad","23":"uni_main_artist_tag-sigmund-groven","24":"uni_artist_genre-folk-music","25":"uni_artist_genre-traditional","27":"first","28":"instock","29":"taxable","30":"shipping-taxable","31":"purchasable","32":"product-type-simple"},"_links":{"self":[{"href":"https:\/\/grappa.no\/no\/wp-json\/wp\/v2\/product\/504","targetHints":{"allow":["GET"]}}],"collection":[{"href":"https:\/\/grappa.no\/no\/wp-json\/wp\/v2\/product"}],"about":[{"href":"https:\/\/grappa.no\/no\/wp-json\/wp\/v2\/types\/product"}],"replies":[{"embeddable":true,"href":"https:\/\/grappa.no\/no\/wp-json\/wp\/v2\/comments?post=504"}],"wp:featuredmedia":[{"embeddable":true,"href":"https:\/\/grappa.no\/no\/wp-json\/wp\/v2\/media\/26952"}],"wp:attachment":[{"href":"https:\/\/grappa.no\/no\/wp-json\/wp\/v2\/media?parent=504"}],"wp:term":[{"taxonomy":"product_brand","embeddable":true,"href":"https:\/\/grappa.no\/no\/wp-json\/wp\/v2\/product_brand?post=504"},{"taxonomy":"product_cat","embeddable":true,"href":"https:\/\/grappa.no\/no\/wp-json\/wp\/v2\/product_cat?post=504"},{"taxonomy":"product_tag","embeddable":true,"href":"https:\/\/grappa.no\/no\/wp-json\/wp\/v2\/product_tag?post=504"}],"curies":[{"name":"wp","href":"https:\/\/api.w.org\/{rel}","templated":true}]}}