{"id":503,"date":"1976-09-13T00:00:00","date_gmt":"1976-09-12T23:00:00","guid":{"rendered":"http:\/\/www.grappa.no\/albums\/uncategorized\/trubadur\/"},"modified":"2016-11-18T16:21:28","modified_gmt":"2016-11-18T15:21:28","slug":"trubadur","status":"publish","type":"product","link":"https:\/\/grappa.no\/no\/albums\/grappa\/trubadur\/","title":{"rendered":"TRUBADUR"},"content":{"rendered":"<p><\/p>\n<p>Trubaduren Jan Eggum<\/p>\n<p>Trubadur ble omtalt som en av \u00e5rets beste utgivelser da den kom ut i 1976 og ga Jan Eggum en plass i eliten av norske visesangere. Albumet l\u00e5 lenge p\u00e5 VG-lista og ble nominert til Spellemannsprisen. Eggums sanger var, da som n\u00e5, kjennetegnet av hans \u00e6rlige tekster som favnet om sm\u00e5 og store temaer. Blant annet f\u00e5r dobbeltmoralen sitt pass p\u00e5skrevet i l\u00e5ter som \u201dVelkommen til maskinen\u201d og \u201dSigurd\u201d. Selv om Trubadur hovedsaklig best\u00e5r av melodi\u00f8se l\u00e5ter med grunnlag i visesjangeren, viser Jan Eggum at han ikke er  redd for \u00e5 eksperimentere. Et eksempel p\u00e5 dette er den samba-inspirerte l\u00e5ten \u201d\u00c5, som de lo\u201d. Allerede som ny og fersk artist i 1976 pakker Jan Eggum bitende og meningsfulle tekster inn i ulike, spennende musikalske uttrykk og annonserer sitt komme som en av Norges st\u00f8rste artister.<\/p>\n<p><!--more--><\/p>\n<h4><\/h4>\n<\/p>\n<h4><\/h4>\n<p><h4><\/h4>\n<\/p>\n<p><\/p>","protected":false},"excerpt":{"rendered":"<p>Allerede som ny og fersk artist i 1976 pakker Jan Eggum bitende og meningsfulle tekster inn i ulike, spennende musikalske uttrykk og annonserer sitt komme som en av Norges st\u00f8rste artister.<\/p>\n","protected":false},"featured_media":26924,"comment_status":"closed","ping_status":"open","template":"","meta":[],"product_brand":[],"product_cat":[6],"product_tag":[],"class_list":{"0":"post-503","1":"product","2":"type-product","3":"status-publish","4":"has-post-thumbnail","6":"product_cat-grappa","7":"product_shipping_class-cddvd-shipping","8":"uni_artist_tag-bergen-string-quartet","9":"uni_artist_tag-christine-wille","10":"uni_artist_tag-edvard-askeland","11":"uni_artist_tag-jan-eggum","12":"uni_artist_tag-john-magnar-bernes","13":"uni_artist_tag-magne-lunde","14":"uni_artist_tag-norunn-skogstrand","15":"uni_artist_tag-oystein-sobstad","16":"uni_artist_tag-signe-lunde","17":"uni_artist_tag-tom-h-halvorsen","18":"uni_artist_tag-trygve-thue","19":"uni_main_artist_tag-jan-eggum","20":"uni_artist_genre-norwegian","21":"uni_artist_genre-pop","22":"uni_artist_genre-rock","23":"uni_artist_genre-singersongwriter","25":"first","26":"instock","27":"taxable","28":"shipping-taxable","29":"purchasable","30":"product-type-simple"},"_links":{"self":[{"href":"https:\/\/grappa.no\/no\/wp-json\/wp\/v2\/product\/503","targetHints":{"allow":["GET"]}}],"collection":[{"href":"https:\/\/grappa.no\/no\/wp-json\/wp\/v2\/product"}],"about":[{"href":"https:\/\/grappa.no\/no\/wp-json\/wp\/v2\/types\/product"}],"replies":[{"embeddable":true,"href":"https:\/\/grappa.no\/no\/wp-json\/wp\/v2\/comments?post=503"}],"wp:featuredmedia":[{"embeddable":true,"href":"https:\/\/grappa.no\/no\/wp-json\/wp\/v2\/media\/26924"}],"wp:attachment":[{"href":"https:\/\/grappa.no\/no\/wp-json\/wp\/v2\/media?parent=503"}],"wp:term":[{"taxonomy":"product_brand","embeddable":true,"href":"https:\/\/grappa.no\/no\/wp-json\/wp\/v2\/product_brand?post=503"},{"taxonomy":"product_cat","embeddable":true,"href":"https:\/\/grappa.no\/no\/wp-json\/wp\/v2\/product_cat?post=503"},{"taxonomy":"product_tag","embeddable":true,"href":"https:\/\/grappa.no\/no\/wp-json\/wp\/v2\/product_tag?post=503"}],"curies":[{"name":"wp","href":"https:\/\/api.w.org\/{rel}","templated":true}]}}