{"id":502,"date":"1979-11-19T00:00:00","date_gmt":"1979-11-18T23:00:00","guid":{"rendered":"http:\/\/www.grappa.no\/albums\/uncategorized\/en-natt-forbi\/"},"modified":"2024-07-05T08:26:05","modified_gmt":"2024-07-05T07:26:05","slug":"en-natt-forbi","status":"publish","type":"product","link":"https:\/\/grappa.no\/no\/albums\/grappa\/en-natt-forbi\/","title":{"rendered":"EN NATT FORBI"},"content":{"rendered":"<p><\/p>\n<p>Tidlig klassiker fra Jan Eggum<\/p>\n<p>P\u00e5 albumet En natt forbi finner vi tittelsporet som fortsatt regnes som en av Jan Eggums desidert vakreste og r\u00f8rende l\u00e5ter. Eggum skrev opprinnelig \u201dEn natt forbi\u201d p\u00e5 engelsk da han bodde i London. Senere omarbeidet han sangen i en norsk versjon som ble inkludert p\u00e5 Wenche Myhres utgivelse Wenche i 1976, en plate hun mottok Spellemannsprisen for. Foruten det velkjente tittelsporet inneholder albumet flere klassikere som bekrefter Eggum som en engasjert og seri\u00f8s l\u00e5tskriver med sans for det melankolske. En natt forbi kom ut to \u00e5r etter suksessen og gjennombruddet Eggum opplevde med utgivelsen av Heksedans (1977), og ble m\u00f8tt med samme str\u00e5lende mottagelse som hans foreg\u00e5ende utgivelser. Med en s\u00e5 vellykket oppf\u00f8lger til tre suksessfulle album, ble det en gang for alle tydelig for norske kritikere og publikum at artisten Jan Eggum var kommet for \u00e5 bli.<\/p>\n<p><!--more--><\/p>\n<h4><\/h4>\n<\/p>\n<h4><\/h4>\n<p><h4><\/h4>\n<\/p>\n<p><\/p>","protected":false},"excerpt":{"rendered":"<p class=\"qtranxs-available-languages-message qtranxs-available-languages-message-no\">Post is not available in the requested language<\/p>\n<p>Classic from Jan Eggum.<\/p>\n","protected":false},"featured_media":26926,"comment_status":"closed","ping_status":"closed","template":"","meta":[],"product_brand":[],"product_cat":[6],"product_tag":[],"class_list":{"0":"post-502","1":"product","2":"type-product","3":"status-publish","4":"has-post-thumbnail","6":"product_cat-grappa","7":"product_shipping_class-cddvd-shipping","8":"uni_artist_tag-alf-emil-eik","9":"uni_artist_tag-bergen-philharmonic-orchestra","10":"uni_artist_tag-jan-eggum","11":"uni_artist_tag-kristin-berglund","12":"uni_artist_tag-rolf-sandvik","13":"uni_artist_tag-svein-christiansen","14":"uni_artist_tag-tom-patrick-salisbury","15":"uni_artist_tag-trygve-thue","16":"uni_main_artist_tag-jan-eggum","17":"uni_artist_genre-norwegian","18":"uni_artist_genre-pop","19":"uni_artist_genre-rock","20":"uni_artist_genre-singersongwriter","22":"first","23":"outofstock","24":"taxable","25":"shipping-taxable","26":"purchasable","27":"product-type-simple"},"_links":{"self":[{"href":"https:\/\/grappa.no\/no\/wp-json\/wp\/v2\/product\/502","targetHints":{"allow":["GET"]}}],"collection":[{"href":"https:\/\/grappa.no\/no\/wp-json\/wp\/v2\/product"}],"about":[{"href":"https:\/\/grappa.no\/no\/wp-json\/wp\/v2\/types\/product"}],"replies":[{"embeddable":true,"href":"https:\/\/grappa.no\/no\/wp-json\/wp\/v2\/comments?post=502"}],"wp:featuredmedia":[{"embeddable":true,"href":"https:\/\/grappa.no\/no\/wp-json\/wp\/v2\/media\/26926"}],"wp:attachment":[{"href":"https:\/\/grappa.no\/no\/wp-json\/wp\/v2\/media?parent=502"}],"wp:term":[{"taxonomy":"product_brand","embeddable":true,"href":"https:\/\/grappa.no\/no\/wp-json\/wp\/v2\/product_brand?post=502"},{"taxonomy":"product_cat","embeddable":true,"href":"https:\/\/grappa.no\/no\/wp-json\/wp\/v2\/product_cat?post=502"},{"taxonomy":"product_tag","embeddable":true,"href":"https:\/\/grappa.no\/no\/wp-json\/wp\/v2\/product_tag?post=502"}],"curies":[{"name":"wp","href":"https:\/\/api.w.org\/{rel}","templated":true}]}}