{"id":501,"date":"1990-09-17T00:00:00","date_gmt":"1990-09-16T23:00:00","guid":{"rendered":"http:\/\/www.grappa.no\/albums\/uncategorized\/dacapo\/"},"modified":"2016-11-18T16:21:28","modified_gmt":"2016-11-18T15:21:28","slug":"dacapo","status":"publish","type":"product","link":"https:\/\/grappa.no\/no\/albums\/grappa\/dacapo\/","title":{"rendered":"DACAPO"},"content":{"rendered":"<p><\/p>\n<p>15 \u00e5r med Jan Eggum<\/p>\n<p>Da Capo presenterte noen av h\u00f8ydepunktene i Jan Eggums lange karriere og oppsummerte 15 \u00e5r av hans tid som soloartist, til glede for gamle og nye Eggum-fans. Eggum hadde mer enn nok l\u00e5tmateriale \u00e5 velge blant til sitt andre samlealbum. Siden debuten som soloartist i 1975 og med \u00e5tte tidligere utgivelser p\u00e5 samvittigheten, hadde han jevnt og trutt forsynt det norske folk med klassikere. Av Eggums omfattende produksjon har 12 sanger f\u00e5tt plass p\u00e5 Da Capo, hvorav 5 er nyinnspillinger med spennende arrangementer. Med p\u00e5 laget er dyktige musikere som Bugge Wesseltoft og Edvard Askeland. Sanger som \u201dEn natt forbi\u201d, \u201dMor, jeg vil tilbake\u201d, \u201dDe skulle begrave en konge stor\u201d, \u201dUtenfor\u201d  og \u201dToya\u201d er alle hentet fra toppsjiktet i Eggums karriere og er representative for den bredden og kvaliteten som er typisk for alle utgivelsene hans.<\/p>\n<p><!--more--><\/p>\n<h4><\/h4>\n<\/p>\n<h4><\/h4>\n<p><h4><\/h4>\n<\/p>\n<p><\/p>","protected":false},"excerpt":{"rendered":"<p>Sterk samling fra en av v\u00e5re fremste artister.<\/p>\n","protected":false},"featured_media":26932,"comment_status":"closed","ping_status":"open","template":"","meta":[],"product_brand":[],"product_cat":[6],"product_tag":[],"class_list":{"0":"post-501","1":"product","2":"type-product","3":"status-publish","4":"has-post-thumbnail","6":"product_cat-grappa","7":"product_shipping_class-cddvd-shipping","8":"uni_artist_tag-audun-kleive","9":"uni_artist_tag-bergen-laererskole","10":"uni_artist_tag-bjorn-eidsvag","11":"uni_artist_tag-bugge-wesseltoft","12":"uni_artist_tag-edvard-askeland","13":"uni_artist_tag-gunnar-bjelland","14":"uni_artist_tag-henryk-lysiak","15":"uni_artist_tag-jan-eggum","16":"uni_artist_tag-musikklinjens-kor","17":"uni_artist_tag-per-tveit","18":"uni_artist_tag-sally-guenther","19":"uni_artist_tag-sidsel-endresen","20":"uni_artist_tag-silje-nergaard","21":"uni_artist_tag-stein-inge-braekhus","22":"uni_artist_tag-steinar-hannevold","23":"uni_artist_tag-svein-gjermundrod","24":"uni_main_artist_tag-jan-eggum","25":"uni_artist_genre-norwegian","26":"uni_artist_genre-pop","27":"uni_artist_genre-rock","28":"uni_artist_genre-singersongwriter","30":"first","31":"instock","32":"taxable","33":"shipping-taxable","34":"purchasable","35":"product-type-simple"},"_links":{"self":[{"href":"https:\/\/grappa.no\/no\/wp-json\/wp\/v2\/product\/501","targetHints":{"allow":["GET"]}}],"collection":[{"href":"https:\/\/grappa.no\/no\/wp-json\/wp\/v2\/product"}],"about":[{"href":"https:\/\/grappa.no\/no\/wp-json\/wp\/v2\/types\/product"}],"replies":[{"embeddable":true,"href":"https:\/\/grappa.no\/no\/wp-json\/wp\/v2\/comments?post=501"}],"wp:featuredmedia":[{"embeddable":true,"href":"https:\/\/grappa.no\/no\/wp-json\/wp\/v2\/media\/26932"}],"wp:attachment":[{"href":"https:\/\/grappa.no\/no\/wp-json\/wp\/v2\/media?parent=501"}],"wp:term":[{"taxonomy":"product_brand","embeddable":true,"href":"https:\/\/grappa.no\/no\/wp-json\/wp\/v2\/product_brand?post=501"},{"taxonomy":"product_cat","embeddable":true,"href":"https:\/\/grappa.no\/no\/wp-json\/wp\/v2\/product_cat?post=501"},{"taxonomy":"product_tag","embeddable":true,"href":"https:\/\/grappa.no\/no\/wp-json\/wp\/v2\/product_tag?post=501"}],"curies":[{"name":"wp","href":"https:\/\/api.w.org\/{rel}","templated":true}]}}