{"id":500,"date":"1991-05-13T00:00:00","date_gmt":"1991-05-12T23:00:00","guid":{"rendered":"http:\/\/www.grappa.no\/albums\/uncategorized\/underveis\/"},"modified":"2016-11-18T16:21:27","modified_gmt":"2016-11-18T15:21:27","slug":"underveis","status":"publish","type":"product","link":"https:\/\/grappa.no\/no\/albums\/grappa\/underveis\/","title":{"rendered":"UNDERVEIS"},"content":{"rendered":"<p><\/p>\n<p>Mesterverk fra Jan Eggum<\/p>\n<p>Jan Eggum er en tenkende iakttaker med melodisk teft. P\u00e5 Underveis skildrer han relasjoner mellom mennesker, med s\u00e6rlig vekt p\u00e5 det intime kj\u00e6rlighetsforholdet mellom to personer. Med presist blikk synger han om kj\u00e6rlighetsforholdet lyse og m\u00f8rke sider. Men Eggum er ogs\u00e5 politisk, slik som i \u201dHagens hotell\u201d der han skriver bitende ironisk om aktuelle politiske temaer. Andre l\u00e5ter er preget av en god porsjon humor, slik som \u201dPer og Lise\u201d og \u201dBlikket\u201d. Tekstene er omsluttet av lekre visearrangementer som er inspirert av sig\u00f8ynermusikk og 60-tallets rockemusikk. Resultatet er en rekke melodiperler med sterke og \u00e6rlige tekster. Underveis er et av Jan Eggums mest solgte album og utgivelsen regnes som gjennombruddet for hans kommersielle suksess som sanger, musiker og l\u00e5tskriver. Platen ble nominert til Spellemannsprisen og l\u00e5 nesten to m\u00e5neder p\u00e5 VG-lista da den kom ut.<\/p>\n<p><!--more--><\/p>\n<p>Gj\u00f8r klar for en av de beste og mest varierte norske viseplater noensinne!<\/p>\n<h4>Sterke l\u00e5ter<\/h4>\n<p>Underveis best\u00e5r av 11 nye sanger, sirlig pakket inn i lekre arrangementer og fremf\u00f8rt med en innlevelse som avsl\u00f8rer at Eggum er noe s\u00e5 sjelden som en artist som kan st\u00e5 for hvert eneste ord han skriver. L\u00e5tene er skarpe og melankolske, i spedd en god porsjon lun humor. Resultatet er en rekke melodiperler med sterke og \u00e6rlige tekster som er typisk for Eggums virke som artist.<\/p>\n<h4>Tenkende iakttaker<\/h4>\n<p>Underveis dreier seg i all hovedsak om relasjoner mellom mennesker. S\u00e6rlig er Eggum opptatt av det intime kj\u00e6rlighetsforholdet mellom to personer, en tematikk som er gjennomg\u00e5ende i hele hans produksjon. I sanger som \u201dHemmelig\u201d, \u201dD\u00e5 ska eg komme\u201d og \u201dTa meg med\u201d behandler han kj\u00e6rlighetsforholdet i dets ulike uttrykk og former. Han synger om dette forholdets lyse og, enda viktigere, m\u00f8rke sider. Eggums skjeve blikk og modige tekster er dessuten til stede i den bitters\u00f8te og muntre \u201dJomfru\u201d og i den politiske \u201dHagens hotell\u201d viser Eggum sin evne til \u00e5 skrive skarpt og ironisk om aktuelle politiske temaer. Eggum er ofte betegnet som en tenkende iakttaker og denne beskrivelsen kommer virkelig til sin rett p\u00e5 den platen. Det gj\u00f8r ogs\u00e5 hans humor, som i \u201dPer og Lise\u201d og \u201dBlikket\u201d.<\/p>\n<h4>Musikere fra \u00f8verste hylle<\/h4>\n<p>Tekstene er omsluttet av lekre visearrangementer som henter inspirasjon fra blant annet sig\u00f8ynermusikk og 60-tallets rockemusikk. Denne musikalske rammen l\u00f8ftes flere hakk med et kremlag av norske musikere, som Eggum selv har valgt ut: Eivind Aarset, Bugge Wesseltoft, Audun Erlien, Paolo Vinaccia, Knut Reiersrud, Steinar Ofsdal, Jens Wendelboe og Gitarkameratene. Platen er produsert av Sverre Erik Henriksen og er den f\u00f8rste platen Eggum ga ut p\u00e5 Grappa Musikkforlag.<\/p>\n<p><\/p>","protected":false},"excerpt":{"rendered":"<p>\u2013 Flott og n\u00e5del\u00f8s [VG]<\/p>\n","protected":false},"featured_media":26913,"comment_status":"closed","ping_status":"open","template":"","meta":[],"product_brand":[],"product_cat":[6],"product_tag":[],"class_list":{"0":"post-500","1":"product","2":"type-product","3":"status-publish","4":"has-post-thumbnail","6":"product_cat-grappa","7":"product_shipping_class-cddvd-shipping","8":"uni_artist_tag-amund-enger","9":"uni_artist_tag-audun-erlien","10":"uni_artist_tag-bendik-hofseth","11":"uni_artist_tag-bugge-wesseltoft","12":"uni_artist_tag-cikada-string-quartet","13":"uni_artist_tag-eivind-aarset","14":"uni_artist_tag-geir-rebbestad","15":"uni_artist_tag-halvdan-sivertsen","16":"uni_artist_tag-jan-eggum","17":"uni_artist_tag-jens-wendelboe","18":"uni_artist_tag-knut-reiersrud","19":"uni_artist_tag-lillebjorn-nilsen","20":"uni_artist_tag-oystein-sunde","21":"uni_artist_tag-paolo-vinaccia","22":"uni_artist_tag-steinar-ofsdal","23":"uni_artist_tag-sverre-erik-henriksen","24":"uni_main_artist_tag-jan-eggum","25":"uni_artist_genre-norwegian","26":"uni_artist_genre-pop","27":"uni_artist_genre-rock","28":"uni_artist_genre-singersongwriter","30":"first","31":"instock","32":"taxable","33":"shipping-taxable","34":"purchasable","35":"product-type-simple"},"_links":{"self":[{"href":"https:\/\/grappa.no\/no\/wp-json\/wp\/v2\/product\/500","targetHints":{"allow":["GET"]}}],"collection":[{"href":"https:\/\/grappa.no\/no\/wp-json\/wp\/v2\/product"}],"about":[{"href":"https:\/\/grappa.no\/no\/wp-json\/wp\/v2\/types\/product"}],"replies":[{"embeddable":true,"href":"https:\/\/grappa.no\/no\/wp-json\/wp\/v2\/comments?post=500"}],"wp:featuredmedia":[{"embeddable":true,"href":"https:\/\/grappa.no\/no\/wp-json\/wp\/v2\/media\/26913"}],"wp:attachment":[{"href":"https:\/\/grappa.no\/no\/wp-json\/wp\/v2\/media?parent=500"}],"wp:term":[{"taxonomy":"product_brand","embeddable":true,"href":"https:\/\/grappa.no\/no\/wp-json\/wp\/v2\/product_brand?post=500"},{"taxonomy":"product_cat","embeddable":true,"href":"https:\/\/grappa.no\/no\/wp-json\/wp\/v2\/product_cat?post=500"},{"taxonomy":"product_tag","embeddable":true,"href":"https:\/\/grappa.no\/no\/wp-json\/wp\/v2\/product_tag?post=500"}],"curies":[{"name":"wp","href":"https:\/\/api.w.org\/{rel}","templated":true}]}}