{"id":498,"date":"1998-03-27T00:00:00","date_gmt":"1998-03-26T23:00:00","guid":{"rendered":"http:\/\/www.grappa.no\/albums\/uncategorized\/colour-slides\/"},"modified":"2016-11-18T16:21:26","modified_gmt":"2016-11-18T15:21:26","slug":"colour-slides","status":"publish","type":"product","link":"https:\/\/grappa.no\/no\/albums\/grappa\/colour-slides\/","title":{"rendered":"COLOUR SLIDES"},"content":{"rendered":"<p><\/p>\n<p>Grensesprengende Groven<\/p>\n<p>Colour Slides er en fargerik utgivelse som bekrefter Sigmund Grovens virtuose traktering av munnspillet og hans sans for tidl\u00f8se melodier. Groven er en leken artist som aldri er redd for \u00e5 tr\u00e5kke nye stier i det musikalske landskapet og Colour Slides er en grensesprengende og uredd utgivelse. Albumet ble for f\u00f8rste gang utgitt som LP i 1985 og senere gjenutgitt som CD i 1998. Dette var den f\u00f8rste av Grovens utgivelser som var beregnet p\u00e5 et internasjonalt marked og platen styrket populariteten hans her hjemme i Norge s\u00e5 vel som i det store utland. Alt materialet er Grovens eget og her er mange av de sangene han er aller mest kjent for, deriblant \u201dKarneval igjen\u201d, \u201dVenner\u201d og \u201dUnder stjerner\u201d. Colour Slides er en personlig plate der Groven utforsker og eksperimenterer med melodier og teknikker, og markerer begynnelsen p\u00e5 en fantastisk internasjonal karriere.<\/p>\n<p><!--more--><\/p>\n<p>Colour Slides er en eksperimenterende plate som markerer begynnelsen p\u00e5 Sigmund Grovens internasjonale karriere.<\/p>\n<h4>Uredd artist<\/h4>\n<p>Alt materialet er Grovens egne komposisjoner og arrangementer, og her finnes mange av de sangene han er aller mest kjent for. Noen eksempler er \u201dKarneval igjen\u201d, \u201dVenner\u201d og \u201dUnder stjerner\u201d. Colour Slides er en fargerik utgivelse som bekrefter b\u00e5de Grovens virtuose traktering av munnspillet og hans evne til \u00e5 skape tidl\u00f8se melodier. Utgivelsen understreker ogs\u00e5 Groven som en leken artist som aldri er redd for \u00e5 pr\u00f8ve nye veier i det musikalske landskapet og som t\u00f8r \u00e5 bevege seg innenfor flere musikalske sjangere. Dette har gjort ham til en sv\u00e6rt respektert artist.<\/p>\n<h4>Dyktige samarbeidspartnere<\/h4>\n<p>Groven har f\u00e5tt f\u00f8lge av en lang rekke dyktige musikere p\u00e5 denne platen. Brynjar Hoff, Steinar Ofsdal, Iver Kleive, Nils Petter Nyren og Frode Aln\u00e6s er bare noen av de anerkjente musikerne som medvirker. Colour Slides er en personlig plate der Groven utforsker og eksperimenterer med melodier og teknikker, og markerer begynnelsen p\u00e5 Sigmund Grovens fantastiske internasjonale karriere.<\/p>\n<h4><\/h4>\n<\/p>\n<p><\/p>","protected":false},"excerpt":{"rendered":"<p>Alt materialet er Grovens eget og her er mange av de sangene han er aller mest kjent for, deriblant \u201dKarneval igjen\u201d, \u201dVenner\u201d og \u201dUnder stjerner\u201d.<\/p>\n","protected":false},"featured_media":26955,"comment_status":"closed","ping_status":"open","template":"","meta":[],"product_brand":[],"product_cat":[6],"product_tag":[],"class_list":{"0":"post-498","1":"product","2":"type-product","3":"status-publish","4":"has-post-thumbnail","6":"product_cat-grappa","7":"product_shipping_class-cddvd-shipping","8":"uni_artist_tag-aage-kvalbein","9":"uni_artist_tag-arne-peter-rognan","10":"uni_artist_tag-bjorn-kjellemyr","11":"uni_artist_tag-bjorn-kruse","12":"uni_artist_tag-brynjar-hoff","13":"uni_artist_tag-frode-alnaes","14":"uni_artist_tag-henning-sommerro","15":"uni_artist_tag-henrik-hannisdal","16":"uni_artist_tag-iver-kleive","17":"uni_artist_tag-john-olav-togstad","18":"uni_artist_tag-john-svendsen","19":"uni_artist_tag-john-tonsjo","20":"uni_artist_tag-kjell-axel-lier","21":"uni_artist_tag-kjell-larsen","22":"uni_artist_tag-kruse-quartet","23":"uni_artist_tag-lotte-havnevik","24":"uni_artist_tag-morten-hannisdal","25":"uni_artist_tag-nils-petter-nyren","26":"uni_artist_tag-odd-ulleberg","27":"uni_artist_tag-petter-brambani","28":"uni_artist_tag-sigmund-groven","29":"uni_artist_tag-st-hallvard-in-the-fields","30":"uni_artist_tag-steinar-ofsdal","31":"uni_artist_tag-svein-christiansen","32":"uni_artist_tag-sveinung-hovensjo","33":"uni_main_artist_tag-sigmund-groven","34":"uni_artist_genre-easy-listening","35":"uni_artist_genre-instrumental","36":"uni_artist_genre-pop","38":"first","39":"outofstock","40":"taxable","41":"shipping-taxable","42":"purchasable","43":"product-type-simple"},"_links":{"self":[{"href":"https:\/\/grappa.no\/no\/wp-json\/wp\/v2\/product\/498","targetHints":{"allow":["GET"]}}],"collection":[{"href":"https:\/\/grappa.no\/no\/wp-json\/wp\/v2\/product"}],"about":[{"href":"https:\/\/grappa.no\/no\/wp-json\/wp\/v2\/types\/product"}],"replies":[{"embeddable":true,"href":"https:\/\/grappa.no\/no\/wp-json\/wp\/v2\/comments?post=498"}],"wp:featuredmedia":[{"embeddable":true,"href":"https:\/\/grappa.no\/no\/wp-json\/wp\/v2\/media\/26955"}],"wp:attachment":[{"href":"https:\/\/grappa.no\/no\/wp-json\/wp\/v2\/media?parent=498"}],"wp:term":[{"taxonomy":"product_brand","embeddable":true,"href":"https:\/\/grappa.no\/no\/wp-json\/wp\/v2\/product_brand?post=498"},{"taxonomy":"product_cat","embeddable":true,"href":"https:\/\/grappa.no\/no\/wp-json\/wp\/v2\/product_cat?post=498"},{"taxonomy":"product_tag","embeddable":true,"href":"https:\/\/grappa.no\/no\/wp-json\/wp\/v2\/product_tag?post=498"}],"curies":[{"name":"wp","href":"https:\/\/api.w.org\/{rel}","templated":true}]}}