{"id":497,"date":"1994-09-12T00:00:00","date_gmt":"1994-09-11T23:00:00","guid":{"rendered":"http:\/\/www.grappa.no\/albums\/uncategorized\/felefeber\/"},"modified":"2016-11-18T16:21:25","modified_gmt":"2016-11-18T15:21:25","slug":"felefeber","status":"publish","type":"product","link":"https:\/\/grappa.no\/no\/albums\/grappa\/felefeber\/","title":{"rendered":"FELEFEBER"},"content":{"rendered":"<p><\/p>\n<p>Liens sterke oppf\u00f8lger<\/p>\n<p>Felefeber er Annbj\u00f8rg Liens andre soloalbum og hennes f\u00f8rste utgivelse som inkluderer egenkomponert materiale. Her smelter tradisjonelle overleveringer sammen med nyskrevne sl\u00e5tter, hele tiden med Liens hardingfelespill som sammenbindende element. Albumet er spilt inn i Gjerpen kirke ved Skien sammen med en rekke dyktige musikere: Steinar Ofsdal, Roger Tallroth og Iver Kleive. Kirkerommet gir en unik og vakker akustisk ramme for innspillingen. Repertoaret p\u00e5 Felefeber spenner fra tradisjonelle tolkninger og fremf\u00f8ringer, slik som i \u00e5pningssporet \u201dTj\u00f8nneblomen\u201d, til mer lekne og eksperimentelle tiln\u00e6rminger, slik som i \u201dKnepphallingen\u201d der hardingfela er brukt som perkusjonsinstrument. Resultatet er sjarmerende og luftig, melodi\u00f8st og medrivende. Lien selv har produsert albumet i samarbeid med gitarist Roger Tallroth, kjent fra den svenske folkemusikkgruppen V\u00e4sen. Han bidrar dessuten som arrang\u00f8r og har tilf\u00f8rt en rekke spenstige samtidselementer til det tradisjonelle materialet.<\/p>\n<p><!--more--><\/p>\n<p>\u201cFolkemusikken v\u00e5r er en unik kulturskatt jeg blir mer og mer glad i. Skapt av sterke tradisjoner, f\u00f8rt videre av ekte kj\u00e6rlighet.\u201d Med disse ordene \u00e5pner 22-\u00e5rige Annbj\u00f8rg Lien sin nye soloplate Felefeber.<\/p>\n<h4>Samklang av fele, gitar og orgel<\/h4>\n<p>Felefeber har blitt en akustisk plate med stor spennvidde i arrangementene, fra solofele til fullt band: Annbj\u00f8rg Lien p\u00e5 hardingfele og nyckelharpa, Iver Kleive p\u00e5 kirkeorgel og svenske Roger Tallroth p\u00e5 gitar, oktavmandolin og bass-balalaika (sistnevnte kjent bl.a. fra gruppa \u201cV\u00e4sen\u201d). Steinar Ofsdal spiller ogs\u00e5 fl\u00f8yte p\u00e5 et spor. \u00d8nsket har v\u00e6rt \u00e5 formidle et spontant livepreg med mye ornamentikk og den spesielle klangen av sl\u00e5tter som spilles unisont. Fele, gitar og orgel er trolig en unik bestening i folkemusikksammenheng.<\/p>\n<h4>Myllargutens bruremarsj<\/h4>\n<p>Det mest kjente sporet p\u00e5 platen er kanskje \u201cMyllargutens bruremarsj\u201d, sl\u00e5tten Myllaren skrev etter at kj\u00e6resten hadde stukket av med en annen. Da brudef\u00f8lget gikk til kirke, satt han gjemt bak en stein og spillte denne melodien. Plata inneholder ogs\u00e5 \u201cKnepphallingen\u201d, \u201cElgskyttaren\u201d, \u201cNordfjordhallingen\u201d, og ikke minst den vakre \u201cFelefeber\u201d, komponert av Lien selv.<\/p>\n<h4>Lien bestemmer<\/h4>\n<p>Lien ga ut sin f\u00f8rste soloplate da hun 16 \u00e5r og arrangementene ble langt p\u00e5 vei gitt henne ferdigskrevet. P\u00e5 den nye platen var kravet at hun fikk bestemme alt selv, og slik ble det. Sin unge alder til tross er hun allerede for musikalsk veteran \u00e5 regne, med allsidig erfaring fra TV og radio, konserter, plateinnspillinger og en rekke turn\u00e9er. \u00c5lesundjentas navn har de siste par \u00e5rene f\u00f8rst og fremst v\u00e6rt knyttet til Bukkene Bruse, folkemusikktrioen som i kraft av \u00e5 v\u00e6re OL-musikere satte norsk kultur og musikk p\u00e5 kartet.<\/p>\n<p><\/p>","protected":false},"excerpt":{"rendered":"<p>Skapt av ekte tradisjoner, f\u00f8rt videre av ekte kj\u00e6rlighet.<\/p>\n","protected":false},"featured_media":26929,"comment_status":"closed","ping_status":"open","template":"","meta":[],"product_brand":[],"product_cat":[6],"product_tag":[],"class_list":{"0":"post-497","1":"product","2":"type-product","3":"status-publish","4":"has-post-thumbnail","6":"product_cat-grappa","7":"product_shipping_class-cddvd-shipping","8":"uni_artist_tag-annbjorg-lien","9":"uni_artist_tag-gjermund-haugen","10":"uni_artist_tag-iver-kleive","11":"uni_artist_tag-jon-rosenlid","12":"uni_artist_tag-roger-tallroth","13":"uni_artist_tag-steinar-ofsdal","14":"uni_artist_tag-torgeir-audgundson","15":"uni_artist_tag-trad","16":"uni_main_artist_tag-annbjorg-lien","17":"uni_artist_genre-folk-music","19":"first","20":"instock","21":"taxable","22":"shipping-taxable","23":"purchasable","24":"product-type-simple"},"_links":{"self":[{"href":"https:\/\/grappa.no\/no\/wp-json\/wp\/v2\/product\/497","targetHints":{"allow":["GET"]}}],"collection":[{"href":"https:\/\/grappa.no\/no\/wp-json\/wp\/v2\/product"}],"about":[{"href":"https:\/\/grappa.no\/no\/wp-json\/wp\/v2\/types\/product"}],"replies":[{"embeddable":true,"href":"https:\/\/grappa.no\/no\/wp-json\/wp\/v2\/comments?post=497"}],"wp:featuredmedia":[{"embeddable":true,"href":"https:\/\/grappa.no\/no\/wp-json\/wp\/v2\/media\/26929"}],"wp:attachment":[{"href":"https:\/\/grappa.no\/no\/wp-json\/wp\/v2\/media?parent=497"}],"wp:term":[{"taxonomy":"product_brand","embeddable":true,"href":"https:\/\/grappa.no\/no\/wp-json\/wp\/v2\/product_brand?post=497"},{"taxonomy":"product_cat","embeddable":true,"href":"https:\/\/grappa.no\/no\/wp-json\/wp\/v2\/product_cat?post=497"},{"taxonomy":"product_tag","embeddable":true,"href":"https:\/\/grappa.no\/no\/wp-json\/wp\/v2\/product_tag?post=497"}],"curies":[{"name":"wp","href":"https:\/\/api.w.org\/{rel}","templated":true}]}}