{"id":496,"date":"1999-08-03T00:00:00","date_gmt":"1999-08-02T23:00:00","guid":{"rendered":"http:\/\/www.grappa.no\/albums\/uncategorized\/det-syng-ballader-pa-vandring\/"},"modified":"2018-10-12T06:38:53","modified_gmt":"2018-10-12T05:38:53","slug":"det-syng-ballader-pa-vandring","status":"publish","type":"product","link":"https:\/\/grappa.no\/no\/albums\/grappa\/det-syng-ballader-pa-vandring\/","title":{"rendered":"Det Syng! Ballader p\u00e5 vandring"},"content":{"rendered":"<p><\/p>\n<p>Tydeliggj\u00f8re og synliggj\u00f8re<\/p>\n<p>Med Det Syng! vil Eli Storbekken, Sinikka Langeland, Halvor H\u00e5kanes, Agnes Buen Garn\u00e5s og Anne Marit Jacobsen v\u00e6re med p\u00e5 \u00e5 vise den frodige variasjonsrikdom som finnes i tradisjonen, og den underlige vandringen dette materialet har v\u00e6rt en del av \u2013 over landegrensene med sine lokale egenarter og flernasjonale inspirasjon. Gjennom alle tider har mennesker forflyttet seg over kontinenter. Denne vandringen viser seg p\u00e5 mange m\u00e5ter, blant annet i spr\u00e5k, klesdrakter og musikktradisjoner. Det musikalske og tekstlige innholdet i de gamle balladene har vandret over store omr\u00e5der og har blitt utformet ulikt p\u00e5 de stedene de har sl\u00e5tt rot.<\/p>\n<p><!--more--><\/p>\n<h4><\/h4>\n<\/p>\n<h4><\/h4>\n<p><h4><\/h4>\n<\/p>\n<p><\/p>","protected":false},"excerpt":{"rendered":"<p>\u00abHandlingens h\u00f8idepunkter side om side, som en blaanende rad av fjelltopper \u2013 alt andet i dis og skodde overladt til den utfyllende fantasi\u00bb Moltke Moe<\/p>\n","protected":false},"featured_media":26944,"comment_status":"closed","ping_status":"open","template":"","meta":[],"product_brand":[],"product_cat":[6],"product_tag":[],"class_list":{"0":"post-496","1":"product","2":"type-product","3":"status-publish","4":"has-post-thumbnail","6":"product_cat-grappa","7":"product_shipping_class-cddvd-shipping","8":"uni_artist_tag-agnes-buen-garnas","9":"uni_artist_tag-anne-marit-jacobsen","10":"uni_artist_tag-eli-storbekken","11":"uni_artist_tag-halvor-hakanes","12":"uni_artist_tag-sinikka-langeland","13":"uni_artist_tag-trad","14":"uni_main_artist_tag-agnes-buen-garnas","15":"uni_artist_genre-folk-music","16":"uni_artist_genre-traditional","18":"first","19":"instock","20":"sale","21":"taxable","22":"shipping-taxable","23":"purchasable","24":"product-type-simple"},"_links":{"self":[{"href":"https:\/\/grappa.no\/no\/wp-json\/wp\/v2\/product\/496","targetHints":{"allow":["GET"]}}],"collection":[{"href":"https:\/\/grappa.no\/no\/wp-json\/wp\/v2\/product"}],"about":[{"href":"https:\/\/grappa.no\/no\/wp-json\/wp\/v2\/types\/product"}],"replies":[{"embeddable":true,"href":"https:\/\/grappa.no\/no\/wp-json\/wp\/v2\/comments?post=496"}],"wp:featuredmedia":[{"embeddable":true,"href":"https:\/\/grappa.no\/no\/wp-json\/wp\/v2\/media\/26944"}],"wp:attachment":[{"href":"https:\/\/grappa.no\/no\/wp-json\/wp\/v2\/media?parent=496"}],"wp:term":[{"taxonomy":"product_brand","embeddable":true,"href":"https:\/\/grappa.no\/no\/wp-json\/wp\/v2\/product_brand?post=496"},{"taxonomy":"product_cat","embeddable":true,"href":"https:\/\/grappa.no\/no\/wp-json\/wp\/v2\/product_cat?post=496"},{"taxonomy":"product_tag","embeddable":true,"href":"https:\/\/grappa.no\/no\/wp-json\/wp\/v2\/product_tag?post=496"}],"curies":[{"name":"wp","href":"https:\/\/api.w.org\/{rel}","templated":true}]}}