{"id":493,"date":"1995-09-18T00:00:00","date_gmt":"1995-09-17T23:00:00","guid":{"rendered":"http:\/\/www.grappa.no\/albums\/uncategorized\/ridin-on-the-blinds\/"},"modified":"2016-11-18T16:21:24","modified_gmt":"2016-11-18T15:21:24","slug":"ridin-on-the-blinds","status":"publish","type":"product","link":"https:\/\/grappa.no\/no\/albums\/grappa\/ridin-on-the-blinds\/","title":{"rendered":"RIDIN&#8217; ON THE BLINDS"},"content":{"rendered":"<p><\/p>\n<p>Et vidunder av en plate<\/p>\n<p>Ridin\u00b4 on the Blinds er Danko\/Fjeld\/Andersens andre utgivelse sammen og albumet fikk raskt klassikerstatus. Supergruppen henter det ypperste fra norsk og amerikansk musikk og sveiser dette sammen til en musikkopplevelse helt utenom det vanlige. Den amerikanske roots-musikken, representert av gjesteartister som Garth Hudson, f\u00e5r selskap av urnorske toner, fremf\u00f8rt av folkemusikere som Hallvard T. Bj\u00f8rgum, Kirsten Br\u00e5ten Berg og Tone Hulb\u00e6mo samt andre norske artister som Knut Reiersrud, Lillebj\u00f8rn Nilsen, Bugge Wesseltoft og Rune Arnesen. L\u00e5tmaterialet er av ypperste kvalitet og det er ingen tvil om at Danko\/Fjeld\/Andersen ikke bare er dyktige musikere, men ogs\u00e5 kompetente l\u00e5tskrivere. Trioen gj\u00f8r dessuten stas p\u00e5 nydelige kjenninger som Robbie Robertsons \u201dTwilight\u201d, Tom Paxtons \u201dBottle of Wine\u201d og Richard Thompsons \u201dDimming Of The Day\u201d. Ridin\u00b4 on the Blinds er et ektef\u00f8lt og nysgjerrig album, fullt av pur spilleglede!<\/p>\n<p><!--more--><\/p>\n<h4><\/h4>\n<\/p>\n<h4><\/h4>\n<p><h4><\/h4>\n<\/p>\n<p><\/p>","protected":false},"excerpt":{"rendered":"<p>Tradisjonstro og nyskapende fra supergruppe.<\/p>\n","protected":false},"featured_media":26927,"comment_status":"closed","ping_status":"open","template":"","meta":[],"product_brand":[],"product_cat":[6],"product_tag":[],"class_list":{"0":"post-493","1":"product","2":"type-product","3":"status-publish","4":"has-post-thumbnail","6":"product_cat-grappa","7":"product_shipping_class-cddvd-shipping","8":"uni_artist_tag-audun-erlien","9":"uni_artist_tag-bent-bredesen","10":"uni_artist_tag-berit-lohne","11":"uni_artist_tag-bugge-wesseltoft","12":"uni_artist_tag-david-olney","13":"uni_artist_tag-ed-kaercher","14":"uni_artist_tag-eric-andersen","15":"uni_artist_tag-frode-larsen","16":"uni_artist_tag-garth-hudson","17":"uni_artist_tag-georgia-slim","18":"uni_artist_tag-gerry-w-hallom","19":"uni_artist_tag-hallvard-t-bjorgum-harding-hank","20":"uni_artist_tag-hilde-kjeldsen","21":"uni_artist_tag-ingar-helgesen","22":"uni_artist_tag-j-robbie-robertson","23":"uni_artist_tag-jim-sherraden","24":"uni_artist_tag-jonas-fjeld","25":"uni_artist_tag-jorun-bogeberg","26":"uni_artist_tag-kirsten-braten-berg","27":"uni_artist_tag-knut-reiersrud","28":"uni_artist_tag-kristin-skaare","29":"uni_artist_tag-lillebjorn-nilsen","30":"uni_artist_tag-liz-tove-vespestad","31":"uni_artist_tag-marian-lisland","32":"uni_artist_tag-marianne-berg","33":"uni_artist_tag-marianne-roise-lyngre","34":"uni_artist_tag-per-oystein-sorensen","35":"uni_artist_tag-richard-thompson","36":"uni_artist_tag-rick-danko","37":"uni_artist_tag-rune-arnesen","38":"uni_artist_tag-tom-paxton","39":"uni_artist_tag-tone-hulbaekmo","40":"uni_artist_tag-ulf-m-ingstad","41":"uni_main_artist_tag-jonas-fjeld","42":"uni_artist_genre-rock","43":"uni_artist_genre-roots","45":"first","46":"instock","47":"taxable","48":"shipping-taxable","49":"purchasable","50":"product-type-simple"},"_links":{"self":[{"href":"https:\/\/grappa.no\/no\/wp-json\/wp\/v2\/product\/493","targetHints":{"allow":["GET"]}}],"collection":[{"href":"https:\/\/grappa.no\/no\/wp-json\/wp\/v2\/product"}],"about":[{"href":"https:\/\/grappa.no\/no\/wp-json\/wp\/v2\/types\/product"}],"replies":[{"embeddable":true,"href":"https:\/\/grappa.no\/no\/wp-json\/wp\/v2\/comments?post=493"}],"wp:featuredmedia":[{"embeddable":true,"href":"https:\/\/grappa.no\/no\/wp-json\/wp\/v2\/media\/26927"}],"wp:attachment":[{"href":"https:\/\/grappa.no\/no\/wp-json\/wp\/v2\/media?parent=493"}],"wp:term":[{"taxonomy":"product_brand","embeddable":true,"href":"https:\/\/grappa.no\/no\/wp-json\/wp\/v2\/product_brand?post=493"},{"taxonomy":"product_cat","embeddable":true,"href":"https:\/\/grappa.no\/no\/wp-json\/wp\/v2\/product_cat?post=493"},{"taxonomy":"product_tag","embeddable":true,"href":"https:\/\/grappa.no\/no\/wp-json\/wp\/v2\/product_tag?post=493"}],"curies":[{"name":"wp","href":"https:\/\/api.w.org\/{rel}","templated":true}]}}