{"id":492,"date":"1989-09-18T00:00:00","date_gmt":"1989-09-17T23:00:00","guid":{"rendered":"http:\/\/www.grappa.no\/albums\/uncategorized\/gitarkameratene\/"},"modified":"2024-01-30T10:22:28","modified_gmt":"2024-01-30T09:22:28","slug":"gitarkameratene","status":"publish","type":"product","link":"https:\/\/grappa.no\/no\/albums\/grappa\/gitarkameratene\/","title":{"rendered":"GITARKAMERATENE"},"content":{"rendered":"<p><\/p>\n<p>Gitarkameratenes platedebut<\/p>\n<p>I 1989 ga kvartetten ut sin f\u00f8rste utgivelse, Gitarkameratene, innspilt live p\u00e5 Dizzie Showteater i Oslo. Albumet ble en kjempesuksess og solgte mer enn 35 000 eksemplarer. \u00c5ret etter videreutviklet de konseptet med ny plate og TV-show, og la ut p\u00e5 en landsomfattende turn\u00e9. L\u00e5tene p\u00e5 albumet tilh\u00f8rer toppsjiktet i artistenes enorme produksjon, deriblant perler som Jan Eggums \u201dEn natt forbi\u201d, Lillebj\u00f8rn Nilsens \u201dTanta til Beate\u201d, Halvdan Sivertsens \u201dSommerfuggel i vinterland\u201d og \u00d8ystein Sundes \u201dVippetangen konditori\u201d. Gitarkameratene gj\u00f8r seg s\u00e6rdeles godt p\u00e5 liveplate. Med improvisasjon og historier blant sangnumrene formidler utgivelsen de fire artistenes scenesjarm og utgj\u00f8r en befriende kontrast til den ferdigprogrammerte musikken som i stor grad regjerte da platen kom ut. Gitarkameratene fornyet interessen for norskspr\u00e5klig visesang og satte startskuddet for en eventyrlig karriere utover 1990-tallet.<\/p>\n<p><!--more--><\/p>\n<h4><\/h4>\n<\/p>\n<h4><\/h4>\n<p><h4><\/h4>\n<\/p>\n<p><\/p>","protected":false},"excerpt":{"rendered":"<p>Pangstart fra hele Norges kamerater!<\/p>\n","protected":false},"featured_media":26909,"comment_status":"closed","ping_status":"closed","template":"","meta":[],"product_brand":[],"product_cat":[6],"product_tag":[],"class_list":{"0":"post-492","1":"product","2":"type-product","3":"status-publish","4":"has-post-thumbnail","6":"product_cat-grappa","7":"product_shipping_class-cddvd-shipping","8":"uni_artist_tag-bill-martin","9":"uni_artist_tag-c-perkins","10":"uni_artist_tag-gitarkameratene","11":"uni_artist_tag-halvdan-sivertsen","12":"uni_artist_tag-jan-eggum","13":"uni_artist_tag-lillebjorn-nilsen","14":"uni_artist_tag-oystein-sunde","15":"uni_artist_tag-rodney-dillard","16":"uni_artist_tag-trad","17":"uni_main_artist_tag-gitarkameratene","18":"uni_artist_genre-norwegian","19":"uni_artist_genre-pop","20":"uni_artist_genre-rock","21":"uni_artist_genre-singersongwriter","23":"first","24":"instock","25":"taxable","26":"shipping-taxable","27":"purchasable","28":"product-type-simple"},"_links":{"self":[{"href":"https:\/\/grappa.no\/no\/wp-json\/wp\/v2\/product\/492","targetHints":{"allow":["GET"]}}],"collection":[{"href":"https:\/\/grappa.no\/no\/wp-json\/wp\/v2\/product"}],"about":[{"href":"https:\/\/grappa.no\/no\/wp-json\/wp\/v2\/types\/product"}],"replies":[{"embeddable":true,"href":"https:\/\/grappa.no\/no\/wp-json\/wp\/v2\/comments?post=492"}],"wp:featuredmedia":[{"embeddable":true,"href":"https:\/\/grappa.no\/no\/wp-json\/wp\/v2\/media\/26909"}],"wp:attachment":[{"href":"https:\/\/grappa.no\/no\/wp-json\/wp\/v2\/media?parent=492"}],"wp:term":[{"taxonomy":"product_brand","embeddable":true,"href":"https:\/\/grappa.no\/no\/wp-json\/wp\/v2\/product_brand?post=492"},{"taxonomy":"product_cat","embeddable":true,"href":"https:\/\/grappa.no\/no\/wp-json\/wp\/v2\/product_cat?post=492"},{"taxonomy":"product_tag","embeddable":true,"href":"https:\/\/grappa.no\/no\/wp-json\/wp\/v2\/product_tag?post=492"}],"curies":[{"name":"wp","href":"https:\/\/api.w.org\/{rel}","templated":true}]}}