{"id":487,"date":"1988-09-19T00:00:00","date_gmt":"1988-09-18T23:00:00","guid":{"rendered":"http:\/\/www.grappa.no\/albums\/uncategorized\/sanger\/"},"modified":"2020-04-13T09:54:10","modified_gmt":"2020-04-13T08:54:10","slug":"sanger","status":"publish","type":"product","link":"https:\/\/grappa.no\/no\/albums\/grappa\/sanger\/","title":{"rendered":"SANGER"},"content":{"rendered":"<p><\/p>\n<p>Lillebj\u00f8rn Nilsens sanger<\/p>\n<p>Sanger regnes som noe av det beste Lillebj\u00f8rn Nilsen har gjort og albumet ble da ogs\u00e5 nominert til Spellemannsprisen. Og det er ingen tvil om at platen er av s\u00e6rdeles h\u00f8y kvalitet: Utgivelsen er preget av sterke tekster og sobre melodier. Nilsens luftige og milde stemme danner en vellykket kontrast til den tyngre og r\u00e5ere instrumentalen. Til tekstene har Nilsen hentet elementer fra sagn og myter, kunst og politikk og gir disse temaene et musikalsk uttrykk som er mer rockete og mindre akustisk enn p\u00e5 mange av hans \u00f8vrige utgivelser. Her finnes kjente l\u00e5ter som \u201dKj\u00e6rlighet og Karlsons lim\u201d, \u201dTroll!\u201d og \u201dHav og himmel\u201d som forteller om Skagensmaleren Peder Severin Kr\u00f8yer. Albumet inneholder ogs\u00e5 \u201dSe deg aldri tilbake\u201d, en melodi som ble skrevet av Lillebj\u00f8rn Nilsen og Arild Andersen for den norske filmen Bl\u00fccher (1988).<\/p>\n<p><!--more--><\/p>\n<h4><\/h4>\n<\/p>\n<h4><\/h4>\n<p><h4><\/h4>\n<\/p>\n<p><\/p>","protected":false},"excerpt":{"rendered":"<p>Blant Lillebj\u00f8rns beste utgivelser!<\/p>\n","protected":false},"featured_media":26903,"comment_status":"closed","ping_status":"open","template":"","meta":[],"product_brand":[],"product_cat":[6],"product_tag":[],"class_list":{"0":"post-487","1":"product","2":"type-product","3":"status-publish","4":"has-post-thumbnail","6":"product_cat-grappa","7":"product_shipping_class-cddvd-shipping","8":"uni_artist_tag-agnes-hoffart","9":"uni_artist_tag-arild-andersen","10":"uni_artist_tag-eivind-aadland","11":"uni_artist_tag-eivind-aarset","12":"uni_artist_tag-frode-alnaes","13":"uni_artist_tag-gunhild-hindar","14":"uni_artist_tag-halvdan-sivertsen","15":"uni_artist_tag-jan-eggum","16":"uni_artist_tag-jan-erik-kongshaug","17":"uni_artist_tag-jens-wendelboe","18":"uni_artist_tag-jon-christensen","19":"uni_artist_tag-lillebjorn-nilsen","20":"uni_artist_tag-ole-henrik-giortz","21":"uni_artist_tag-ole-marius-melhuus","22":"uni_artist_tag-oystein-sunde","23":"uni_artist_tag-shari-gerber-nilsen","24":"uni_artist_tag-steinar-ofsdal","25":"uni_main_artist_tag-lillebjorn-nilsen","26":"uni_artist_genre-pop","27":"uni_artist_genre-rock","28":"uni_artist_genre-singersongwriter","30":"first","31":"instock","32":"taxable","33":"shipping-taxable","34":"purchasable","35":"product-type-simple"},"_links":{"self":[{"href":"https:\/\/grappa.no\/no\/wp-json\/wp\/v2\/product\/487","targetHints":{"allow":["GET"]}}],"collection":[{"href":"https:\/\/grappa.no\/no\/wp-json\/wp\/v2\/product"}],"about":[{"href":"https:\/\/grappa.no\/no\/wp-json\/wp\/v2\/types\/product"}],"replies":[{"embeddable":true,"href":"https:\/\/grappa.no\/no\/wp-json\/wp\/v2\/comments?post=487"}],"wp:featuredmedia":[{"embeddable":true,"href":"https:\/\/grappa.no\/no\/wp-json\/wp\/v2\/media\/26903"}],"wp:attachment":[{"href":"https:\/\/grappa.no\/no\/wp-json\/wp\/v2\/media?parent=487"}],"wp:term":[{"taxonomy":"product_brand","embeddable":true,"href":"https:\/\/grappa.no\/no\/wp-json\/wp\/v2\/product_brand?post=487"},{"taxonomy":"product_cat","embeddable":true,"href":"https:\/\/grappa.no\/no\/wp-json\/wp\/v2\/product_cat?post=487"},{"taxonomy":"product_tag","embeddable":true,"href":"https:\/\/grappa.no\/no\/wp-json\/wp\/v2\/product_tag?post=487"}],"curies":[{"name":"wp","href":"https:\/\/api.w.org\/{rel}","templated":true}]}}