{"id":485,"date":"1999-06-07T00:00:00","date_gmt":"1999-06-06T23:00:00","guid":{"rendered":"http:\/\/www.grappa.no\/albums\/uncategorized\/egentlig-kunstner\/"},"modified":"2018-10-12T06:21:33","modified_gmt":"2018-10-12T05:21:33","slug":"egentlig-kunstner","status":"publish","type":"product","link":"https:\/\/grappa.no\/no\/albums\/grappa\/egentlig-kunstner\/","title":{"rendered":"EGENTLIG KUNSTNER"},"content":{"rendered":"<p><\/p>\n<p>Sterk oppf\u00f8lger fra Huuse<\/p>\n<p>Med lekenhet og variasjon i tekstene serverer Huuse nok en gang fengende og sjarmerende l\u00e5ter, denne gang med god arrang\u00f8r- og produksjonshjelp fra Lars Martin Myhre. Huuses evne til \u00e5 formidle presise situasjons- og personbeskrivelser gj\u00f8r at tekstene blir sv\u00e6rt humoristiske, og ikke minst gjenkjennelige. I visesjangeren er tekstene i fokus, men med sin andre plateutgivelse videreutviklet Huuse ogs\u00e5 sitt talent som komponist. De friske og stilsikre melodiene er som skreddersydd for de kraftfulle og spontane tekstene og gj\u00f8r Endelig kunstner til en sterk oppf\u00f8lger til debutalbumet De som kan noe annet.<\/p>\n<p><!--more--><\/p>\n<p>\u2013 Jeg er kommet for \u00e5 bli, sier Kaia Huuse. \u2013 Dere m\u00e5 bare regne med meg!<\/p>\n<h4>Musikalsk bakgrunn<\/h4>\n<p>Fra hun var seks har hun \u00f8nsket \u00e5 bli artist. Hun har spilt piano, v\u00e6rt med i amat\u00f8rteater, deltatt i lokale revyer og musicals. Hun finansierte i sin tid egen kassettutgivelse og har v\u00e6rt med i den lokale russerevyen. Senere ble det Which Witch-turn\u00e9 og ett \u00e5r p\u00e5 Toneheim folkeh\u00f8gskole f\u00f8r hun flyttet til Oslo. I Oslo begynte hun \u00e5 skrive egne tekster og melodier, og kom i kontakt med visemilj\u00f8et rundt Josefine Viseklubb. P\u00e5 debutkonserten var NRK P2 tilstede. De sendte konserten p\u00e5 radio, Huuse sendte opptaket til Jan Eggum og s\u00e5 kom debut-CDen De som kan noe annet. Den fikk hun Josefines Visepris for i 1998.<\/p>\n<h4>Huuse er kommet for \u00e5 bli!<\/h4>\n<p>Tonen i l\u00e5tene p\u00e5 Egentlig kunstner er ofte bitende og ironiske, slik som i &quot;Ekskoner&quot; og &quot;Journalisten&quot; der sistnevnte var en spiss kommentar til alt medieoppstyret rundt debutplaten. Huuses evne til \u00e5 formidle presise situasjons- og personbeskrivelser gj\u00f8r at disse tekstene blir b\u00e5de humoristiske og gjenkjennelige. Men her finner vi ogs\u00e5 mer varsomme og alvorlige l\u00e5ter, slik som &quot;Hva den andre vil&quot; og &quot;Tiden&quot;. Noe av det som kjennetegner Huuses talent er nettopp det at hun blander det lekne og seri\u00f8se i nyskapende tekster som vekker ettertanke. Den nydelige l\u00e5ten \u201dHva med kj\u00e6rlighet\u201d er et godt eksempel p\u00e5 hennes unike blikk som favner om b\u00e5de sm\u00e5 hverdagslige detaljer og store perspektiver.<\/p>\n<h4><\/h4>\n<\/p>\n<p><\/p>","protected":false},"excerpt":{"rendered":"<p>Huuse er en modig l\u00e5tskriver med mye p\u00e5 hjertet.<\/p>\n","protected":false},"featured_media":26965,"comment_status":"closed","ping_status":"open","template":"","meta":[],"product_brand":[],"product_cat":[6],"product_tag":[],"class_list":{"0":"post-485","1":"product","2":"type-product","3":"status-publish","4":"has-post-thumbnail","6":"product_cat-grappa","7":"product_shipping_class-cddvd-shipping","8":"uni_artist_tag-alfred-janson","9":"uni_artist_tag-havard-caspersen","10":"uni_artist_tag-jon-rosslund","11":"uni_artist_tag-kaia-huuse","12":"uni_artist_tag-lars-martin-myhre","13":"uni_artist_tag-olaf-kamfjord","14":"uni_artist_tag-oystein-trollsas","15":"uni_artist_tag-thomas-eriksen","16":"uni_main_artist_tag-kaia-huuse","17":"uni_artist_genre-norwegian","18":"uni_artist_genre-singersongwriter","19":"uni_artist_genre-young-norwegian","21":"first","22":"instock","23":"sale","24":"taxable","25":"shipping-taxable","26":"purchasable","27":"product-type-simple"},"_links":{"self":[{"href":"https:\/\/grappa.no\/no\/wp-json\/wp\/v2\/product\/485","targetHints":{"allow":["GET"]}}],"collection":[{"href":"https:\/\/grappa.no\/no\/wp-json\/wp\/v2\/product"}],"about":[{"href":"https:\/\/grappa.no\/no\/wp-json\/wp\/v2\/types\/product"}],"replies":[{"embeddable":true,"href":"https:\/\/grappa.no\/no\/wp-json\/wp\/v2\/comments?post=485"}],"wp:featuredmedia":[{"embeddable":true,"href":"https:\/\/grappa.no\/no\/wp-json\/wp\/v2\/media\/26965"}],"wp:attachment":[{"href":"https:\/\/grappa.no\/no\/wp-json\/wp\/v2\/media?parent=485"}],"wp:term":[{"taxonomy":"product_brand","embeddable":true,"href":"https:\/\/grappa.no\/no\/wp-json\/wp\/v2\/product_brand?post=485"},{"taxonomy":"product_cat","embeddable":true,"href":"https:\/\/grappa.no\/no\/wp-json\/wp\/v2\/product_cat?post=485"},{"taxonomy":"product_tag","embeddable":true,"href":"https:\/\/grappa.no\/no\/wp-json\/wp\/v2\/product_tag?post=485"}],"curies":[{"name":"wp","href":"https:\/\/api.w.org\/{rel}","templated":true}]}}